{"id":1221,"date":"2021-01-15T10:54:41","date_gmt":"2021-01-15T10:54:41","guid":{"rendered":"http:\/\/bearvvis.com\/?page_id=1221"},"modified":"2025-04-14T15:33:41","modified_gmt":"2025-04-14T15:33:41","slug":"bearvvis-hurmaava-hunajatassu-mokka","status":"publish","type":"page","link":"https:\/\/bearvvis.com\/?page_id=1221","title":{"rendered":"Bearvvis Hurmaava Hunajatassu &#8221;Mokka&#8221;"},"content":{"rendered":"<div id=\"attachment_1563\" style=\"width: 310px\" class=\"wp-caption alignnone\"><a href=\"https:\/\/bearvvis.com\/wp-content\/uploads\/2022\/05\/Mokka-touko-scaled.jpg\"><img loading=\"lazy\" decoding=\"async\" aria-describedby=\"caption-attachment-1563\" class=\"wp-image-1563 size-medium\" src=\"https:\/\/bearvvis.com\/wp-content\/uploads\/2022\/05\/Mokka-touko-300x215.jpg\" alt=\"\" width=\"300\" height=\"215\" srcset=\"https:\/\/bearvvis.com\/wp-content\/uploads\/2022\/05\/Mokka-touko-300x215.jpg 300w, https:\/\/bearvvis.com\/wp-content\/uploads\/2022\/05\/Mokka-touko-1024x733.jpg 1024w, https:\/\/bearvvis.com\/wp-content\/uploads\/2022\/05\/Mokka-touko-768x550.jpg 768w, https:\/\/bearvvis.com\/wp-content\/uploads\/2022\/05\/Mokka-touko-1536x1100.jpg 1536w, https:\/\/bearvvis.com\/wp-content\/uploads\/2022\/05\/Mokka-touko-2048x1467.jpg 2048w\" sizes=\"auto, (max-width: 300px) 100vw, 300px\" \/><\/a><p id=\"caption-attachment-1563\" class=\"wp-caption-text\">Mokka 1,5 vuotta<\/p><\/div>\n<p>&nbsp;<\/p>\n<div id=\"attachment_1618\" style=\"width: 310px\" class=\"wp-caption alignnone\"><a href=\"https:\/\/bearvvis.com\/wp-content\/uploads\/2022\/09\/IMG_8943-scaled.jpg\"><img loading=\"lazy\" decoding=\"async\" aria-describedby=\"caption-attachment-1618\" class=\"wp-image-1618 size-medium\" src=\"https:\/\/bearvvis.com\/wp-content\/uploads\/2022\/09\/IMG_8943-300x200.jpg\" alt=\"\" width=\"300\" height=\"200\" srcset=\"https:\/\/bearvvis.com\/wp-content\/uploads\/2022\/09\/IMG_8943-300x200.jpg 300w, https:\/\/bearvvis.com\/wp-content\/uploads\/2022\/09\/IMG_8943-1024x683.jpg 1024w, https:\/\/bearvvis.com\/wp-content\/uploads\/2022\/09\/IMG_8943-768x512.jpg 768w, https:\/\/bearvvis.com\/wp-content\/uploads\/2022\/09\/IMG_8943-1536x1024.jpg 1536w, https:\/\/bearvvis.com\/wp-content\/uploads\/2022\/09\/IMG_8943-2048x1365.jpg 2048w\" sizes=\"auto, (max-width: 300px) 100vw, 300px\" \/><\/a><p id=\"caption-attachment-1618\" class=\"wp-caption-text\">Mokka 21 kk<\/p><\/div>\n<p>Synt. 17.11.2020<\/p>\n<p>Is\u00e4: Infinity Black Anana Amarok<\/p>\n<p>Em\u00e4: Sinilumon Artemiin Sulous<\/p>\n<p>HD:A<\/p>\n<p>ED:0\/0<\/p>\n<p>Silm\u00e4t\/eyes: 3\/2023 OK<\/p>\n<p><a href=\"https:\/\/jalostus.kennelliitto.fi\/frmKoira.aspx?RekNo=FI10081%2F21&amp;R=270\">Sukutaulu<\/a><\/p>\n<p>Mokka on Mayn ensimm\u00e4isest\u00e4 pentueesta kotiin j\u00e4tetty valjakon vahvistus. Ajatus oli saada oma 4 huskyn valjakko.\u00a0 Mokka on luonteeltaan velje\u00e4\u00e4n rauhallisempi ja selv\u00e4sti itsep\u00e4isempi. Mokka on k\u00e4ynyt pari kertaa n\u00e4yttelyss\u00e4, mutta esiintyminen ei ole sen juttu. Valjakossa juoksee niin k\u00e4rjess\u00e4 kuin muillakin paikoilla. Mokka sai ensimm\u00e4iset pentunsa, 5 kpl, syksyll\u00e4 -24. Muita suunnitelmia on mahdolliset k\u00e4ytt\u00f6tulokset vuonna -25.<\/p>\n\n\n<figure class=\"wp-block-gallery has-nested-images columns-default is-cropped wp-block-gallery-1 is-layout-flex wp-block-gallery-is-layout-flex\">\n<figure class=\"wp-block-image size-large\"><a href=\"https:\/\/bearvvis.com\/wp-content\/uploads\/2022\/05\/Mokka-naama-touko-scaled.jpg\"><img loading=\"lazy\" decoding=\"async\" width=\"566\" height=\"1024\" data-id=\"1565\" src=\"https:\/\/bearvvis.com\/wp-content\/uploads\/2022\/05\/Mokka-naama-touko-566x1024.jpg\" alt=\"\" class=\"wp-image-1565\" srcset=\"https:\/\/bearvvis.com\/wp-content\/uploads\/2022\/05\/Mokka-naama-touko-566x1024.jpg 566w, https:\/\/bearvvis.com\/wp-content\/uploads\/2022\/05\/Mokka-naama-touko-166x300.jpg 166w, https:\/\/bearvvis.com\/wp-content\/uploads\/2022\/05\/Mokka-naama-touko-768x1390.jpg 768w, https:\/\/bearvvis.com\/wp-content\/uploads\/2022\/05\/Mokka-naama-touko-849x1536.jpg 849w, https:\/\/bearvvis.com\/wp-content\/uploads\/2022\/05\/Mokka-naama-touko-1132x2048.jpg 1132w, https:\/\/bearvvis.com\/wp-content\/uploads\/2022\/05\/Mokka-naama-touko-scaled.jpg 1415w\" sizes=\"auto, (max-width: 566px) 100vw, 566px\" \/><\/a><\/figure>\n\n\n\n<figure class=\"wp-block-image size-large\"><a href=\"https:\/\/bearvvis.com\/wp-content\/uploads\/2022\/05\/Mokka-touko-scaled.jpg\"><img loading=\"lazy\" decoding=\"async\" width=\"1024\" height=\"733\" data-id=\"1563\" src=\"https:\/\/bearvvis.com\/wp-content\/uploads\/2022\/05\/Mokka-touko-1024x733.jpg\" alt=\"\" class=\"wp-image-1563\" srcset=\"https:\/\/bearvvis.com\/wp-content\/uploads\/2022\/05\/Mokka-touko-1024x733.jpg 1024w, https:\/\/bearvvis.com\/wp-content\/uploads\/2022\/05\/Mokka-touko-300x215.jpg 300w, https:\/\/bearvvis.com\/wp-content\/uploads\/2022\/05\/Mokka-touko-768x550.jpg 768w, https:\/\/bearvvis.com\/wp-content\/uploads\/2022\/05\/Mokka-touko-1536x1100.jpg 1536w, https:\/\/bearvvis.com\/wp-content\/uploads\/2022\/05\/Mokka-touko-2048x1467.jpg 2048w\" sizes=\"auto, (max-width: 1024px) 100vw, 1024px\" \/><\/a><\/figure>\n\n\n\n<figure class=\"wp-block-image size-large\"><a href=\"https:\/\/bearvvis.com\/wp-content\/uploads\/2021\/01\/hunis.jpg\"><img loading=\"lazy\" decoding=\"async\" width=\"1024\" height=\"683\" data-id=\"1222\" src=\"https:\/\/bearvvis.com\/wp-content\/uploads\/2021\/01\/hunis-1024x683.jpg\" alt=\"\" class=\"wp-image-1222\" srcset=\"https:\/\/bearvvis.com\/wp-content\/uploads\/2021\/01\/hunis-1024x683.jpg 1024w, https:\/\/bearvvis.com\/wp-content\/uploads\/2021\/01\/hunis-300x200.jpg 300w, https:\/\/bearvvis.com\/wp-content\/uploads\/2021\/01\/hunis-768x512.jpg 768w\" sizes=\"auto, (max-width: 1024px) 100vw, 1024px\" \/><\/a><\/figure>\n\n\n\n<figure class=\"wp-block-image size-large\"><a href=\"https:\/\/bearvvis.com\/wp-content\/uploads\/2021\/03\/IMG_2983-2.jpg\"><img loading=\"lazy\" decoding=\"async\" width=\"838\" height=\"1024\" data-id=\"1272\" src=\"https:\/\/bearvvis.com\/wp-content\/uploads\/2021\/03\/IMG_2983-2-838x1024.jpg\" alt=\"\" class=\"wp-image-1272\" srcset=\"https:\/\/bearvvis.com\/wp-content\/uploads\/2021\/03\/IMG_2983-2-838x1024.jpg 838w, https:\/\/bearvvis.com\/wp-content\/uploads\/2021\/03\/IMG_2983-2-246x300.jpg 246w, https:\/\/bearvvis.com\/wp-content\/uploads\/2021\/03\/IMG_2983-2-768x938.jpg 768w\" sizes=\"auto, (max-width: 838px) 100vw, 838px\" \/><\/a><\/figure>\n\n\n\n<figure class=\"wp-block-image size-large\"><a href=\"https:\/\/bearvvis.com\/wp-content\/uploads\/2021\/01\/sisaret.jpg\"><img loading=\"lazy\" decoding=\"async\" width=\"1024\" height=\"683\" data-id=\"1226\" src=\"https:\/\/bearvvis.com\/wp-content\/uploads\/2021\/01\/sisaret-1024x683.jpg\" alt=\"\" class=\"wp-image-1226\" srcset=\"https:\/\/bearvvis.com\/wp-content\/uploads\/2021\/01\/sisaret-1024x683.jpg 1024w, https:\/\/bearvvis.com\/wp-content\/uploads\/2021\/01\/sisaret-300x200.jpg 300w, https:\/\/bearvvis.com\/wp-content\/uploads\/2021\/01\/sisaret-768x512.jpg 768w\" sizes=\"auto, (max-width: 1024px) 100vw, 1024px\" \/><\/a><\/figure>\n\n\n\n<figure class=\"wp-block-image size-large\"><a href=\"https:\/\/bearvvis.com\/wp-content\/uploads\/2021\/03\/IMG_2755.jpg\"><img loading=\"lazy\" decoding=\"async\" width=\"1024\" height=\"838\" data-id=\"1267\" src=\"https:\/\/bearvvis.com\/wp-content\/uploads\/2021\/03\/IMG_2755-1024x838.jpg\" alt=\"\" class=\"wp-image-1267\" srcset=\"https:\/\/bearvvis.com\/wp-content\/uploads\/2021\/03\/IMG_2755-1024x838.jpg 1024w, https:\/\/bearvvis.com\/wp-content\/uploads\/2021\/03\/IMG_2755-300x246.jpg 300w, https:\/\/bearvvis.com\/wp-content\/uploads\/2021\/03\/IMG_2755-768x629.jpg 768w\" sizes=\"auto, (max-width: 1024px) 100vw, 1024px\" \/><\/a><\/figure>\n\n\n\n<figure class=\"wp-block-image size-large\"><a href=\"https:\/\/bearvvis.com\/wp-content\/uploads\/2021\/03\/IMG_2800.jpg\"><img loading=\"lazy\" decoding=\"async\" width=\"842\" height=\"1024\" data-id=\"1268\" src=\"https:\/\/bearvvis.com\/wp-content\/uploads\/2021\/03\/IMG_2800-842x1024.jpg\" alt=\"\" class=\"wp-image-1268\" srcset=\"https:\/\/bearvvis.com\/wp-content\/uploads\/2021\/03\/IMG_2800-842x1024.jpg 842w, https:\/\/bearvvis.com\/wp-content\/uploads\/2021\/03\/IMG_2800-247x300.jpg 247w, https:\/\/bearvvis.com\/wp-content\/uploads\/2021\/03\/IMG_2800-768x934.jpg 768w, https:\/\/bearvvis.com\/wp-content\/uploads\/2021\/03\/IMG_2800.jpg 2035w\" sizes=\"auto, (max-width: 842px) 100vw, 842px\" \/><\/a><\/figure>\n\n\n\n<figure class=\"wp-block-image size-large\"><a href=\"https:\/\/bearvvis.com\/wp-content\/uploads\/2021\/03\/IMG_2826.jpg\"><img loading=\"lazy\" decoding=\"async\" width=\"842\" height=\"1024\" data-id=\"1269\" src=\"https:\/\/bearvvis.com\/wp-content\/uploads\/2021\/03\/IMG_2826-842x1024.jpg\" alt=\"\" class=\"wp-image-1269\" srcset=\"https:\/\/bearvvis.com\/wp-content\/uploads\/2021\/03\/IMG_2826-842x1024.jpg 842w, https:\/\/bearvvis.com\/wp-content\/uploads\/2021\/03\/IMG_2826-247x300.jpg 247w, https:\/\/bearvvis.com\/wp-content\/uploads\/2021\/03\/IMG_2826-768x934.jpg 768w\" sizes=\"auto, (max-width: 842px) 100vw, 842px\" \/><\/a><\/figure>\n<\/figure>\n","protected":false},"excerpt":{"rendered":"<p>&nbsp; Synt. 17.11.2020 Is\u00e4: Infinity Black Anana Amarok Em\u00e4: Sinilumon Artemiin Sulous HD:A ED:0\/0 Silm\u00e4t\/eyes: 3\/2023 OK Sukutaulu Mokka on Mayn ensimm\u00e4isest\u00e4 pentueesta kotiin j\u00e4tetty valjakon vahvistus. Ajatus oli saada oma 4 huskyn valjakko.\u00a0 Mokka on luonteeltaan velje\u00e4\u00e4n rauhallisempi ja selv\u00e4sti itsep\u00e4isempi. Mokka on k\u00e4ynyt pari kertaa n\u00e4yttelyss\u00e4, mutta esiintyminen ei ole sen juttu. Valjakossa [&hellip;]<\/p>\n","protected":false},"author":1,"featured_media":0,"parent":1232,"menu_order":2,"comment_status":"closed","ping_status":"closed","template":"","meta":{"footnotes":""},"class_list":["post-1221","page","type-page","status-publish","hentry"],"_links":{"self":[{"href":"https:\/\/bearvvis.com\/index.php?rest_route=\/wp\/v2\/pages\/1221","targetHints":{"allow":["GET"]}}],"collection":[{"href":"https:\/\/bearvvis.com\/index.php?rest_route=\/wp\/v2\/pages"}],"about":[{"href":"https:\/\/bearvvis.com\/index.php?rest_route=\/wp\/v2\/types\/page"}],"author":[{"embeddable":true,"href":"https:\/\/bearvvis.com\/index.php?rest_route=\/wp\/v2\/users\/1"}],"replies":[{"embeddable":true,"href":"https:\/\/bearvvis.com\/index.php?rest_route=%2Fwp%2Fv2%2Fcomments&post=1221"}],"version-history":[{"count":13,"href":"https:\/\/bearvvis.com\/index.php?rest_route=\/wp\/v2\/pages\/1221\/revisions"}],"predecessor-version":[{"id":2268,"href":"https:\/\/bearvvis.com\/index.php?rest_route=\/wp\/v2\/pages\/1221\/revisions\/2268"}],"up":[{"embeddable":true,"href":"https:\/\/bearvvis.com\/index.php?rest_route=\/wp\/v2\/pages\/1232"}],"wp:attachment":[{"href":"https:\/\/bearvvis.com\/index.php?rest_route=%2Fwp%2Fv2%2Fmedia&parent=1221"}],"curies":[{"name":"wp","href":"https:\/\/api.w.org\/{rel}","templated":true}]}}