{"id":1224,"date":"2021-01-15T11:03:20","date_gmt":"2021-01-15T11:03:20","guid":{"rendered":"http:\/\/bearvvis.com\/?page_id=1224"},"modified":"2025-06-18T04:24:40","modified_gmt":"2025-06-18T04:24:40","slug":"bearvvis-hurmaava-huiskaus","status":"publish","type":"page","link":"https:\/\/bearvvis.com\/?page_id=1224","title":{"rendered":"Bearvvis Hurmaava Huiskaus &#8221;Huiske&#8221;"},"content":{"rendered":"<div id=\"attachment_1266\" style=\"width: 310px\" class=\"wp-caption alignnone\"><a href=\"https:\/\/bearvvis.com\/wp-content\/uploads\/2021\/03\/IMG_2661.jpg\"><img loading=\"lazy\" decoding=\"async\" aria-describedby=\"caption-attachment-1266\" class=\"wp-image-1266 size-medium\" src=\"https:\/\/bearvvis.com\/wp-content\/uploads\/2021\/03\/IMG_2661-300x252.jpg\" alt=\"\" width=\"300\" height=\"252\" srcset=\"https:\/\/bearvvis.com\/wp-content\/uploads\/2021\/03\/IMG_2661-300x252.jpg 300w, https:\/\/bearvvis.com\/wp-content\/uploads\/2021\/03\/IMG_2661-768x645.jpg 768w, https:\/\/bearvvis.com\/wp-content\/uploads\/2021\/03\/IMG_2661-1024x860.jpg 1024w\" sizes=\"auto, (max-width: 300px) 100vw, 300px\" \/><\/a><p id=\"caption-attachment-1266\" class=\"wp-caption-text\">Huiske 15 viikkoa\/weeks<\/p><\/div>\n<p>Synt.17.11.2020<\/p>\n<p>Is\u00e4: Infinity Black Anana Amarok<\/p>\n<p>Em\u00e4: Sinilumon Artemiin Sulous<\/p>\n<p>HD: B\/B<\/p>\n<p>ED:0\/0<\/p>\n<p>LTV:1<\/p>\n<p>SP:0<\/p>\n<p>VA:0<\/p>\n<p>Silm\u00e4t\/eyes: 2\/2024 Ok<\/p>\n<p><a href=\"https:\/\/jalostus.kennelliitto.fi\/frmKoira.aspx?RekNo=FI10079%2F21&amp;R=270\">Sukutaulu<\/a><\/p>\n<p>Huiskeen oli alussa tarkoitus l\u00e4hte\u00e4 uuteen kotiin, mutta vastaan ei sopivassa ajassa tullut Huiskeelle sopivaa kotia, joten p\u00e4\u00e4timme vahvistaa meid\u00e4n valjakkoa silloin toisella husky-uroksella.<\/p>\n<p>Huiske on luonteeltaan vilkas, seurallinen ja utelias. Aina valmis toimintaan ja etenkin juoksemaan. Huiske on k\u00e4ynyt joissakin n\u00e4yttelyiss\u00e4, mutta n\u00e4yttelyt eiv\u00e4t ole Huiskeen juttu. Hieman tilanneujo poika ei anna parastaan keh\u00e4ss\u00e4, mutta valjakkohommissa on voimakas ja nopea vetokoira, ja nauttii suuresti valjakkohommista.<\/p>\n<p>Huiskeella on pari pentuetta, joista j\u00e4lkimm\u00e4isesti kotiin j\u00e4tettiin oma poika jatkamaan valjakkohommia Huiskeen rinnalla.<\/p>\n\n\n<figure class=\"wp-block-gallery has-nested-images columns-default is-cropped wp-block-gallery-1 is-layout-flex wp-block-gallery-is-layout-flex\">\n<figure class=\"wp-block-image size-large\"><a href=\"https:\/\/bearvvis.com\/wp-content\/uploads\/2022\/05\/huiskenaama-scaled.jpg\"><img loading=\"lazy\" decoding=\"async\" width=\"683\" height=\"1024\" data-id=\"1571\" src=\"https:\/\/bearvvis.com\/wp-content\/uploads\/2022\/05\/huiskenaama-683x1024.jpg\" alt=\"\" class=\"wp-image-1571\" srcset=\"https:\/\/bearvvis.com\/wp-content\/uploads\/2022\/05\/huiskenaama-683x1024.jpg 683w, https:\/\/bearvvis.com\/wp-content\/uploads\/2022\/05\/huiskenaama-200x300.jpg 200w, https:\/\/bearvvis.com\/wp-content\/uploads\/2022\/05\/huiskenaama-768x1152.jpg 768w, https:\/\/bearvvis.com\/wp-content\/uploads\/2022\/05\/huiskenaama-1024x1536.jpg 1024w, https:\/\/bearvvis.com\/wp-content\/uploads\/2022\/05\/huiskenaama-1365x2048.jpg 1365w, https:\/\/bearvvis.com\/wp-content\/uploads\/2022\/05\/huiskenaama-scaled.jpg 1707w\" sizes=\"auto, (max-width: 683px) 100vw, 683px\" \/><\/a><\/figure>\n\n\n\n<figure class=\"wp-block-image size-large\"><a href=\"https:\/\/bearvvis.com\/wp-content\/uploads\/2022\/05\/huiskeilme-scaled.jpg\"><img loading=\"lazy\" decoding=\"async\" width=\"589\" height=\"1024\" data-id=\"1570\" src=\"https:\/\/bearvvis.com\/wp-content\/uploads\/2022\/05\/huiskeilme-589x1024.jpg\" alt=\"\" class=\"wp-image-1570\" srcset=\"https:\/\/bearvvis.com\/wp-content\/uploads\/2022\/05\/huiskeilme-589x1024.jpg 589w, https:\/\/bearvvis.com\/wp-content\/uploads\/2022\/05\/huiskeilme-173x300.jpg 173w, https:\/\/bearvvis.com\/wp-content\/uploads\/2022\/05\/huiskeilme-768x1335.jpg 768w, https:\/\/bearvvis.com\/wp-content\/uploads\/2022\/05\/huiskeilme-883x1536.jpg 883w, https:\/\/bearvvis.com\/wp-content\/uploads\/2022\/05\/huiskeilme-1178x2048.jpg 1178w, https:\/\/bearvvis.com\/wp-content\/uploads\/2022\/05\/huiskeilme-scaled.jpg 1472w\" sizes=\"auto, (max-width: 589px) 100vw, 589px\" \/><\/a><figcaption class=\"wp-element-caption\">Huiske talvi 2022<\/figcaption><\/figure>\n\n\n\n<figure class=\"wp-block-image size-large\"><a href=\"https:\/\/bearvvis.com\/wp-content\/uploads\/2022\/05\/huiske-scaled.jpg\"><img loading=\"lazy\" decoding=\"async\" width=\"1024\" height=\"938\" data-id=\"1569\" src=\"https:\/\/bearvvis.com\/wp-content\/uploads\/2022\/05\/huiske-1024x938.jpg\" alt=\"\" class=\"wp-image-1569\" srcset=\"https:\/\/bearvvis.com\/wp-content\/uploads\/2022\/05\/huiske-1024x938.jpg 1024w, https:\/\/bearvvis.com\/wp-content\/uploads\/2022\/05\/huiske-300x275.jpg 300w, https:\/\/bearvvis.com\/wp-content\/uploads\/2022\/05\/huiske-768x703.jpg 768w, https:\/\/bearvvis.com\/wp-content\/uploads\/2022\/05\/huiske-1536x1407.jpg 1536w, https:\/\/bearvvis.com\/wp-content\/uploads\/2022\/05\/huiske-2048x1876.jpg 2048w\" sizes=\"auto, (max-width: 1024px) 100vw, 1024px\" \/><\/a><figcaption class=\"wp-element-caption\">Huiske talvi 2022<\/figcaption><\/figure>\n\n\n\n<figure class=\"wp-block-image size-large\"><a href=\"https:\/\/bearvvis.com\/wp-content\/uploads\/2021\/03\/IMG_2915.jpg\"><img loading=\"lazy\" decoding=\"async\" width=\"1024\" height=\"683\" data-id=\"1270\" src=\"https:\/\/bearvvis.com\/wp-content\/uploads\/2021\/03\/IMG_2915-1024x683.jpg\" alt=\"\" class=\"wp-image-1270\" srcset=\"https:\/\/bearvvis.com\/wp-content\/uploads\/2021\/03\/IMG_2915-1024x683.jpg 1024w, https:\/\/bearvvis.com\/wp-content\/uploads\/2021\/03\/IMG_2915-300x200.jpg 300w, https:\/\/bearvvis.com\/wp-content\/uploads\/2021\/03\/IMG_2915-768x512.jpg 768w\" sizes=\"auto, (max-width: 1024px) 100vw, 1024px\" \/><\/a><\/figure>\n\n\n\n<figure class=\"wp-block-image size-large\"><a href=\"https:\/\/bearvvis.com\/wp-content\/uploads\/2021\/03\/IMG_2926-2.jpg\"><img loading=\"lazy\" decoding=\"async\" width=\"1024\" height=\"656\" data-id=\"1271\" src=\"https:\/\/bearvvis.com\/wp-content\/uploads\/2021\/03\/IMG_2926-2-1024x656.jpg\" alt=\"\" class=\"wp-image-1271\" srcset=\"https:\/\/bearvvis.com\/wp-content\/uploads\/2021\/03\/IMG_2926-2-1024x656.jpg 1024w, https:\/\/bearvvis.com\/wp-content\/uploads\/2021\/03\/IMG_2926-2-300x192.jpg 300w, https:\/\/bearvvis.com\/wp-content\/uploads\/2021\/03\/IMG_2926-2-768x492.jpg 768w\" sizes=\"auto, (max-width: 1024px) 100vw, 1024px\" \/><\/a><\/figure>\n\n\n\n<figure class=\"wp-block-image size-large\"><a href=\"https:\/\/bearvvis.com\/wp-content\/uploads\/2021\/01\/Hutski-6-vkoa.jpg\"><img loading=\"lazy\" decoding=\"async\" width=\"936\" height=\"1024\" data-id=\"1225\" src=\"https:\/\/bearvvis.com\/wp-content\/uploads\/2021\/01\/Hutski-6-vkoa-936x1024.jpg\" alt=\"\" class=\"wp-image-1225\" srcset=\"https:\/\/bearvvis.com\/wp-content\/uploads\/2021\/01\/Hutski-6-vkoa-936x1024.jpg 936w, https:\/\/bearvvis.com\/wp-content\/uploads\/2021\/01\/Hutski-6-vkoa-274x300.jpg 274w, https:\/\/bearvvis.com\/wp-content\/uploads\/2021\/01\/Hutski-6-vkoa-768x840.jpg 768w\" sizes=\"auto, (max-width: 936px) 100vw, 936px\" \/><\/a><\/figure>\n\n\n\n<figure class=\"wp-block-image size-large\"><a href=\"https:\/\/bearvvis.com\/wp-content\/uploads\/2021\/01\/sisaret.jpg\"><img loading=\"lazy\" decoding=\"async\" width=\"1024\" height=\"683\" data-id=\"1226\" src=\"https:\/\/bearvvis.com\/wp-content\/uploads\/2021\/01\/sisaret-1024x683.jpg\" alt=\"\" class=\"wp-image-1226\" srcset=\"https:\/\/bearvvis.com\/wp-content\/uploads\/2021\/01\/sisaret-1024x683.jpg 1024w, https:\/\/bearvvis.com\/wp-content\/uploads\/2021\/01\/sisaret-300x200.jpg 300w, https:\/\/bearvvis.com\/wp-content\/uploads\/2021\/01\/sisaret-768x512.jpg 768w\" sizes=\"auto, (max-width: 1024px) 100vw, 1024px\" \/><\/a><\/figure>\n\n\n\n<figure class=\"wp-block-image size-large\"><a href=\"https:\/\/bearvvis.com\/wp-content\/uploads\/2021\/03\/IMG_2661.jpg\"><img loading=\"lazy\" decoding=\"async\" width=\"1024\" height=\"860\" data-id=\"1266\" src=\"https:\/\/bearvvis.com\/wp-content\/uploads\/2021\/03\/IMG_2661-1024x860.jpg\" alt=\"\" class=\"wp-image-1266\" srcset=\"https:\/\/bearvvis.com\/wp-content\/uploads\/2021\/03\/IMG_2661-1024x860.jpg 1024w, https:\/\/bearvvis.com\/wp-content\/uploads\/2021\/03\/IMG_2661-300x252.jpg 300w, https:\/\/bearvvis.com\/wp-content\/uploads\/2021\/03\/IMG_2661-768x645.jpg 768w\" sizes=\"auto, (max-width: 1024px) 100vw, 1024px\" \/><\/a><\/figure>\n<\/figure>\n","protected":false},"excerpt":{"rendered":"<p>Synt.17.11.2020 Is\u00e4: Infinity Black Anana Amarok Em\u00e4: Sinilumon Artemiin Sulous HD: B\/B ED:0\/0 LTV:1 SP:0 VA:0 Silm\u00e4t\/eyes: 2\/2024 Ok Sukutaulu Huiskeen oli alussa tarkoitus l\u00e4hte\u00e4 uuteen kotiin, mutta vastaan ei sopivassa ajassa tullut Huiskeelle sopivaa kotia, joten p\u00e4\u00e4timme vahvistaa meid\u00e4n valjakkoa silloin toisella husky-uroksella. Huiske on luonteeltaan vilkas, seurallinen ja utelias. Aina valmis toimintaan ja [&hellip;]<\/p>\n","protected":false},"author":1,"featured_media":0,"parent":1230,"menu_order":2,"comment_status":"closed","ping_status":"closed","template":"","meta":{"footnotes":""},"class_list":["post-1224","page","type-page","status-publish","hentry"],"_links":{"self":[{"href":"https:\/\/bearvvis.com\/index.php?rest_route=\/wp\/v2\/pages\/1224","targetHints":{"allow":["GET"]}}],"collection":[{"href":"https:\/\/bearvvis.com\/index.php?rest_route=\/wp\/v2\/pages"}],"about":[{"href":"https:\/\/bearvvis.com\/index.php?rest_route=\/wp\/v2\/types\/page"}],"author":[{"embeddable":true,"href":"https:\/\/bearvvis.com\/index.php?rest_route=\/wp\/v2\/users\/1"}],"replies":[{"embeddable":true,"href":"https:\/\/bearvvis.com\/index.php?rest_route=%2Fwp%2Fv2%2Fcomments&post=1224"}],"version-history":[{"count":16,"href":"https:\/\/bearvvis.com\/index.php?rest_route=\/wp\/v2\/pages\/1224\/revisions"}],"predecessor-version":[{"id":2322,"href":"https:\/\/bearvvis.com\/index.php?rest_route=\/wp\/v2\/pages\/1224\/revisions\/2322"}],"up":[{"embeddable":true,"href":"https:\/\/bearvvis.com\/index.php?rest_route=\/wp\/v2\/pages\/1230"}],"wp:attachment":[{"href":"https:\/\/bearvvis.com\/index.php?rest_route=%2Fwp%2Fv2%2Fmedia&parent=1224"}],"curies":[{"name":"wp","href":"https:\/\/api.w.org\/{rel}","templated":true}]}}