{"id":1348,"date":"2021-08-06T11:51:34","date_gmt":"2021-08-06T11:51:34","guid":{"rendered":"http:\/\/bearvvis.com\/?page_id=1348"},"modified":"2025-04-12T16:48:12","modified_gmt":"2025-04-12T16:48:12","slug":"bearvvis-ready-to-suprise-atka","status":"publish","type":"page","link":"https:\/\/bearvvis.com\/?page_id=1348","title":{"rendered":"FI Mva\/ch, Jmva ,EE Jmva Bearvvis Ready To Suprise &#8221;Atka&#8221;"},"content":{"rendered":"\n<figure class=\"wp-block-image size-large is-resized\"><a href=\"https:\/\/bearvvis.com\/wp-content\/uploads\/2022\/01\/atka-naama-scaled.jpg\"><img loading=\"lazy\" decoding=\"async\" src=\"https:\/\/bearvvis.com\/wp-content\/uploads\/2022\/01\/atka-naama-1024x683.jpg\" alt=\"\" class=\"wp-image-1458\" width=\"490\" height=\"326\" srcset=\"https:\/\/bearvvis.com\/wp-content\/uploads\/2022\/01\/atka-naama-1024x683.jpg 1024w, https:\/\/bearvvis.com\/wp-content\/uploads\/2022\/01\/atka-naama-300x200.jpg 300w, https:\/\/bearvvis.com\/wp-content\/uploads\/2022\/01\/atka-naama-768x512.jpg 768w, https:\/\/bearvvis.com\/wp-content\/uploads\/2022\/01\/atka-naama-1536x1024.jpg 1536w, https:\/\/bearvvis.com\/wp-content\/uploads\/2022\/01\/atka-naama-2048x1365.jpg 2048w\" sizes=\"auto, (max-width: 490px) 100vw, 490px\" \/><\/a><figcaption class=\"wp-element-caption\">Atka<\/figcaption><\/figure>\n\n\n\n<figure class=\"wp-block-gallery has-nested-images columns-default is-cropped wp-block-gallery-1 is-layout-flex wp-block-gallery-is-layout-flex\">\n<figure class=\"wp-block-image size-large\"><a href=\"https:\/\/bearvvis.com\/wp-content\/uploads\/2022\/05\/Atka-21.3-scaled.jpg\"><img loading=\"lazy\" decoding=\"async\" width=\"1024\" height=\"683\" data-id=\"1545\" src=\"https:\/\/bearvvis.com\/wp-content\/uploads\/2022\/05\/Atka-21.3-1024x683.jpg\" alt=\"\" class=\"wp-image-1545\" srcset=\"https:\/\/bearvvis.com\/wp-content\/uploads\/2022\/05\/Atka-21.3-1024x683.jpg 1024w, https:\/\/bearvvis.com\/wp-content\/uploads\/2022\/05\/Atka-21.3-300x200.jpg 300w, https:\/\/bearvvis.com\/wp-content\/uploads\/2022\/05\/Atka-21.3-768x512.jpg 768w, https:\/\/bearvvis.com\/wp-content\/uploads\/2022\/05\/Atka-21.3-1536x1024.jpg 1536w, https:\/\/bearvvis.com\/wp-content\/uploads\/2022\/05\/Atka-21.3-2048x1365.jpg 2048w\" sizes=\"auto, (max-width: 1024px) 100vw, 1024px\" \/><\/a><figcaption class=\"wp-element-caption\">Atka huhtikuu 2022<\/figcaption><\/figure>\n\n\n\n<figure class=\"wp-block-image size-large\"><a href=\"https:\/\/bearvvis.com\/wp-content\/uploads\/2022\/05\/IMG_7332-scaled.jpg\"><img loading=\"lazy\" decoding=\"async\" width=\"1024\" height=\"850\" data-id=\"1550\" src=\"https:\/\/bearvvis.com\/wp-content\/uploads\/2022\/05\/IMG_7332-1024x850.jpg\" alt=\"\" class=\"wp-image-1550\" srcset=\"https:\/\/bearvvis.com\/wp-content\/uploads\/2022\/05\/IMG_7332-1024x850.jpg 1024w, https:\/\/bearvvis.com\/wp-content\/uploads\/2022\/05\/IMG_7332-300x249.jpg 300w, https:\/\/bearvvis.com\/wp-content\/uploads\/2022\/05\/IMG_7332-768x638.jpg 768w, https:\/\/bearvvis.com\/wp-content\/uploads\/2022\/05\/IMG_7332-1536x1275.jpg 1536w, https:\/\/bearvvis.com\/wp-content\/uploads\/2022\/05\/IMG_7332-2048x1700.jpg 2048w\" sizes=\"auto, (max-width: 1024px) 100vw, 1024px\" \/><\/a><\/figure>\n<\/figure>\n\n\n\n<p>Synt\/born: 22.3.2021<\/p>\n\n\n\n<p>Is\u00e4\/sire: Bearvvis Alaskan Tundra<\/p>\n\n\n\n<figure class=\"wp-block-image size-large is-resized\"><a href=\"https:\/\/bearvvis.com\/wp-content\/uploads\/2016\/04\/Sumo.jpg\"><img loading=\"lazy\" decoding=\"async\" src=\"https:\/\/bearvvis.com\/wp-content\/uploads\/2016\/04\/Sumo-1024x683.jpg\" alt=\"\" class=\"wp-image-556\" width=\"468\" height=\"311\" srcset=\"https:\/\/bearvvis.com\/wp-content\/uploads\/2016\/04\/Sumo-1024x683.jpg 1024w, https:\/\/bearvvis.com\/wp-content\/uploads\/2016\/04\/Sumo-300x200.jpg 300w, https:\/\/bearvvis.com\/wp-content\/uploads\/2016\/04\/Sumo-768x512.jpg 768w\" sizes=\"auto, (max-width: 468px) 100vw, 468px\" \/><\/a><figcaption class=\"wp-element-caption\">Sumo<\/figcaption><\/figure>\n\n\n\n<p>Em\u00e4\/Dam: Fi Mva\/Ch Bearvvis Aniruk Sinnatuk<\/p>\n\n\n\n<figure class=\"wp-block-image size-large is-resized\"><a href=\"https:\/\/bearvvis.com\/wp-content\/uploads\/2020\/07\/sinna-vuoden-i\u00e4ss\u00e4.jpg\"><img loading=\"lazy\" decoding=\"async\" src=\"https:\/\/bearvvis.com\/wp-content\/uploads\/2020\/07\/sinna-vuoden-i\u00e4ss\u00e4.jpg\" alt=\"\" class=\"wp-image-1121\" width=\"467\" height=\"311\" srcset=\"https:\/\/bearvvis.com\/wp-content\/uploads\/2020\/07\/sinna-vuoden-i\u00e4ss\u00e4.jpg 960w, https:\/\/bearvvis.com\/wp-content\/uploads\/2020\/07\/sinna-vuoden-i\u00e4ss\u00e4-300x200.jpg 300w, https:\/\/bearvvis.com\/wp-content\/uploads\/2020\/07\/sinna-vuoden-i\u00e4ss\u00e4-768x512.jpg 768w\" sizes=\"auto, (max-width: 467px) 100vw, 467px\" \/><\/a><figcaption class=\"wp-element-caption\">Sinna<\/figcaption><\/figure>\n\n\n\n<p>Silm\u00e4t\/eyes: Ok 1\/2023<\/p>\n\n\n\n<p>HD: D\/E<\/p>\n\n\n\n<p>ED:0\/0<\/p>\n\n\n\n<p>PN: Normal ( vanhempien kautta\/clear by parentage)+ MydogDna : normal<\/p>\n\n\n\n<p>LC: Normal (ei kanna pitk\u00e4karvageeni\u00e4) MydogDna<\/p>\n\n\n\n<p><a href=\"https:\/\/jalostus.kennelliitto.fi\/frmKoira.aspx?RekNo=FI24603%2F21&amp;R=243\">Sukutaulu<\/a><\/p>\n\n\n\n<p>Atka on innokas ja aina valmis toimintaan. Atka j\u00e4i siskonsa Lillan kanssa kotiin, lupaavan ulkomuodon, sek\u00e4 vanhenevien uroksien jatkoksi.  Atka on vahva ja luonteeltaan enemm\u00e4n is\u00e4ns\u00e4 kuin \u00e4itins\u00e4. Atkalla on paljon voimaa ja k\u00e4ytt\u00e4\u00e4 sit\u00e4 tehokkaasti vedossa.  Atka saavutti juniori tittelins\u00e4 nopeasti.<\/p>\n\n\n\n<p>Valitettavasti suuri pommi tippui Atkan luustokuvissa, kun lonkista l\u00f6ytyi paha nivelrikko. Mit\u00e4\u00e4n oireita ei ole Atkan kasvu -tai muussakaan vaiheessa n\u00e4kynyt toistaiseksi. Atka on kova hyppim\u00e4\u00e4n, pomppimaan ja vet\u00e4m\u00e4\u00e4n. T\u00e4m\u00e4 on erityinen osoitus siit\u00e4, ett\u00e4 luuston tilanne ei n\u00e4y p\u00e4\u00e4llep\u00e4in nuorella koiralla. Siksi kaikkien tutkiminen on erityisen t\u00e4rke\u00e4\u00e4. Atkan kanssa menn\u00e4\u00e4n nyt p\u00e4iv\u00e4 kerrallaan ja toivotaan , ett\u00e4 oireita ei tule ainakaan pian, ja sit\u00e4 tuetaan hyv\u00e4ll\u00e4 lihaskunnolla.<\/p>\n\n\n\n<p> Atkan ja siskonsa Lillan tuloksien my\u00f6t\u00e4 hautautuu koko Sumo\/ Sinna linja pois jalostuksesta suruksemme. Geenit ei t\u00e4ss\u00e4 yhdistelm\u00e4ss\u00e4 ole olleet suotuisat, riippumatta l\u00e4hisukulaisten tuloksista.<\/p>\n","protected":false},"excerpt":{"rendered":"<p>Synt\/born: 22.3.2021 Is\u00e4\/sire: Bearvvis Alaskan Tundra Em\u00e4\/Dam: Fi Mva\/Ch Bearvvis Aniruk Sinnatuk Silm\u00e4t\/eyes: Ok 1\/2023 HD: D\/E ED:0\/0 PN: Normal ( vanhempien kautta\/clear by parentage)+ MydogDna : normal LC: Normal (ei kanna pitk\u00e4karvageeni\u00e4) MydogDna Sukutaulu Atka on innokas ja aina valmis toimintaan. Atka j\u00e4i siskonsa Lillan kanssa kotiin, lupaavan ulkomuodon, sek\u00e4 vanhenevien uroksien jatkoksi. Atka [&hellip;]<\/p>\n","protected":false},"author":1,"featured_media":0,"parent":16,"menu_order":6,"comment_status":"closed","ping_status":"closed","template":"","meta":{"footnotes":""},"class_list":["post-1348","page","type-page","status-publish","hentry"],"_links":{"self":[{"href":"https:\/\/bearvvis.com\/index.php?rest_route=\/wp\/v2\/pages\/1348","targetHints":{"allow":["GET"]}}],"collection":[{"href":"https:\/\/bearvvis.com\/index.php?rest_route=\/wp\/v2\/pages"}],"about":[{"href":"https:\/\/bearvvis.com\/index.php?rest_route=\/wp\/v2\/types\/page"}],"author":[{"embeddable":true,"href":"https:\/\/bearvvis.com\/index.php?rest_route=\/wp\/v2\/users\/1"}],"replies":[{"embeddable":true,"href":"https:\/\/bearvvis.com\/index.php?rest_route=%2Fwp%2Fv2%2Fcomments&post=1348"}],"version-history":[{"count":11,"href":"https:\/\/bearvvis.com\/index.php?rest_route=\/wp\/v2\/pages\/1348\/revisions"}],"predecessor-version":[{"id":1854,"href":"https:\/\/bearvvis.com\/index.php?rest_route=\/wp\/v2\/pages\/1348\/revisions\/1854"}],"up":[{"embeddable":true,"href":"https:\/\/bearvvis.com\/index.php?rest_route=\/wp\/v2\/pages\/16"}],"wp:attachment":[{"href":"https:\/\/bearvvis.com\/index.php?rest_route=%2Fwp%2Fv2%2Fmedia&parent=1348"}],"curies":[{"name":"wp","href":"https:\/\/api.w.org\/{rel}","templated":true}]}}