{"id":143,"date":"2014-11-11T14:48:07","date_gmt":"2014-11-11T14:48:07","guid":{"rendered":"http:\/\/bearvvis.com\/?page_id=143"},"modified":"2025-05-23T13:31:18","modified_gmt":"2025-05-23T13:31:18","slug":"lapinpeikon-lillerilalleri","status":"publish","type":"page","link":"https:\/\/bearvvis.com\/?page_id=143","title":{"rendered":"R.I.P FI &amp; EE&amp; mva\/ch &amp;FI &amp; EE Vmva Lapinpeikon Lillerilalleri &#8221;Lalli&#8221;"},"content":{"rendered":"<div id=\"attachment_145\" style=\"width: 310px\" class=\"wp-caption alignnone\"><a href=\"https:\/\/bearvvis.com\/wp-content\/uploads\/2014\/11\/silakkam\u00f6k\u00f6-jne-245.jpg\"><img loading=\"lazy\" decoding=\"async\" aria-describedby=\"caption-attachment-145\" class=\"wp-image-145 size-medium\" src=\"https:\/\/bearvvis.com\/wp-content\/uploads\/2014\/11\/silakkam\u00f6k\u00f6-jne-245-300x200.jpg\" alt=\"silakka,m\u00f6k\u00f6 jne 245\" width=\"300\" height=\"200\" srcset=\"https:\/\/bearvvis.com\/wp-content\/uploads\/2014\/11\/silakkam\u00f6k\u00f6-jne-245-300x200.jpg 300w, https:\/\/bearvvis.com\/wp-content\/uploads\/2014\/11\/silakkam\u00f6k\u00f6-jne-245-1024x682.jpg 1024w, https:\/\/bearvvis.com\/wp-content\/uploads\/2014\/11\/silakkam\u00f6k\u00f6-jne-245-624x416.jpg 624w\" sizes=\"auto, (max-width: 300px) 100vw, 300px\" \/><\/a><p id=\"caption-attachment-145\" class=\"wp-caption-text\">Lalli kes\u00e4 2014<\/p><\/div>\n<p>&nbsp;<\/p>\n<p><a href=\"https:\/\/bearvvis.com\/wp-content\/uploads\/2014\/11\/Lillijaklaani-061.jpg\"><img loading=\"lazy\" decoding=\"async\" class=\"alignnone size-medium wp-image-144\" src=\"https:\/\/bearvvis.com\/wp-content\/uploads\/2014\/11\/Lillijaklaani-061-200x300.jpg\" alt=\"Lillijaklaani 061\" width=\"200\" height=\"300\" srcset=\"https:\/\/bearvvis.com\/wp-content\/uploads\/2014\/11\/Lillijaklaani-061-200x300.jpg 200w, https:\/\/bearvvis.com\/wp-content\/uploads\/2014\/11\/Lillijaklaani-061-682x1024.jpg 682w, https:\/\/bearvvis.com\/wp-content\/uploads\/2014\/11\/Lillijaklaani-061-624x936.jpg 624w\" sizes=\"auto, (max-width: 200px) 100vw, 200px\" \/><\/a><\/p>\n<p>Syntyi\/Born 4.12.2010-23.5.2025<\/p>\n<p>Is\u00e4\/sire: Lumikummun Daimon<\/p>\n<p>Em\u00e4\/dam: Lapinpeikon Iki-Ihana-Ipana<\/p>\n<p>Lonkat\/ HD: C\/B\u00a0 Kyyn\u00e4rp\u00e4\u00e4t ED: 0\/0, silm\u00e4t\/eyes terveet\/ clear 2\/2019<\/p>\n<p>Prcd PRA: Normal (vanhempien kautta)<\/p>\n<p>Pompen geenitesti: N\/N normal<\/p>\n<p><a href=\"http:\/\/jalostus.kennelliitto.fi\/frmKoira.aspx?RekNo=FI20471\/11&amp;R=189\">Sukutaulu<\/a><\/p>\n<p>Lalli oli luonteeltaan eritt\u00e4in tasapainoinen, rauhallinen, mutta tarvittaessa vauhdikas. Lalli eli pitk\u00e4n ja terveen el\u00e4m\u00e4n. Lopulta sen vei kasvain kuonon osassa.<\/p>\n<p>Lalli oli nuorempana oikein mainio harrastuskoira, joka rakasti uusien temppujen oppimista. Lalli saavutti Virossa Rakveress\u00e4 (10\/2017) valion arvon, ja my\u00f6hemmin Suomen ja Viron veteraanivalion arvon.<\/p>\n<p>Lallilla on kaksi pentuetta. Ensimm\u00e4inen Ahulin kenneliss\u00e4 (3 pentua) 2015 syntyneess\u00e4 pentueessa ja helmikuussa 2016 syntynyt pentue Lillin kanssa (6 pentua). J\u00e4lkimm\u00e4isest\u00e4 kotiin j\u00e4i poikansa Lassi, joka sekin on jo saavuttanut veteraani-i\u00e4n.<\/p>\n","protected":false},"excerpt":{"rendered":"<p>&nbsp; Syntyi\/Born 4.12.2010-23.5.2025 Is\u00e4\/sire: Lumikummun Daimon Em\u00e4\/dam: Lapinpeikon Iki-Ihana-Ipana Lonkat\/ HD: C\/B\u00a0 Kyyn\u00e4rp\u00e4\u00e4t ED: 0\/0, silm\u00e4t\/eyes terveet\/ clear 2\/2019 Prcd PRA: Normal (vanhempien kautta) Pompen geenitesti: N\/N normal Sukutaulu Lalli oli luonteeltaan eritt\u00e4in tasapainoinen, rauhallinen, mutta tarvittaessa vauhdikas. Lalli eli pitk\u00e4n ja terveen el\u00e4m\u00e4n. Lopulta sen vei kasvain kuonon osassa. Lalli oli nuorempana oikein mainio [&hellip;]<\/p>\n","protected":false},"author":1,"featured_media":0,"parent":552,"menu_order":0,"comment_status":"closed","ping_status":"closed","template":"","meta":{"footnotes":""},"class_list":["post-143","page","type-page","status-publish","hentry"],"_links":{"self":[{"href":"https:\/\/bearvvis.com\/index.php?rest_route=\/wp\/v2\/pages\/143","targetHints":{"allow":["GET"]}}],"collection":[{"href":"https:\/\/bearvvis.com\/index.php?rest_route=\/wp\/v2\/pages"}],"about":[{"href":"https:\/\/bearvvis.com\/index.php?rest_route=\/wp\/v2\/types\/page"}],"author":[{"embeddable":true,"href":"https:\/\/bearvvis.com\/index.php?rest_route=\/wp\/v2\/users\/1"}],"replies":[{"embeddable":true,"href":"https:\/\/bearvvis.com\/index.php?rest_route=%2Fwp%2Fv2%2Fcomments&post=143"}],"version-history":[{"count":21,"href":"https:\/\/bearvvis.com\/index.php?rest_route=\/wp\/v2\/pages\/143\/revisions"}],"predecessor-version":[{"id":2306,"href":"https:\/\/bearvvis.com\/index.php?rest_route=\/wp\/v2\/pages\/143\/revisions\/2306"}],"up":[{"embeddable":true,"href":"https:\/\/bearvvis.com\/index.php?rest_route=\/wp\/v2\/pages\/552"}],"wp:attachment":[{"href":"https:\/\/bearvvis.com\/index.php?rest_route=%2Fwp%2Fv2%2Fmedia&parent=143"}],"curies":[{"name":"wp","href":"https:\/\/api.w.org\/{rel}","templated":true}]}}