{"id":1452,"date":"2022-01-11T13:36:20","date_gmt":"2022-01-11T13:36:20","guid":{"rendered":"http:\/\/bearvvis.com\/?page_id=1452"},"modified":"2026-03-25T04:55:30","modified_gmt":"2026-03-25T04:55:30","slug":"bearvvis-night-thunder-mohko","status":"publish","type":"page","link":"https:\/\/bearvvis.com\/?page_id=1452","title":{"rendered":"R.I.P Fi Mva\/ch FI&amp; EE Jmva Bearvvis Night Thunder &#8221;M\u00f6hk\u00f6&#8221;"},"content":{"rendered":"\n<figure class=\"wp-block-gallery has-nested-images columns-default is-cropped wp-block-gallery-1 is-layout-flex wp-block-gallery-is-layout-flex\">\n<figure class=\"wp-block-image size-large\"><a href=\"https:\/\/bearvvis.com\/wp-content\/uploads\/2022\/02\/naama-uusiksi.jpg\"><img loading=\"lazy\" decoding=\"async\" width=\"940\" height=\"1024\" data-id=\"1514\" src=\"https:\/\/bearvvis.com\/wp-content\/uploads\/2022\/02\/naama-uusiksi-940x1024.jpg\" alt=\"\" class=\"wp-image-1514\" srcset=\"https:\/\/bearvvis.com\/wp-content\/uploads\/2022\/02\/naama-uusiksi-940x1024.jpg 940w, https:\/\/bearvvis.com\/wp-content\/uploads\/2022\/02\/naama-uusiksi-275x300.jpg 275w, https:\/\/bearvvis.com\/wp-content\/uploads\/2022\/02\/naama-uusiksi-768x837.jpg 768w, https:\/\/bearvvis.com\/wp-content\/uploads\/2022\/02\/naama-uusiksi-1410x1536.jpg 1410w, https:\/\/bearvvis.com\/wp-content\/uploads\/2022\/02\/naama-uusiksi-1880x2048.jpg 1880w, https:\/\/bearvvis.com\/wp-content\/uploads\/2022\/02\/naama-uusiksi.jpg 1962w\" sizes=\"auto, (max-width: 940px) 100vw, 940px\" \/><\/a><figcaption class=\"wp-element-caption\">M\u00f6hk\u00f6 melkein 6 kk\/almost 6kk<\/figcaption><\/figure>\n\n\n\n<figure class=\"wp-block-image size-large\"><a href=\"https:\/\/bearvvis.com\/wp-content\/uploads\/2022\/01\/mohko1-scaled.jpg\"><img loading=\"lazy\" decoding=\"async\" width=\"1024\" height=\"683\" data-id=\"1455\" src=\"https:\/\/bearvvis.com\/wp-content\/uploads\/2022\/01\/mohko1-1024x683.jpg\" alt=\"\" class=\"wp-image-1455\" srcset=\"https:\/\/bearvvis.com\/wp-content\/uploads\/2022\/01\/mohko1-1024x683.jpg 1024w, https:\/\/bearvvis.com\/wp-content\/uploads\/2022\/01\/mohko1-300x200.jpg 300w, https:\/\/bearvvis.com\/wp-content\/uploads\/2022\/01\/mohko1-768x512.jpg 768w, https:\/\/bearvvis.com\/wp-content\/uploads\/2022\/01\/mohko1-1536x1024.jpg 1536w, https:\/\/bearvvis.com\/wp-content\/uploads\/2022\/01\/mohko1-2048x1365.jpg 2048w\" sizes=\"auto, (max-width: 1024px) 100vw, 1024px\" \/><\/a><figcaption class=\"wp-element-caption\">M\u00f6hk\u00f6 4,5 kk\/months<\/figcaption><\/figure>\n<\/figure>\n\n\n\n<p>S.3.8.2021-23.3.2026<\/p>\n\n\n\n<p>Is\u00e4\/sire: FI&amp;EE Mva\/Ch Bearvvis Taigaa Tagluk &#8221;Tatqiq&#8221;<\/p>\n\n\n\n<figure class=\"wp-block-image size-large is-resized\"><a href=\"https:\/\/bearvvis.com\/wp-content\/uploads\/2014\/07\/Tatqiq-J\u00e4mi-pieni.jpg\"><img loading=\"lazy\" decoding=\"async\" width=\"1024\" height=\"931\" src=\"https:\/\/bearvvis.com\/wp-content\/uploads\/2014\/07\/Tatqiq-J\u00e4mi-pieni-1024x931.jpg\" alt=\"\" class=\"wp-image-640\" style=\"width:429px;height:390px\" srcset=\"https:\/\/bearvvis.com\/wp-content\/uploads\/2014\/07\/Tatqiq-J\u00e4mi-pieni-1024x931.jpg 1024w, https:\/\/bearvvis.com\/wp-content\/uploads\/2014\/07\/Tatqiq-J\u00e4mi-pieni-300x273.jpg 300w, https:\/\/bearvvis.com\/wp-content\/uploads\/2014\/07\/Tatqiq-J\u00e4mi-pieni-768x698.jpg 768w, https:\/\/bearvvis.com\/wp-content\/uploads\/2014\/07\/Tatqiq-J\u00e4mi-pieni.jpg 1937w\" sizes=\"auto, (max-width: 1024px) 100vw, 1024px\" \/><\/a><figcaption class=\"wp-element-caption\">Tatqiq<\/figcaption><\/figure>\n\n\n\n<p>Em\u00e4\/Dam: FI&amp;EE Mva\/Ch EE Jmva\/ch Bearvvis Final Fantasy &#8221;Fani&#8221;<\/p>\n\n\n\n<figure class=\"wp-block-image size-large is-resized\"><a href=\"https:\/\/bearvvis.com\/wp-content\/uploads\/2018\/11\/IMG_4063.jpg\"><img loading=\"lazy\" decoding=\"async\" width=\"1024\" height=\"985\" src=\"https:\/\/bearvvis.com\/wp-content\/uploads\/2018\/11\/IMG_4063-1024x985.jpg\" alt=\"\" class=\"wp-image-824\" style=\"width:435px;height:418px\" srcset=\"https:\/\/bearvvis.com\/wp-content\/uploads\/2018\/11\/IMG_4063-1024x985.jpg 1024w, https:\/\/bearvvis.com\/wp-content\/uploads\/2018\/11\/IMG_4063-300x289.jpg 300w, https:\/\/bearvvis.com\/wp-content\/uploads\/2018\/11\/IMG_4063-768x739.jpg 768w\" sizes=\"auto, (max-width: 1024px) 100vw, 1024px\" \/><\/a><figcaption class=\"wp-element-caption\">Fani<\/figcaption><\/figure>\n\n\n\n<p>HD:A<\/p>\n\n\n\n<p>ED:0\/0<\/p>\n\n\n\n<p>LTV:3<\/p>\n\n\n\n<p>SP:0<\/p>\n\n\n\n<p>VA:1<\/p>\n\n\n\n<p>PN: Normal ( vanhempien kautta\/clear by parentage)<\/p>\n\n\n\n<p>LC: Kantaja, Long coat carrier<\/p>\n\n\n\n<p>Silm\u00e4t\/eyes: PHTVL\/PHPV aste 5-6 <\/p>\n\n\n\n<p><a href=\"https:\/\/jalostus.kennelliitto.fi\/frmKoira.aspx?RekNo=FI48131%2F21&amp;R=243\">Sukutaulu<\/a><\/p>\n\n\n\n<p>M\u00f6hk\u00f6 oli Fanin ensimm\u00e4isest\u00e4 ja samalla viimeisest\u00e4 pienest\u00e4 pentueesta, toinen syntyneist\u00e4 pojista. M\u00f6hk\u00f6 j\u00e4i kotiin ajatuksena j\u00e4tt\u00e4\u00e4 yksi Tatqiqin poika kasvamaan. M\u00f6hk\u00f6 oli hassu, m\u00f6ly\u00e4v\u00e4, mutta hyv\u00e4ntahtoinen malamuutti.<\/p>\n\n\n\n<p>Suuri pettymys oli kun M\u00f6hk\u00f6lt\u00e4 l\u00f6ytyi silm\u00e4tarkastuksessa PHTVL\/PHPV aste 5-6. Jalostussuunitelmat karsiutui t\u00e4t\u00e4 my\u00f6ten kokonaan ja M\u00f6hk\u00f6 jatkoi tavanomaista el\u00e4m\u00e4\u00e4.<\/p>\n\n\n\n<p>M\u00f6hk\u00f6 saavutti Suomen ja Viron juniorimuotovalion arvot, sek\u00e4 Suomen muotovalion arvon. M\u00f6hk\u00f6 sai viimeisen sertins\u00e4 ensimm\u00e4isess\u00e4 n\u00e4yttelyss\u00e4, heti kahden vuoden i\u00e4ss\u00e4.<\/p>\n\n\n\n<p>Suureksi suruksi  M\u00f6hk\u00f6lle tuli jonkinlainen kohtaus, josta ei toipunut ja oli pakko p\u00e4\u00e4tt\u00e4\u00e4 el\u00e4m\u00e4. M\u00f6hk\u00f6 eli onnellisena viimeiseen p\u00e4iv\u00e4\u00e4n asti. Lep\u00e4\u00e4 rauhassa rakas M\u00f6hkyl\u00e4.<\/p>\n\n\n\n<figure class=\"wp-block-gallery has-nested-images columns-default is-cropped wp-block-gallery-2 is-layout-flex wp-block-gallery-is-layout-flex\">\n<figure class=\"wp-block-image size-large\"><a href=\"https:\/\/bearvvis.com\/wp-content\/uploads\/2023\/08\/mohko-valio-scaled.jpg\"><img loading=\"lazy\" decoding=\"async\" width=\"1013\" height=\"1024\" data-id=\"1904\" src=\"https:\/\/bearvvis.com\/wp-content\/uploads\/2023\/08\/mohko-valio-1013x1024.jpg\" alt=\"\" class=\"wp-image-1904\" srcset=\"https:\/\/bearvvis.com\/wp-content\/uploads\/2023\/08\/mohko-valio-1013x1024.jpg 1013w, https:\/\/bearvvis.com\/wp-content\/uploads\/2023\/08\/mohko-valio-297x300.jpg 297w, https:\/\/bearvvis.com\/wp-content\/uploads\/2023\/08\/mohko-valio-768x776.jpg 768w, https:\/\/bearvvis.com\/wp-content\/uploads\/2023\/08\/mohko-valio-1519x1536.jpg 1519w, https:\/\/bearvvis.com\/wp-content\/uploads\/2023\/08\/mohko-valio-2026x2048.jpg 2026w, https:\/\/bearvvis.com\/wp-content\/uploads\/2023\/08\/mohko-valio-600x607.jpg 600w\" sizes=\"auto, (max-width: 1013px) 100vw, 1013px\" \/><\/a><figcaption class=\"wp-element-caption\"><strong>M\u00f6hk\u00f6 elokuussa 2023<\/strong><\/figcaption><\/figure>\n<\/figure>\n\n\n\n<figure class=\"wp-block-gallery has-nested-images columns-default is-cropped wp-block-gallery-3 is-layout-flex wp-block-gallery-is-layout-flex\"><\/figure>\n","protected":false},"excerpt":{"rendered":"<p>S.3.8.2021-23.3.2026 Is\u00e4\/sire: FI&amp;EE Mva\/Ch Bearvvis Taigaa Tagluk &#8221;Tatqiq&#8221; Em\u00e4\/Dam: FI&amp;EE Mva\/Ch EE Jmva\/ch Bearvvis Final Fantasy &#8221;Fani&#8221; HD:A ED:0\/0 LTV:3 SP:0 VA:1 PN: Normal ( vanhempien kautta\/clear by parentage) LC: Kantaja, Long coat carrier Silm\u00e4t\/eyes: PHTVL\/PHPV aste 5-6 Sukutaulu M\u00f6hk\u00f6 oli Fanin ensimm\u00e4isest\u00e4 ja samalla viimeisest\u00e4 pienest\u00e4 pentueesta, toinen syntyneist\u00e4 pojista. M\u00f6hk\u00f6 j\u00e4i kotiin ajatuksena [&hellip;]<\/p>\n","protected":false},"author":1,"featured_media":0,"parent":552,"menu_order":6,"comment_status":"closed","ping_status":"closed","template":"","meta":{"footnotes":""},"class_list":["post-1452","page","type-page","status-publish","hentry"],"_links":{"self":[{"href":"https:\/\/bearvvis.com\/index.php?rest_route=\/wp\/v2\/pages\/1452","targetHints":{"allow":["GET"]}}],"collection":[{"href":"https:\/\/bearvvis.com\/index.php?rest_route=\/wp\/v2\/pages"}],"about":[{"href":"https:\/\/bearvvis.com\/index.php?rest_route=\/wp\/v2\/types\/page"}],"author":[{"embeddable":true,"href":"https:\/\/bearvvis.com\/index.php?rest_route=\/wp\/v2\/users\/1"}],"replies":[{"embeddable":true,"href":"https:\/\/bearvvis.com\/index.php?rest_route=%2Fwp%2Fv2%2Fcomments&post=1452"}],"version-history":[{"count":11,"href":"https:\/\/bearvvis.com\/index.php?rest_route=\/wp\/v2\/pages\/1452\/revisions"}],"predecessor-version":[{"id":2438,"href":"https:\/\/bearvvis.com\/index.php?rest_route=\/wp\/v2\/pages\/1452\/revisions\/2438"}],"up":[{"embeddable":true,"href":"https:\/\/bearvvis.com\/index.php?rest_route=\/wp\/v2\/pages\/552"}],"wp:attachment":[{"href":"https:\/\/bearvvis.com\/index.php?rest_route=%2Fwp%2Fv2%2Fmedia&parent=1452"}],"curies":[{"name":"wp","href":"https:\/\/api.w.org\/{rel}","templated":true}]}}