{"id":149,"date":"2014-11-11T14:58:10","date_gmt":"2014-11-11T14:58:10","guid":{"rendered":"http:\/\/bearvvis.com\/?page_id=149"},"modified":"2025-04-12T16:51:06","modified_gmt":"2025-04-12T16:51:06","slug":"fi-mvach-jv-04-lumiturpa-jaahile","status":"publish","type":"page","link":"https:\/\/bearvvis.com\/?page_id=149","title":{"rendered":"Inmemoriam Fi Mva\/Ch JV-04 Lumiturpa J\u00e4\u00e4hile"},"content":{"rendered":"<div id=\"attachment_72\" style=\"width: 310px\" class=\"wp-caption alignnone\"><a href=\"https:\/\/bearvvis.com\/wp-content\/uploads\/2014\/07\/hile.jpg\"><img loading=\"lazy\" decoding=\"async\" aria-describedby=\"caption-attachment-72\" class=\"wp-image-72 size-full\" src=\"https:\/\/bearvvis.com\/wp-content\/uploads\/2014\/07\/hile.jpg\" alt=\"hile\" width=\"300\" height=\"200\" \/><\/a><p id=\"caption-attachment-72\" class=\"wp-caption-text\">Hile nuorena<\/p><\/div>\n<p>Syntynyt\/born: 15.11.2003-18.9.2015<\/p>\n<p>Is\u00e4\/sire: <span id=\"lblKoira\"><small>C.I.B FIN MVA EE MVA PL MVA V-99 EUV-00 EEV-99 PL&amp;PZSG00<\/small><\/span> Lecibsin Hurmuri Hukka<\/p>\n<p>Em\u00e4\/dam: <span id=\"lblKoira\"><small>FIN MVA V-02<\/small><\/span> Lumiturpa Aasa<\/p>\n<p>&#8221;Hile&#8221;oli koko el\u00e4m\u00e4ns\u00e4 ilopilleri, joka jaksoi viel\u00e4 sairaanakin hymyill\u00e4. Hile oli hyvin sosiaalinen ja ruuista kelpasi kaikki mit\u00e4 tarjosi, muutamaa poikkeusta lukuunottamatta.<\/p>\n<p>&#8221;Hile&#8221; oli nuorena varsinainen n\u00e4yttelyt\u00e4hti ja kovasti siit\u00e4 olisi j\u00e4lkel\u00e4isi\u00e4kin haluttu. Luonto p\u00e4\u00e4tti kuitenkin toisin, eik\u00e4 Hile koskaan saanut j\u00e4lkel\u00e4isi\u00e4. My\u00f6hemmin Hileelle puhkesi epilepsia, , joten oli parempikin ett\u00e4 j\u00e4lkel\u00e4isi\u00e4 ei sitten koskaan saatukaan.<\/p>\n<p>Rakasta Hilett\u00e4 ik\u00e4v\u00f6iden koko perhe.<\/p>\n<div id=\"attachment_77\" style=\"width: 310px\" class=\"wp-caption alignnone\"><a href=\"https:\/\/bearvvis.com\/wp-content\/uploads\/2014\/07\/hilee2.jpg\"><img loading=\"lazy\" decoding=\"async\" aria-describedby=\"caption-attachment-77\" class=\"wp-image-77 size-medium\" src=\"https:\/\/bearvvis.com\/wp-content\/uploads\/2014\/07\/hilee2-300x225.jpg\" alt=\"OLYMPUS DIGITAL CAMERA\" width=\"300\" height=\"225\" srcset=\"https:\/\/bearvvis.com\/wp-content\/uploads\/2014\/07\/hilee2-300x225.jpg 300w, https:\/\/bearvvis.com\/wp-content\/uploads\/2014\/07\/hilee2-1024x768.jpg 1024w, https:\/\/bearvvis.com\/wp-content\/uploads\/2014\/07\/hilee2-624x468.jpg 624w, https:\/\/bearvvis.com\/wp-content\/uploads\/2014\/07\/hilee2.jpg 1280w\" sizes=\"auto, (max-width: 300px) 100vw, 300px\" \/><\/a><p id=\"caption-attachment-77\" class=\"wp-caption-text\">Hile pentuna<\/p><\/div>\n","protected":false},"excerpt":{"rendered":"<p>Syntynyt\/born: 15.11.2003-18.9.2015 Is\u00e4\/sire: C.I.B FIN MVA EE MVA PL MVA V-99 EUV-00 EEV-99 PL&amp;PZSG00 Lecibsin Hurmuri Hukka Em\u00e4\/dam: FIN MVA V-02 Lumiturpa Aasa &#8221;Hile&#8221;oli koko el\u00e4m\u00e4ns\u00e4 ilopilleri, joka jaksoi viel\u00e4 sairaanakin hymyill\u00e4. Hile oli hyvin sosiaalinen ja ruuista kelpasi kaikki mit\u00e4 tarjosi, muutamaa poikkeusta lukuunottamatta. &#8221;Hile&#8221; oli nuorena varsinainen n\u00e4yttelyt\u00e4hti ja kovasti siit\u00e4 olisi j\u00e4lkel\u00e4isi\u00e4kin [&hellip;]<\/p>\n","protected":false},"author":1,"featured_media":0,"parent":552,"menu_order":1,"comment_status":"closed","ping_status":"closed","template":"","meta":{"footnotes":""},"class_list":["post-149","page","type-page","status-publish","hentry"],"_links":{"self":[{"href":"https:\/\/bearvvis.com\/index.php?rest_route=\/wp\/v2\/pages\/149","targetHints":{"allow":["GET"]}}],"collection":[{"href":"https:\/\/bearvvis.com\/index.php?rest_route=\/wp\/v2\/pages"}],"about":[{"href":"https:\/\/bearvvis.com\/index.php?rest_route=\/wp\/v2\/types\/page"}],"author":[{"embeddable":true,"href":"https:\/\/bearvvis.com\/index.php?rest_route=\/wp\/v2\/users\/1"}],"replies":[{"embeddable":true,"href":"https:\/\/bearvvis.com\/index.php?rest_route=%2Fwp%2Fv2%2Fcomments&post=149"}],"version-history":[{"count":6,"href":"https:\/\/bearvvis.com\/index.php?rest_route=\/wp\/v2\/pages\/149\/revisions"}],"predecessor-version":[{"id":554,"href":"https:\/\/bearvvis.com\/index.php?rest_route=\/wp\/v2\/pages\/149\/revisions\/554"}],"up":[{"embeddable":true,"href":"https:\/\/bearvvis.com\/index.php?rest_route=\/wp\/v2\/pages\/552"}],"wp:attachment":[{"href":"https:\/\/bearvvis.com\/index.php?rest_route=%2Fwp%2Fv2%2Fmedia&parent=149"}],"curies":[{"name":"wp","href":"https:\/\/api.w.org\/{rel}","templated":true}]}}