{"id":162,"date":"2014-11-12T09:05:35","date_gmt":"2014-11-12T09:05:35","guid":{"rendered":"http:\/\/bearvvis.com\/?page_id=162"},"modified":"2025-12-25T09:27:15","modified_gmt":"2025-12-25T09:27:15","slug":"bearvvis-be-northern-explorer","status":"publish","type":"page","link":"https:\/\/bearvvis.com\/?page_id=162","title":{"rendered":"BISS, BISSV, C.I.B, C.I.B-V, FI&amp;EE&amp;LT&amp;LV,Nordic Mva\/Ch, LT&amp;LV&amp;Balt&amp;DK Vmva\/ch, EE Jmva\/Jch, HeVW-22, PMVV-22, EUVV-23, AGRIAVW-23, EEVW-23, LVVW-23, VIVV-24, VIV-24, EEVV-24, BALTVV-24, VV-24, PMVV-24, LTVV-25,HeVW-25,VV-25 Bearvvis Be Northern Explorer &#8221;M\u00f6k\u00f6&#8221; REK3"},"content":{"rendered":"\n<figure class=\"wp-block-image size-large\"><a href=\"https:\/\/bearvvis.com\/wp-content\/uploads\/2023\/01\/FB_IMG_1675005088612.jpg\"><img loading=\"lazy\" decoding=\"async\" width=\"1024\" height=\"683\" src=\"https:\/\/bearvvis.com\/wp-content\/uploads\/2023\/01\/FB_IMG_1675005088612-1024x683.jpg\" alt=\"\" class=\"wp-image-1682\" srcset=\"https:\/\/bearvvis.com\/wp-content\/uploads\/2023\/01\/FB_IMG_1675005088612-1024x683.jpg 1024w, https:\/\/bearvvis.com\/wp-content\/uploads\/2023\/01\/FB_IMG_1675005088612-300x200.jpg 300w, https:\/\/bearvvis.com\/wp-content\/uploads\/2023\/01\/FB_IMG_1675005088612-768x512.jpg 768w, https:\/\/bearvvis.com\/wp-content\/uploads\/2023\/01\/FB_IMG_1675005088612.jpg 1080w\" sizes=\"auto, (max-width: 1024px) 100vw, 1024px\" \/><\/a><figcaption class=\"wp-element-caption\">M\u00f6k\u00f6 Liettua 2023 BIS veteraani<\/figcaption><\/figure>\n\n\n<p>Syntynyt\/Born: 21.5.2014<\/p>\n<p>Is\u00e4\/sire: Fi Mva\/Ch Bearvvis White Frost<\/p>\n<div id=\"attachment_80\" style=\"width: 310px\" class=\"wp-caption alignnone\"><a href=\"https:\/\/bearvvis.com\/wp-content\/uploads\/2014\/07\/frosti-jakami-etu.jpg\"><img loading=\"lazy\" decoding=\"async\" aria-describedby=\"caption-attachment-80\" class=\"wp-image-80 size-medium\" src=\"https:\/\/bearvvis.com\/wp-content\/uploads\/2014\/07\/frosti-jakami-etu-300x280.jpg\" width=\"300\" height=\"280\" srcset=\"https:\/\/bearvvis.com\/wp-content\/uploads\/2014\/07\/frosti-jakami-etu-300x280.jpg 300w, https:\/\/bearvvis.com\/wp-content\/uploads\/2014\/07\/frosti-jakami-etu-1024x958.jpg 1024w, https:\/\/bearvvis.com\/wp-content\/uploads\/2014\/07\/frosti-jakami-etu-624x584.jpg 624w, https:\/\/bearvvis.com\/wp-content\/uploads\/2014\/07\/frosti-jakami-etu.jpg 1847w\" sizes=\"auto, (max-width: 300px) 100vw, 300px\" \/><\/a><p id=\"caption-attachment-80\" class=\"wp-caption-text\">Fi Mva\/Ch Bearvvis White Frost<\/p><\/div>\n<p>Em\u00e4\/dam: Silak<\/p>\n<div id=\"attachment_224\" style=\"width: 310px\" class=\"wp-caption alignnone\"><a href=\"https:\/\/bearvvis.com\/wp-content\/uploads\/2014\/07\/Silakka.jpg\"><img loading=\"lazy\" decoding=\"async\" aria-describedby=\"caption-attachment-224\" class=\"wp-image-224 size-medium\" src=\"https:\/\/bearvvis.com\/wp-content\/uploads\/2014\/07\/Silakka-300x238.jpg\" width=\"300\" height=\"238\" srcset=\"https:\/\/bearvvis.com\/wp-content\/uploads\/2014\/07\/Silakka-300x238.jpg 300w, https:\/\/bearvvis.com\/wp-content\/uploads\/2014\/07\/Silakka-1024x812.jpg 1024w, https:\/\/bearvvis.com\/wp-content\/uploads\/2014\/07\/Silakka-624x495.jpg 624w\" sizes=\"auto, (max-width: 300px) 100vw, 300px\" \/><\/a><p id=\"caption-attachment-224\" class=\"wp-caption-text\">Silak<\/p><\/div>\n<p>HD: B\/ Ofa:Good<\/p>\n<p>ED:0\/0<\/p>\n<p>Silm\u00e4t\/eyes: Ok 9\/2024<\/p>\n<p>PN: Normal ( vanhempien kautta\/clear by parentage)<\/p>\n<p>LC:Kantaja, Long coat carrier<\/p>\n<p><a href=\"http:\/\/jalostus.kennelliitto.fi\/frmKoira.aspx?RekNo=FI35821%2F14&amp;R=243\">Sukutaulu\/pedigree<\/a><\/p>\n<p>M\u00f6k\u00f6 on Silakan ja Frostin ensimm\u00e4isest\u00e4 pentueesta kotiin j\u00e4tetty valjakon vahvistus. M\u00f6k\u00f6 on luonteentaan innokas, iloinen ja energinen malamuutti ja vetohommissa yleens\u00e4 k\u00e4rjess\u00e4. M\u00f6k\u00f6 on my\u00f6s p\u00e4rj\u00e4nnyt n\u00e4yttelyiss\u00e4 ja valmistunut niin kansainv\u00e4liseksi muotovalioksi kuin my\u00f6s uusimman tittelin saavuttanut, eli Suomen veteraanivalio.<\/p>\n<p>M\u00f6k\u00f6 osallistui\u00a0 tytt\u00e4reni kanssa h\u00e4nen junnuluokassa sulanmaan kisoihin syksyll\u00e4 2017. Hienosti kisat sujuivat ja M\u00f6k\u00f6 juoksi k\u00e4rjess\u00e4 Nafin kanssa. Kisoja on sittemmin ollut lis\u00e4\u00e4.<\/p>\n<p>M\u00f6k\u00f6ll\u00e4 on\u00a0 2 pentuetta, 2018 vuoden lopussa syntyneess\u00e4 pentueessa First-Rate kenneliss\u00e4 yksi uros ja 2019 Nafin kanssa 7\u00a0 pentua.<\/p>\n<p>M\u00f6k\u00f6 oli BIS 1 27.7.2019 Hyvink\u00e4\u00e4ll\u00e4 kr-n\u00e4yttelyss\u00e4! ja BIS 3 Ssky:n erikoisn\u00e4yttelyss\u00e4! Sek\u00e4 vuoden n\u00e4yttelykoirakisassa p\u00e4\u00e4si 100 kauneimman joukkoon ja sit\u00e4 my\u00f6ten champions of\u00a0 champions &#8211; gaalaan 2020.<\/p>\n<p>M\u00f6k\u00f6 saavutti ensimm\u00e4isen veteraanitittelins\u00e4, Suomen veteraanivalion, nopealla aikataululla kes\u00e4ll\u00e4 2022 ja on sijoittui my\u00f6s pari kertaa BIS veteraanikeh\u00e4ss\u00e4, sek\u00e4 kerran my\u00f6s ryhm\u00e4ss\u00e4. M\u00f6k\u00f6 saavutti my\u00f6s Viron veteraanivalion arvon 2022 , sek\u00e4 kaksi voittajatitteli\u00e4 voittajan\u00e4yttelyist\u00e4. M\u00f6k\u00f6 kutsuttiin vuoden p\u00e4\u00e4tteeksi veterans of veterans gaalaan helmikuussa 2023 ja 2024.<\/p>\n<p>Tammikuussa, 2023 Kaunasissa, M\u00f6k\u00f6 sijoittui upeasti BIS veteraaniksi asti ja sai samalla kansainv\u00e4lisen veteraanimuotovalion arvon, sek\u00e4 Liettuan veteraanivalion arvon. Helmikuussa M\u00f6k\u00f6 osalllistui pitk\u00e4st\u00e4 aikaa ryhm\u00e4n\u00e4yttelyyn ja siell\u00e4 ylsi hienosti vitosryhm\u00e4n toiseksi ja kauneimmaksi veteraaniksi lauantaina J\u00e4mij\u00e4rvell\u00e4. M\u00f6k\u00f6 on sittemmin saavuttanut useamman muun sijoituksen, joista hienoin Agria show:ssa Tanskassa, ollen BIS 2- veteraani!<\/p>\n<p>Maaliskuussa 2025 Vilnassa , M\u00f6k\u00f6 sijoittui upeasti kovassa kilpailussa sek\u00e4 BIS veteraaniksi, ett\u00e4 BIS -2 veteraaniksi. Kev\u00e4t-25 on ollut M\u00f6k\u00f6lle kokonaisuudessaan menetyksek\u00e4st\u00e4 ja se on saavuttanut muitakin Bis sijoituksia, sek\u00e4 sijoittunut my\u00f6s ryhm\u00e4ss\u00e4. Pappa jaksoi heiluttaa h\u00e4nt\u00e4\u00e4ns\u00e4 ja loistaa keh\u00e4ss\u00e4 edelleen. Loppuvuodesta p\u00e4\u00e4timme kuitenkin, ett\u00e4 on M\u00f6k\u00f6n aika j\u00e4\u00e4d\u00e4 el\u00e4kkeelle. Voittaja n\u00e4yttelyss\u00e4 Helsingiss\u00e4 oli M\u00f6k\u00f6n viimeiset keh\u00e4\u00e4n menot, nekin tyylill\u00e4 , ollen molempina p\u00e4ivin\u00e4 per\u00e4ti PU2 ja Rop-veteraani, saadan kummaltakin p\u00e4iv\u00e4lt\u00e4 uuden tittelin listaan. Nyt nautitaan M\u00f6k\u00f6n kanssa ansaituista el\u00e4kep\u00e4ivist\u00e4.<\/p>\n\n\n<figure class=\"wp-block-gallery has-nested-images columns-default is-cropped wp-block-gallery-1 is-layout-flex wp-block-gallery-is-layout-flex\"><\/figure>\n\n\n\n<figure class=\"wp-block-image size-large\"><a href=\"https:\/\/bearvvis.com\/wp-content\/uploads\/2023\/03\/Moko-champparit-kuvaaja-viivi-keinonen-scaled.jpg\"><img loading=\"lazy\" decoding=\"async\" width=\"683\" height=\"1024\" src=\"https:\/\/bearvvis.com\/wp-content\/uploads\/2023\/03\/Moko-champparit-kuvaaja-viivi-keinonen-683x1024.jpg\" alt=\"\" class=\"wp-image-1735\" srcset=\"https:\/\/bearvvis.com\/wp-content\/uploads\/2023\/03\/Moko-champparit-kuvaaja-viivi-keinonen-683x1024.jpg 683w, https:\/\/bearvvis.com\/wp-content\/uploads\/2023\/03\/Moko-champparit-kuvaaja-viivi-keinonen-200x300.jpg 200w, https:\/\/bearvvis.com\/wp-content\/uploads\/2023\/03\/Moko-champparit-kuvaaja-viivi-keinonen-768x1152.jpg 768w, https:\/\/bearvvis.com\/wp-content\/uploads\/2023\/03\/Moko-champparit-kuvaaja-viivi-keinonen-1024x1536.jpg 1024w, https:\/\/bearvvis.com\/wp-content\/uploads\/2023\/03\/Moko-champparit-kuvaaja-viivi-keinonen-1365x2048.jpg 1365w, https:\/\/bearvvis.com\/wp-content\/uploads\/2023\/03\/Moko-champparit-kuvaaja-viivi-keinonen-600x900.jpg 600w, https:\/\/bearvvis.com\/wp-content\/uploads\/2023\/03\/Moko-champparit-kuvaaja-viivi-keinonen-scaled.jpg 1706w\" sizes=\"auto, (max-width: 683px) 100vw, 683px\" \/><\/a><figcaption class=\"wp-element-caption\">M\u00f6k\u00f6 Veteran Of Veterans 2023 tapahtuma. Kuvaaja Viivi Keinonen<\/figcaption><\/figure>\n\n\n\n<figure class=\"wp-block-gallery has-nested-images columns-default is-cropped wp-block-gallery-2 is-layout-flex wp-block-gallery-is-layout-flex\">\n<figure class=\"wp-block-image size-large\"><a href=\"https:\/\/bearvvis.com\/wp-content\/uploads\/2020\/06\/M\u00f6k\u00f6.jpg\"><img loading=\"lazy\" decoding=\"async\" width=\"1024\" height=\"683\" data-id=\"1090\" src=\"https:\/\/bearvvis.com\/wp-content\/uploads\/2020\/06\/M\u00f6k\u00f6-1024x683.jpg\" alt=\"M\u00f6k\u00f6 2018\" class=\"wp-image-1090\" srcset=\"https:\/\/bearvvis.com\/wp-content\/uploads\/2020\/06\/M\u00f6k\u00f6-1024x683.jpg 1024w, https:\/\/bearvvis.com\/wp-content\/uploads\/2020\/06\/M\u00f6k\u00f6-300x200.jpg 300w, https:\/\/bearvvis.com\/wp-content\/uploads\/2020\/06\/M\u00f6k\u00f6-768x512.jpg 768w\" sizes=\"auto, (max-width: 1024px) 100vw, 1024px\" \/><\/a><figcaption class=\"wp-element-caption\">M\u00f6k\u00f6 2018<\/figcaption><\/figure>\n<\/figure>\n","protected":false},"excerpt":{"rendered":"<p>Syntynyt\/Born: 21.5.2014 Is\u00e4\/sire: Fi Mva\/Ch Bearvvis White Frost Em\u00e4\/dam: Silak HD: B\/ Ofa:Good ED:0\/0 Silm\u00e4t\/eyes: Ok 9\/2024 PN: Normal ( vanhempien kautta\/clear by parentage) LC:Kantaja, Long coat carrier Sukutaulu\/pedigree M\u00f6k\u00f6 on Silakan ja Frostin ensimm\u00e4isest\u00e4 pentueesta kotiin j\u00e4tetty valjakon vahvistus. M\u00f6k\u00f6 on luonteentaan innokas, iloinen ja energinen malamuutti ja vetohommissa yleens\u00e4 k\u00e4rjess\u00e4. M\u00f6k\u00f6 on my\u00f6s [&hellip;]<\/p>\n","protected":false},"author":1,"featured_media":0,"parent":16,"menu_order":3,"comment_status":"closed","ping_status":"closed","template":"","meta":{"footnotes":""},"class_list":["post-162","page","type-page","status-publish","hentry"],"_links":{"self":[{"href":"https:\/\/bearvvis.com\/index.php?rest_route=\/wp\/v2\/pages\/162","targetHints":{"allow":["GET"]}}],"collection":[{"href":"https:\/\/bearvvis.com\/index.php?rest_route=\/wp\/v2\/pages"}],"about":[{"href":"https:\/\/bearvvis.com\/index.php?rest_route=\/wp\/v2\/types\/page"}],"author":[{"embeddable":true,"href":"https:\/\/bearvvis.com\/index.php?rest_route=\/wp\/v2\/users\/1"}],"replies":[{"embeddable":true,"href":"https:\/\/bearvvis.com\/index.php?rest_route=%2Fwp%2Fv2%2Fcomments&post=162"}],"version-history":[{"count":45,"href":"https:\/\/bearvvis.com\/index.php?rest_route=\/wp\/v2\/pages\/162\/revisions"}],"predecessor-version":[{"id":2410,"href":"https:\/\/bearvvis.com\/index.php?rest_route=\/wp\/v2\/pages\/162\/revisions\/2410"}],"up":[{"embeddable":true,"href":"https:\/\/bearvvis.com\/index.php?rest_route=\/wp\/v2\/pages\/16"}],"wp:attachment":[{"href":"https:\/\/bearvvis.com\/index.php?rest_route=%2Fwp%2Fv2%2Fmedia&parent=162"}],"curies":[{"name":"wp","href":"https:\/\/api.w.org\/{rel}","templated":true}]}}