{"id":1718,"date":"2023-03-06T15:57:06","date_gmt":"2023-03-06T15:57:06","guid":{"rendered":"http:\/\/bearvvis.com\/?page_id=1718"},"modified":"2026-01-07T11:23:17","modified_gmt":"2026-01-07T11:23:17","slug":"eyes-on-evangeline-bellissima-cane-agnak","status":"publish","type":"page","link":"https:\/\/bearvvis.com\/?page_id=1718","title":{"rendered":"FI Mva\/ch FI&amp;EE&amp;LV&amp;LT, BALT JMVA\/Ch EEJV-23 LVJV-23 SEJV-23 Eyes On Evangeline Bellissima Cane &#8221;Agnak&#8221;"},"content":{"rendered":"<div class=\"wp-block-image\">\n<figure class=\"aligncenter size-full is-resized\"><a href=\"https:\/\/bearvvis.com\/wp-content\/uploads\/2023\/03\/image11.jpeg\"><img loading=\"lazy\" decoding=\"async\" width=\"892\" height=\"656\" src=\"https:\/\/bearvvis.com\/wp-content\/uploads\/2023\/03\/image11.jpeg\" alt=\"\" class=\"wp-image-1719\" style=\"width:527px;height:387px\" srcset=\"https:\/\/bearvvis.com\/wp-content\/uploads\/2023\/03\/image11.jpeg 892w, https:\/\/bearvvis.com\/wp-content\/uploads\/2023\/03\/image11-300x221.jpeg 300w, https:\/\/bearvvis.com\/wp-content\/uploads\/2023\/03\/image11-768x565.jpeg 768w\" sizes=\"auto, (max-width: 892px) 100vw, 892px\" \/><\/a><figcaption class=\"wp-element-caption\">Agnak<\/figcaption><\/figure><\/div>\n\n\n<p>Is\u00e4: JWW, JBIS WDS`21, Jch . ch U CAN EXPECT TO BE  FREE SHANMANROCK<\/p>\n\n\n\n<p>Em\u00e4: KURJAK BK VIDRA  <\/p>\n\n\n\n<p>Silm\u00e4t\/eyes: Ok 12\/25<\/p>\n\n\n\n<p>HD:A<\/p>\n\n\n\n<p>ED:0\/0<\/p>\n\n\n\n<p>LTV:0<\/p>\n\n\n\n<p>OC: Normaali (olkanivel)<\/p>\n\n\n\n<p>PN: Normal ( vanhempien kautta\/clear by parentage)+ MydogDna : normal<\/p>\n\n\n\n<p>LC: : Kantaja, Long coat carrier (My dog Dna)<\/p>\n\n\n\n<p><a href=\"https:\/\/jalostus.kennelliitto.fi\/frmKoira.aspx?RekNo=FI16108%2F23&amp;R=243\">Sukutaulu<\/a><\/p>\n\n\n\n<p>Agnak on meid\u00e4n uusin tuontimme, ja se on syntynyt Slovakiassa. Agnak oli pentueensa viimeiseksi j\u00e4tetty narttu, josta teimme en\u00e4tysajassa ostop\u00e4\u00e4t\u00f6ksen. Sit\u00e4 ei ole tarvinut katua, koska Agnak on sek\u00e4 upea n\u00e4yttelykoira, my\u00f6s erinomainen valjakkokoira, joka toimii my\u00f6s k\u00e4rjess\u00e4.<\/p>\n\n\n\n<p>Agnak on luonteeltaan hyvin sosiaalinen malamuutiksi, sek\u00e4 iloinen ja ihmisrakas. Agnak ker\u00e4si junioriluokassa useita titteleit\u00e4, ja seuraavat tavoitteet on cacibit ja mahdolliset valjakkokisat kaudella-26. Agnak sai ensimm\u00e4isen pentueensa kes\u00e4kuussa -26. Odotamme mielenkiinnolla mit\u00e4 n\u00e4ist\u00e4 kehittyy.<\/p>\n\n\n\n<figure class=\"wp-block-gallery has-nested-images columns-default is-cropped wp-block-gallery-1 is-layout-flex wp-block-gallery-is-layout-flex\">\n<figure class=\"wp-block-image size-large\"><a href=\"https:\/\/bearvvis.com\/wp-content\/uploads\/2023\/03\/image31.jpeg\"><img loading=\"lazy\" decoding=\"async\" width=\"682\" height=\"1024\" data-id=\"1721\" src=\"https:\/\/bearvvis.com\/wp-content\/uploads\/2023\/03\/image31-682x1024.jpeg\" alt=\"\" class=\"wp-image-1721\" srcset=\"https:\/\/bearvvis.com\/wp-content\/uploads\/2023\/03\/image31-682x1024.jpeg 682w, https:\/\/bearvvis.com\/wp-content\/uploads\/2023\/03\/image31-200x300.jpeg 200w, https:\/\/bearvvis.com\/wp-content\/uploads\/2023\/03\/image31-768x1153.jpeg 768w, https:\/\/bearvvis.com\/wp-content\/uploads\/2023\/03\/image31-1023x1536.jpeg 1023w, https:\/\/bearvvis.com\/wp-content\/uploads\/2023\/03\/image31.jpeg 1066w\" sizes=\"auto, (max-width: 682px) 100vw, 682px\" \/><\/a><figcaption class=\"wp-element-caption\">Agnak 6 kk<\/figcaption><\/figure>\n\n\n\n<figure class=\"wp-block-image size-large\"><a href=\"https:\/\/bearvvis.com\/wp-content\/uploads\/2023\/03\/image01.jpeg\"><img loading=\"lazy\" decoding=\"async\" width=\"1024\" height=\"781\" data-id=\"1722\" src=\"https:\/\/bearvvis.com\/wp-content\/uploads\/2023\/03\/image01-1024x781.jpeg\" alt=\"\" class=\"wp-image-1722\" srcset=\"https:\/\/bearvvis.com\/wp-content\/uploads\/2023\/03\/image01-1024x781.jpeg 1024w, https:\/\/bearvvis.com\/wp-content\/uploads\/2023\/03\/image01-300x229.jpeg 300w, https:\/\/bearvvis.com\/wp-content\/uploads\/2023\/03\/image01-768x586.jpeg 768w, https:\/\/bearvvis.com\/wp-content\/uploads\/2023\/03\/image01.jpeg 1106w\" sizes=\"auto, (max-width: 1024px) 100vw, 1024px\" \/><\/a><figcaption class=\"wp-element-caption\">6 kk<\/figcaption><\/figure>\n<\/figure>\n\n\n\n<figure class=\"wp-block-image size-full is-resized\"><a href=\"https:\/\/bearvvis.com\/wp-content\/uploads\/2024\/10\/agnak-junnuna.jpg\"><img loading=\"lazy\" decoding=\"async\" width=\"828\" height=\"552\" src=\"https:\/\/bearvvis.com\/wp-content\/uploads\/2024\/10\/agnak-junnuna.jpg\" alt=\"\" class=\"wp-image-2121\" style=\"width:546px;height:auto\" srcset=\"https:\/\/bearvvis.com\/wp-content\/uploads\/2024\/10\/agnak-junnuna.jpg 828w, https:\/\/bearvvis.com\/wp-content\/uploads\/2024\/10\/agnak-junnuna-300x200.jpg 300w, https:\/\/bearvvis.com\/wp-content\/uploads\/2024\/10\/agnak-junnuna-768x512.jpg 768w, https:\/\/bearvvis.com\/wp-content\/uploads\/2024\/10\/agnak-junnuna-600x400.jpg 600w\" sizes=\"auto, (max-width: 828px) 100vw, 828px\" \/><\/a><\/figure>\n\n\n\n<figure class=\"wp-block-image size-large is-resized\"><a href=\"https:\/\/bearvvis.com\/wp-content\/uploads\/2024\/10\/Agnak-kevaalla-24-1.jpg\"><img loading=\"lazy\" decoding=\"async\" width=\"1024\" height=\"717\" src=\"https:\/\/bearvvis.com\/wp-content\/uploads\/2024\/10\/Agnak-kevaalla-24-1-1024x717.jpg\" alt=\"\" class=\"wp-image-2122\" style=\"width:545px;height:auto\" srcset=\"https:\/\/bearvvis.com\/wp-content\/uploads\/2024\/10\/Agnak-kevaalla-24-1-1024x717.jpg 1024w, https:\/\/bearvvis.com\/wp-content\/uploads\/2024\/10\/Agnak-kevaalla-24-1-300x210.jpg 300w, https:\/\/bearvvis.com\/wp-content\/uploads\/2024\/10\/Agnak-kevaalla-24-1-768x538.jpg 768w, https:\/\/bearvvis.com\/wp-content\/uploads\/2024\/10\/Agnak-kevaalla-24-1-1536x1076.jpg 1536w, https:\/\/bearvvis.com\/wp-content\/uploads\/2024\/10\/Agnak-kevaalla-24-1-600x420.jpg 600w, https:\/\/bearvvis.com\/wp-content\/uploads\/2024\/10\/Agnak-kevaalla-24-1.jpg 1710w\" sizes=\"auto, (max-width: 1024px) 100vw, 1024px\" \/><\/a><\/figure>\n","protected":false},"excerpt":{"rendered":"<p>Is\u00e4: JWW, JBIS WDS`21, Jch . ch U CAN EXPECT TO BE FREE SHANMANROCK Em\u00e4: KURJAK BK VIDRA Silm\u00e4t\/eyes: Ok 12\/25 HD:A ED:0\/0 LTV:0 OC: Normaali (olkanivel) PN: Normal ( vanhempien kautta\/clear by parentage)+ MydogDna : normal LC: : Kantaja, Long coat carrier (My dog Dna) Sukutaulu Agnak on meid\u00e4n uusin tuontimme, ja se on [&hellip;]<\/p>\n","protected":false},"author":1,"featured_media":0,"parent":18,"menu_order":9,"comment_status":"closed","ping_status":"closed","template":"","meta":{"footnotes":""},"class_list":["post-1718","page","type-page","status-publish","hentry"],"_links":{"self":[{"href":"https:\/\/bearvvis.com\/index.php?rest_route=\/wp\/v2\/pages\/1718","targetHints":{"allow":["GET"]}}],"collection":[{"href":"https:\/\/bearvvis.com\/index.php?rest_route=\/wp\/v2\/pages"}],"about":[{"href":"https:\/\/bearvvis.com\/index.php?rest_route=\/wp\/v2\/types\/page"}],"author":[{"embeddable":true,"href":"https:\/\/bearvvis.com\/index.php?rest_route=\/wp\/v2\/users\/1"}],"replies":[{"embeddable":true,"href":"https:\/\/bearvvis.com\/index.php?rest_route=%2Fwp%2Fv2%2Fcomments&post=1718"}],"version-history":[{"count":17,"href":"https:\/\/bearvvis.com\/index.php?rest_route=\/wp\/v2\/pages\/1718\/revisions"}],"predecessor-version":[{"id":2413,"href":"https:\/\/bearvvis.com\/index.php?rest_route=\/wp\/v2\/pages\/1718\/revisions\/2413"}],"up":[{"embeddable":true,"href":"https:\/\/bearvvis.com\/index.php?rest_route=\/wp\/v2\/pages\/18"}],"wp:attachment":[{"href":"https:\/\/bearvvis.com\/index.php?rest_route=%2Fwp%2Fv2%2Fmedia&parent=1718"}],"curies":[{"name":"wp","href":"https:\/\/api.w.org\/{rel}","templated":true}]}}