{"id":18,"date":"2014-07-23T20:32:14","date_gmt":"2014-07-23T20:32:14","guid":{"rendered":"http:\/\/bearvvis.com\/?page_id=18"},"modified":"2025-06-23T08:43:13","modified_gmt":"2025-06-23T08:43:13","slug":"nartutfemales","status":"publish","type":"page","link":"https:\/\/bearvvis.com\/?page_id=18","title":{"rendered":"Nartut\/Females"},"content":{"rendered":"<ul>\n<li>C.I.B Fi&amp; EE &amp; LT Mva\/Ch <a href=\"https:\/\/bearvvis.com\/?page_id=439\">Bearvvis Ilaa Mingiksuk<\/a> s. \/born27.6.2016<\/li>\n<li>Fi &amp; EE Mva\/ Ch <a href=\"https:\/\/bearvvis.com\/?page_id=435\">Bearvvis Ilaa Ilannak<\/a> s.\/born 27.6.2016<\/li>\n<li>FI &amp; EE&amp; LT Mva\/Ch, EE &amp; LT Jmva\/Jch <a href=\"https:\/\/bearvvis.com\/?page_id=784\">Bearvvis Final Fantasy<\/a> s.\/born11.5.2018<\/li>\n<li>FI &amp; EE Mva\/Ch <a href=\"https:\/\/bearvvis.com\/?page_id=718\">Bearvvis Aniruk Sinnatuk<\/a> s.\/born 19.3.2018<\/li>\n<li>FI &amp;EE Mva\/Ch <a href=\"https:\/\/bearvvis.com\/?page_id=1025\">Lueldar Nordic Queen Of Bearvvis<\/a> s.\/born 5.10.2019<\/li>\n<li>FI&amp; EE Jmva\/Jch<a href=\"https:\/\/bearvvis.com\/?page_id=1310\"> Bearvvis Ready To Shine<\/a> s.\/born 22.3.2021<\/li>\n<li>FI&amp; EE Jmva\/Jch EE-JV&amp; LVJV-23&amp; SEJV-23 Eyes On <a href=\"https:\/\/bearvvis.com\/?page_id=1718\">Evangeline Bellissima Cane<\/a> s.\/born1.9.2022<\/li>\n<li><a href=\"https:\/\/bearvvis.com\/?page_id=1811\">Bearvvis Maybe A Bit Queen<\/a> s.\/born 29.4.2023<\/li>\n<li><a href=\"https:\/\/bearvvis.com\/?page_id=2028\">Bearvvis Yll\u00e4tt\u00e4en Yllin Kyllin<\/a> s.\/born\u00a0 4.10.2023<\/li>\n<\/ul>\n<p>T\u00e4ll\u00e4 hetkell\u00e4 voimassa olevat sijoituskoirat:<\/p>\n<p>Bearvvis Gik Annaga s.14.4.2024<\/p>\n<p><a href=\"https:\/\/bearvvis.com\/?page_id=1755\">Bearvvis\u00a0 Maanaktuk Atausik<\/a> s. 1.4.2022<\/p>\n<p>Sijoituksessa olleet:<\/p>\n<p>Bearvvis Ataramik Aggiruk s.9.7.2020 pentue<\/p>\n<p>Bearvvis Kammik Tiguak s.21.7.2020 Ei pentuetta<\/p>\n<p>Bearvvis Aniruk Sukattok s. 19.3.2018 pentue<\/p>\n<p>Bearvvis Ilaa Sikinik s. 27.6.2016 pentue<\/p>\n<p>Bearvvis Nuna Naglingnartok\u00a0 s. 14.6.2015 ei pentuja<\/p>\n<p>Bearvvis Tenderheart Bear s.22.10.2013 ei pentuja<\/p>\n<p>Bearvvis Opera Aida s.18.1.2012 ei pentuja<\/p>\n<p>Bearvvis Be Shiny Eye\u00a0 s. 21.5.2014 ei pentuja<\/p>\n<p>Bearvvis White Prinsess\u00a0 s.10.12.2008 pentue<\/p>\n<p>Sno Camps Clean Cotton\u00a0 s.10.11.2010 pentue<\/p>\n<p>Bearvvis Dark Destiny ei pentuja<\/p>\n<p>Bearvvis Kreayok ei pentuja<\/p>\n<p>Bearvvis Snow Queen \u201dNana&#8221; pentue<\/p>\n<p>Bearvvis Iglafaruq \u201dIgu&#8221; pentue + yksi lis\u00e4pentue<\/p>\n","protected":false},"excerpt":{"rendered":"<p>C.I.B Fi&amp; EE &amp; LT Mva\/Ch Bearvvis Ilaa Mingiksuk s. \/born27.6.2016 Fi &amp; EE Mva\/ Ch Bearvvis Ilaa Ilannak s.\/born 27.6.2016 FI &amp; EE&amp; LT Mva\/Ch, EE &amp; LT Jmva\/Jch Bearvvis Final Fantasy s.\/born11.5.2018 FI &amp; EE Mva\/Ch Bearvvis Aniruk Sinnatuk s.\/born 19.3.2018 FI &amp;EE Mva\/Ch Lueldar Nordic Queen Of Bearvvis s.\/born 5.10.2019 FI&amp; EE [&hellip;]<\/p>\n","protected":false},"author":1,"featured_media":0,"parent":11,"menu_order":0,"comment_status":"closed","ping_status":"open","template":"","meta":{"footnotes":""},"class_list":["post-18","page","type-page","status-publish","hentry"],"_links":{"self":[{"href":"https:\/\/bearvvis.com\/index.php?rest_route=\/wp\/v2\/pages\/18","targetHints":{"allow":["GET"]}}],"collection":[{"href":"https:\/\/bearvvis.com\/index.php?rest_route=\/wp\/v2\/pages"}],"about":[{"href":"https:\/\/bearvvis.com\/index.php?rest_route=\/wp\/v2\/types\/page"}],"author":[{"embeddable":true,"href":"https:\/\/bearvvis.com\/index.php?rest_route=\/wp\/v2\/users\/1"}],"replies":[{"embeddable":true,"href":"https:\/\/bearvvis.com\/index.php?rest_route=%2Fwp%2Fv2%2Fcomments&post=18"}],"version-history":[{"count":37,"href":"https:\/\/bearvvis.com\/index.php?rest_route=\/wp\/v2\/pages\/18\/revisions"}],"predecessor-version":[{"id":2343,"href":"https:\/\/bearvvis.com\/index.php?rest_route=\/wp\/v2\/pages\/18\/revisions\/2343"}],"up":[{"embeddable":true,"href":"https:\/\/bearvvis.com\/index.php?rest_route=\/wp\/v2\/pages\/11"}],"wp:attachment":[{"href":"https:\/\/bearvvis.com\/index.php?rest_route=%2Fwp%2Fv2%2Fmedia&parent=18"}],"curies":[{"name":"wp","href":"https:\/\/api.w.org\/{rel}","templated":true}]}}