{"id":1801,"date":"2023-07-04T13:03:32","date_gmt":"2023-07-04T13:03:32","guid":{"rendered":"http:\/\/bearvvis.com\/?page_id=1801"},"modified":"2025-10-18T03:38:15","modified_gmt":"2025-10-18T03:38:15","slug":"bearvvis-maybe-just-meant-to-be-tigi","status":"publish","type":"page","link":"https:\/\/bearvvis.com\/?page_id=1801","title":{"rendered":"FI Mva\/Ch FI Jmva\/JchBearvvis Maybe Just Meant To Be &#8221;Tigi&#8221;"},"content":{"rendered":"\n<figure class=\"wp-block-image size-large is-resized\"><a href=\"https:\/\/bearvvis.com\/wp-content\/uploads\/2024\/10\/Tigi-parempi.jpg\"><img loading=\"lazy\" decoding=\"async\" width=\"1024\" height=\"683\" src=\"https:\/\/bearvvis.com\/wp-content\/uploads\/2024\/10\/Tigi-parempi-1024x683.jpg\" alt=\"\" class=\"wp-image-2128\" style=\"width:548px;height:auto\" srcset=\"https:\/\/bearvvis.com\/wp-content\/uploads\/2024\/10\/Tigi-parempi-1024x683.jpg 1024w, https:\/\/bearvvis.com\/wp-content\/uploads\/2024\/10\/Tigi-parempi-300x200.jpg 300w, https:\/\/bearvvis.com\/wp-content\/uploads\/2024\/10\/Tigi-parempi-768x512.jpg 768w, https:\/\/bearvvis.com\/wp-content\/uploads\/2024\/10\/Tigi-parempi-1536x1024.jpg 1536w, https:\/\/bearvvis.com\/wp-content\/uploads\/2024\/10\/Tigi-parempi-600x400.jpg 600w, https:\/\/bearvvis.com\/wp-content\/uploads\/2024\/10\/Tigi-parempi.jpg 2048w\" sizes=\"auto, (max-width: 1024px) 100vw, 1024px\" \/><\/a><\/figure>\n\n\n\n<p>Syntynyt\/born: 29.4.2023<\/p>\n\n\n\n<p>Is\u00e4: BIS, BISV,C.I.B,C.I.B-V, FI&amp;EE&lt; Mva\/Ch, FI &amp; EE&amp;, LT Vmva, EE Jmva\/Jch ,HeVW-22 PMVV-22 , EUVV-23,AGRIAVW-23, EEVW-23, LVVW-23 Bearvvis Be Northern Explorer \u201dM\u00f6k\u00f6\u201d REK3<\/p>\n\n\n\n<p>Em\u00e4: FI &amp; Ee Mva\/Ch Bearvvis Aniruk Sinnaktuk \u201dSinna\u201d<\/p>\n\n\n\n<p>Silm\u00e4t\/eyes: Ok 12\/24<\/p>\n\n\n\n<p>PN: Normal ( vanhempien kautta\/clear by parentage) plus My Dog Dna<\/p>\n\n\n\n<p>LC(pitk\u00e4karva): Normaali<\/p>\n\n\n\n<p><a href=\"https:\/\/jalostus.kennelliitto.fi\/frmKoira.aspx?RekNo=FI29552%2F23&amp;R=243\">Sukutaulu<\/a><\/p>\n\n\n\n<p>&#8221;Tigi&#8221; on toinen M\u00f6k\u00f6n viimeisimm\u00e4st\u00e4 pentueesta kotiin j\u00e4tetty uros. Selv\u00e4\u00e4 valintaa urosten v\u00e4lille kun ei osattu laittaa, niin Tigi j\u00e4i Tugan kanssa kasvamaan. Toiveissa on t\u00e4m\u00e4nkin kanssa, ett\u00e4 t\u00e4ytt\u00e4\u00e4 is\u00e4ns\u00e4 jalanj\u00e4lki\u00e4 my\u00f6hemmin. Tigi on lupaava rakenteellisesti ja luonteeltaan hyvin innostunut ja aktiivinen pusupoika.  Tigi ei kuitenkaan ole ihan niin sosiaalinen, kuin velipoikansa ja odotuksena on aika tavanomainen malamuutti uros. Tigi kuuluu my\u00f6s ulkomuodollisesti hitaasti kehittyvien joukkoon.<\/p>\n\n\n\n<figure class=\"wp-block-gallery has-nested-images columns-default is-cropped wp-block-gallery-1 is-layout-flex wp-block-gallery-is-layout-flex\">\n<figure class=\"wp-block-image size-large\"><a href=\"https:\/\/bearvvis.com\/wp-content\/uploads\/2023\/07\/IMG_9497-scaled.jpg\"><img loading=\"lazy\" decoding=\"async\" width=\"807\" height=\"1024\" data-id=\"1804\" src=\"https:\/\/bearvvis.com\/wp-content\/uploads\/2023\/07\/IMG_9497-807x1024.jpg\" alt=\"\" class=\"wp-image-1804\" srcset=\"https:\/\/bearvvis.com\/wp-content\/uploads\/2023\/07\/IMG_9497-807x1024.jpg 807w, https:\/\/bearvvis.com\/wp-content\/uploads\/2023\/07\/IMG_9497-236x300.jpg 236w, https:\/\/bearvvis.com\/wp-content\/uploads\/2023\/07\/IMG_9497-768x974.jpg 768w, https:\/\/bearvvis.com\/wp-content\/uploads\/2023\/07\/IMG_9497-1211x1536.jpg 1211w, https:\/\/bearvvis.com\/wp-content\/uploads\/2023\/07\/IMG_9497-1614x2048.jpg 1614w, https:\/\/bearvvis.com\/wp-content\/uploads\/2023\/07\/IMG_9497-600x761.jpg 600w, https:\/\/bearvvis.com\/wp-content\/uploads\/2023\/07\/IMG_9497-scaled.jpg 2018w\" sizes=\"auto, (max-width: 807px) 100vw, 807px\" \/><\/a><figcaption class=\"wp-element-caption\">&#8221;Tigi&#8221; 3 viikkoa\/weeks<\/figcaption><\/figure>\n\n\n\n<figure class=\"wp-block-image size-large\"><a href=\"https:\/\/bearvvis.com\/wp-content\/uploads\/2023\/07\/IMG_9650-scaled.jpg\"><img loading=\"lazy\" decoding=\"async\" width=\"1024\" height=\"761\" data-id=\"1805\" src=\"https:\/\/bearvvis.com\/wp-content\/uploads\/2023\/07\/IMG_9650-1024x761.jpg\" alt=\"\" class=\"wp-image-1805\" srcset=\"https:\/\/bearvvis.com\/wp-content\/uploads\/2023\/07\/IMG_9650-1024x761.jpg 1024w, https:\/\/bearvvis.com\/wp-content\/uploads\/2023\/07\/IMG_9650-300x223.jpg 300w, https:\/\/bearvvis.com\/wp-content\/uploads\/2023\/07\/IMG_9650-768x571.jpg 768w, https:\/\/bearvvis.com\/wp-content\/uploads\/2023\/07\/IMG_9650-1536x1141.jpg 1536w, https:\/\/bearvvis.com\/wp-content\/uploads\/2023\/07\/IMG_9650-2048x1521.jpg 2048w, https:\/\/bearvvis.com\/wp-content\/uploads\/2023\/07\/IMG_9650-600x446.jpg 600w\" sizes=\"auto, (max-width: 1024px) 100vw, 1024px\" \/><\/a><figcaption class=\"wp-element-caption\">Tigi 5 viikkoa\/weeks<\/figcaption><\/figure>\n\n\n\n<figure class=\"wp-block-image size-large\"><a href=\"https:\/\/bearvvis.com\/wp-content\/uploads\/2023\/07\/IMG_9892-scaled.jpg\"><img loading=\"lazy\" decoding=\"async\" width=\"862\" height=\"1024\" data-id=\"1806\" src=\"https:\/\/bearvvis.com\/wp-content\/uploads\/2023\/07\/IMG_9892-862x1024.jpg\" alt=\"\" class=\"wp-image-1806\" srcset=\"https:\/\/bearvvis.com\/wp-content\/uploads\/2023\/07\/IMG_9892-862x1024.jpg 862w, https:\/\/bearvvis.com\/wp-content\/uploads\/2023\/07\/IMG_9892-253x300.jpg 253w, https:\/\/bearvvis.com\/wp-content\/uploads\/2023\/07\/IMG_9892-768x912.jpg 768w, https:\/\/bearvvis.com\/wp-content\/uploads\/2023\/07\/IMG_9892-1294x1536.jpg 1294w, https:\/\/bearvvis.com\/wp-content\/uploads\/2023\/07\/IMG_9892-1725x2048.jpg 1725w, https:\/\/bearvvis.com\/wp-content\/uploads\/2023\/07\/IMG_9892-600x712.jpg 600w\" sizes=\"auto, (max-width: 862px) 100vw, 862px\" \/><\/a><figcaption class=\"wp-element-caption\">Tigi 6 viikkoa\/weeks<\/figcaption><\/figure>\n\n\n\n<figure class=\"wp-block-image size-large\"><a href=\"https:\/\/bearvvis.com\/wp-content\/uploads\/2023\/07\/IMG_9887-scaled.jpg\"><img loading=\"lazy\" decoding=\"async\" width=\"1024\" height=\"865\" data-id=\"1809\" src=\"https:\/\/bearvvis.com\/wp-content\/uploads\/2023\/07\/IMG_9887-1024x865.jpg\" alt=\"\" class=\"wp-image-1809\" srcset=\"https:\/\/bearvvis.com\/wp-content\/uploads\/2023\/07\/IMG_9887-1024x865.jpg 1024w, https:\/\/bearvvis.com\/wp-content\/uploads\/2023\/07\/IMG_9887-300x253.jpg 300w, https:\/\/bearvvis.com\/wp-content\/uploads\/2023\/07\/IMG_9887-768x649.jpg 768w, https:\/\/bearvvis.com\/wp-content\/uploads\/2023\/07\/IMG_9887-1536x1297.jpg 1536w, https:\/\/bearvvis.com\/wp-content\/uploads\/2023\/07\/IMG_9887-2048x1730.jpg 2048w, https:\/\/bearvvis.com\/wp-content\/uploads\/2023\/07\/IMG_9887-600x507.jpg 600w\" sizes=\"auto, (max-width: 1024px) 100vw, 1024px\" \/><\/a><figcaption class=\"wp-element-caption\">Tigi 6 viikkoa\/weeks<\/figcaption><\/figure>\n<\/figure>\n\n\n\n<figure class=\"wp-block-gallery has-nested-images columns-default is-cropped wp-block-gallery-2 is-layout-flex wp-block-gallery-is-layout-flex\">\n<figure class=\"wp-block-image size-large\"><a href=\"https:\/\/bearvvis.com\/wp-content\/uploads\/2023\/08\/tigi1.jpg\"><img loading=\"lazy\" decoding=\"async\" width=\"1024\" height=\"1006\" data-id=\"1877\" src=\"https:\/\/bearvvis.com\/wp-content\/uploads\/2023\/08\/tigi1-1024x1006.jpg\" alt=\"\" class=\"wp-image-1877\" srcset=\"https:\/\/bearvvis.com\/wp-content\/uploads\/2023\/08\/tigi1-1024x1006.jpg 1024w, https:\/\/bearvvis.com\/wp-content\/uploads\/2023\/08\/tigi1-300x295.jpg 300w, https:\/\/bearvvis.com\/wp-content\/uploads\/2023\/08\/tigi1-768x755.jpg 768w, https:\/\/bearvvis.com\/wp-content\/uploads\/2023\/08\/tigi1-1536x1510.jpg 1536w, https:\/\/bearvvis.com\/wp-content\/uploads\/2023\/08\/tigi1-2048x2013.jpg 2048w, https:\/\/bearvvis.com\/wp-content\/uploads\/2023\/08\/tigi1-600x590.jpg 600w\" sizes=\"auto, (max-width: 1024px) 100vw, 1024px\" \/><\/a><figcaption class=\"wp-element-caption\">Tigi 14 viikkoa<\/figcaption><\/figure>\n\n\n\n<figure class=\"wp-block-image size-large\"><a href=\"https:\/\/bearvvis.com\/wp-content\/uploads\/2023\/08\/tigi5-scaled.jpg\"><img loading=\"lazy\" decoding=\"async\" width=\"740\" height=\"1024\" data-id=\"1879\" src=\"https:\/\/bearvvis.com\/wp-content\/uploads\/2023\/08\/tigi5-740x1024.jpg\" alt=\"\" class=\"wp-image-1879\" srcset=\"https:\/\/bearvvis.com\/wp-content\/uploads\/2023\/08\/tigi5-740x1024.jpg 740w, https:\/\/bearvvis.com\/wp-content\/uploads\/2023\/08\/tigi5-217x300.jpg 217w, https:\/\/bearvvis.com\/wp-content\/uploads\/2023\/08\/tigi5-768x1063.jpg 768w, https:\/\/bearvvis.com\/wp-content\/uploads\/2023\/08\/tigi5-1110x1536.jpg 1110w, https:\/\/bearvvis.com\/wp-content\/uploads\/2023\/08\/tigi5-1480x2048.jpg 1480w, https:\/\/bearvvis.com\/wp-content\/uploads\/2023\/08\/tigi5-600x830.jpg 600w, https:\/\/bearvvis.com\/wp-content\/uploads\/2023\/08\/tigi5-scaled.jpg 1850w\" sizes=\"auto, (max-width: 740px) 100vw, 740px\" \/><\/a><figcaption class=\"wp-element-caption\">Tigi 14 viikkoa<\/figcaption><\/figure>\n<\/figure>\n\n\n\n<figure class=\"wp-block-image size-large\"><a href=\"https:\/\/bearvvis.com\/wp-content\/uploads\/2024\/04\/IMG_2143-scaled.jpg\"><img loading=\"lazy\" decoding=\"async\" width=\"1024\" height=\"683\" src=\"https:\/\/bearvvis.com\/wp-content\/uploads\/2024\/04\/IMG_2143-1024x683.jpg\" alt=\"\" class=\"wp-image-2019\" srcset=\"https:\/\/bearvvis.com\/wp-content\/uploads\/2024\/04\/IMG_2143-1024x683.jpg 1024w, https:\/\/bearvvis.com\/wp-content\/uploads\/2024\/04\/IMG_2143-300x200.jpg 300w, https:\/\/bearvvis.com\/wp-content\/uploads\/2024\/04\/IMG_2143-768x512.jpg 768w, https:\/\/bearvvis.com\/wp-content\/uploads\/2024\/04\/IMG_2143-1536x1024.jpg 1536w, https:\/\/bearvvis.com\/wp-content\/uploads\/2024\/04\/IMG_2143-2048x1365.jpg 2048w, https:\/\/bearvvis.com\/wp-content\/uploads\/2024\/04\/IMG_2143-600x400.jpg 600w\" sizes=\"auto, (max-width: 1024px) 100vw, 1024px\" \/><\/a><figcaption class=\"wp-element-caption\">Tigi 11 kk7months<\/figcaption><\/figure>\n\n\n\n<figure class=\"wp-block-image size-full\"><a href=\"https:\/\/bearvvis.com\/wp-content\/uploads\/2024\/10\/Tigi-porvoo.jpg\"><img loading=\"lazy\" decoding=\"async\" width=\"489\" height=\"587\" src=\"https:\/\/bearvvis.com\/wp-content\/uploads\/2024\/10\/Tigi-porvoo.jpg\" alt=\"\" class=\"wp-image-2131\" srcset=\"https:\/\/bearvvis.com\/wp-content\/uploads\/2024\/10\/Tigi-porvoo.jpg 489w, https:\/\/bearvvis.com\/wp-content\/uploads\/2024\/10\/Tigi-porvoo-250x300.jpg 250w\" sizes=\"auto, (max-width: 489px) 100vw, 489px\" \/><\/a><\/figure>\n\n\n\n<p class=\"has-text-align-center has-large-font-size\"><\/p>\n\n\n\n<p><\/p>\n","protected":false},"excerpt":{"rendered":"<p>Syntynyt\/born: 29.4.2023 Is\u00e4: BIS, BISV,C.I.B,C.I.B-V, FI&amp;EE&lt; Mva\/Ch, FI &amp; EE&amp;, LT Vmva, EE Jmva\/Jch ,HeVW-22 PMVV-22 , EUVV-23,AGRIAVW-23, EEVW-23, LVVW-23 Bearvvis Be Northern Explorer \u201dM\u00f6k\u00f6\u201d REK3 Em\u00e4: FI &amp; Ee Mva\/Ch Bearvvis Aniruk Sinnaktuk \u201dSinna\u201d Silm\u00e4t\/eyes: Ok 12\/24 PN: Normal ( vanhempien kautta\/clear by parentage) plus My Dog Dna LC(pitk\u00e4karva): Normaali Sukutaulu &#8221;Tigi&#8221; on toinen [&hellip;]<\/p>\n","protected":false},"author":1,"featured_media":0,"parent":16,"menu_order":8,"comment_status":"closed","ping_status":"closed","template":"","meta":{"footnotes":""},"class_list":["post-1801","page","type-page","status-publish","hentry"],"_links":{"self":[{"href":"https:\/\/bearvvis.com\/index.php?rest_route=\/wp\/v2\/pages\/1801","targetHints":{"allow":["GET"]}}],"collection":[{"href":"https:\/\/bearvvis.com\/index.php?rest_route=\/wp\/v2\/pages"}],"about":[{"href":"https:\/\/bearvvis.com\/index.php?rest_route=\/wp\/v2\/types\/page"}],"author":[{"embeddable":true,"href":"https:\/\/bearvvis.com\/index.php?rest_route=\/wp\/v2\/users\/1"}],"replies":[{"embeddable":true,"href":"https:\/\/bearvvis.com\/index.php?rest_route=%2Fwp%2Fv2%2Fcomments&post=1801"}],"version-history":[{"count":11,"href":"https:\/\/bearvvis.com\/index.php?rest_route=\/wp\/v2\/pages\/1801\/revisions"}],"predecessor-version":[{"id":2393,"href":"https:\/\/bearvvis.com\/index.php?rest_route=\/wp\/v2\/pages\/1801\/revisions\/2393"}],"up":[{"embeddable":true,"href":"https:\/\/bearvvis.com\/index.php?rest_route=\/wp\/v2\/pages\/16"}],"wp:attachment":[{"href":"https:\/\/bearvvis.com\/index.php?rest_route=%2Fwp%2Fv2%2Fmedia&parent=1801"}],"curies":[{"name":"wp","href":"https:\/\/api.w.org\/{rel}","templated":true}]}}