{"id":1811,"date":"2023-07-04T13:18:06","date_gmt":"2023-07-04T13:18:06","guid":{"rendered":"http:\/\/bearvvis.com\/?page_id=1811"},"modified":"2026-02-27T16:56:50","modified_gmt":"2026-02-27T16:56:50","slug":"bearvvis-maybe-a-little-bit-queen-tiga","status":"publish","type":"page","link":"https:\/\/bearvvis.com\/?page_id=1811","title":{"rendered":"Bearvvis Maybe A Little Bit Queen &#8221;Tiga&#8221;"},"content":{"rendered":"\n<figure class=\"wp-block-image size-large is-resized\"><a href=\"https:\/\/bearvvis.com\/wp-content\/uploads\/2023\/07\/IMG_9743-scaled.jpg\"><img loading=\"lazy\" decoding=\"async\" width=\"1024\" height=\"898\" src=\"https:\/\/bearvvis.com\/wp-content\/uploads\/2023\/07\/IMG_9743-1024x898.jpg\" alt=\"\" class=\"wp-image-1812\" style=\"width:466px;height:408px\" srcset=\"https:\/\/bearvvis.com\/wp-content\/uploads\/2023\/07\/IMG_9743-1024x898.jpg 1024w, https:\/\/bearvvis.com\/wp-content\/uploads\/2023\/07\/IMG_9743-300x263.jpg 300w, https:\/\/bearvvis.com\/wp-content\/uploads\/2023\/07\/IMG_9743-768x674.jpg 768w, https:\/\/bearvvis.com\/wp-content\/uploads\/2023\/07\/IMG_9743-1536x1348.jpg 1536w, https:\/\/bearvvis.com\/wp-content\/uploads\/2023\/07\/IMG_9743-2048x1797.jpg 2048w, https:\/\/bearvvis.com\/wp-content\/uploads\/2023\/07\/IMG_9743-600x526.jpg 600w\" sizes=\"auto, (max-width: 1024px) 100vw, 1024px\" \/><\/a><figcaption class=\"wp-element-caption\">&#8221;Tiga&#8221; 6-viikkoisena<\/figcaption><\/figure>\n\n\n\n<p>Syntynyt\/born: 29.4.2023<\/p>\n\n\n\n<p>Is\u00e4: BIS, BISV,C.I.B,C.I.B-V, FI&amp;EE&lt; Mva\/Ch, FI &amp; EE&amp;, LT Vmva, EE Jmva\/Jch ,HeVW-22 PMVV-22 , EUVV-23,AGRIAVW-23, EEVW-23, LVVW-23 Bearvvis Be Northern Explorer \u201dM\u00f6k\u00f6\u201d REK3<\/p>\n\n\n\n<p>Em\u00e4: FI &amp; Ee Mva\/Ch Bearvvis Aniruk Sinnaktuk \u201dSinna\u201d<\/p>\n\n\n\n<p>Silm\u00e4t\/eyes: Ok 12\/24<\/p>\n\n\n\n<p>HD:C\/B<\/p>\n\n\n\n<p>ED:0\/0<\/p>\n\n\n\n<p>PN: Normal ( vanhempien kautta\/clear by parentage), plus My Dog Dna<\/p>\n\n\n\n<p>LC(pitk\u00e4karva): Normaali<\/p>\n\n\n\n<p><a href=\"https:\/\/jalostus.kennelliitto.fi\/frmKoira.aspx?RekNo=FI29550%2F23&amp;R=243\">Sukutaulu<\/a><\/p>\n\n\n\n<p>&#8221;Tigan&#8221; oli alunperin tarkoitus menn\u00e4 sijoitukseen, mutta neidin noustua jaloilleen, ja luonteen alkaessa selvit\u00e4, ei topakkaa alkua voinut ensimm\u00e4iseksi malamuutiksi tarjota. Tiga j\u00e4i sitten t\u00e4nne kotiin isomman lauman paineeseen, ja tarkkaan kasvatukseen. Tiga on sporttinen, j\u00e4ntev\u00e4 ja hyvin aktiivinen narttu. Innolla odotamme mit\u00e4 siit\u00e4 viel\u00e4 kehittyy ajankanssa. Tiga kuuluu hitaasti kehittyvien joukkoon. Tigalle lausuttiin toinen lonkka C:ksi mataluuden vuoksi. Tigan kanssa j\u00e4\u00e4d\u00e4\u00e4n odottamaan taipuuko seuraavassa pevisan p\u00e4ivityksess\u00e4 jalostusk\u00e4yt\u00f6\u00f6n, sopivan korkean tuloksen saaneen uroksen kanssa. Tiga on osoittanut erinomaista valjakkoty\u00f6skentely\u00e4 ja n\u00e4yttelyiss\u00e4kin on tullut mukavia tuloksia.<\/p>\n\n\n\n<figure class=\"wp-block-gallery has-nested-images columns-default is-cropped wp-block-gallery-1 is-layout-flex wp-block-gallery-is-layout-flex\">\n<figure class=\"wp-block-image size-large\"><a href=\"https:\/\/bearvvis.com\/wp-content\/uploads\/2023\/07\/IMG_9589-scaled.jpg\"><img loading=\"lazy\" decoding=\"async\" width=\"683\" height=\"1024\" data-id=\"1813\" src=\"https:\/\/bearvvis.com\/wp-content\/uploads\/2023\/07\/IMG_9589-683x1024.jpg\" alt=\"\" class=\"wp-image-1813\" srcset=\"https:\/\/bearvvis.com\/wp-content\/uploads\/2023\/07\/IMG_9589-683x1024.jpg 683w, https:\/\/bearvvis.com\/wp-content\/uploads\/2023\/07\/IMG_9589-200x300.jpg 200w, https:\/\/bearvvis.com\/wp-content\/uploads\/2023\/07\/IMG_9589-768x1152.jpg 768w, https:\/\/bearvvis.com\/wp-content\/uploads\/2023\/07\/IMG_9589-1024x1536.jpg 1024w, https:\/\/bearvvis.com\/wp-content\/uploads\/2023\/07\/IMG_9589-1365x2048.jpg 1365w, https:\/\/bearvvis.com\/wp-content\/uploads\/2023\/07\/IMG_9589-600x900.jpg 600w, https:\/\/bearvvis.com\/wp-content\/uploads\/2023\/07\/IMG_9589-scaled.jpg 1707w\" sizes=\"auto, (max-width: 683px) 100vw, 683px\" \/><\/a><figcaption class=\"wp-element-caption\">Tiga 5 viikkoa\/weeks<\/figcaption><\/figure>\n\n\n\n<figure class=\"wp-block-image size-large\"><a href=\"https:\/\/bearvvis.com\/wp-content\/uploads\/2023\/07\/IMG_9588-scaled.jpg\"><img loading=\"lazy\" decoding=\"async\" width=\"1024\" height=\"683\" data-id=\"1814\" src=\"https:\/\/bearvvis.com\/wp-content\/uploads\/2023\/07\/IMG_9588-1024x683.jpg\" alt=\"\" class=\"wp-image-1814\" srcset=\"https:\/\/bearvvis.com\/wp-content\/uploads\/2023\/07\/IMG_9588-1024x683.jpg 1024w, https:\/\/bearvvis.com\/wp-content\/uploads\/2023\/07\/IMG_9588-300x200.jpg 300w, https:\/\/bearvvis.com\/wp-content\/uploads\/2023\/07\/IMG_9588-768x512.jpg 768w, https:\/\/bearvvis.com\/wp-content\/uploads\/2023\/07\/IMG_9588-1536x1024.jpg 1536w, https:\/\/bearvvis.com\/wp-content\/uploads\/2023\/07\/IMG_9588-2048x1365.jpg 2048w, https:\/\/bearvvis.com\/wp-content\/uploads\/2023\/07\/IMG_9588-600x400.jpg 600w\" sizes=\"auto, (max-width: 1024px) 100vw, 1024px\" \/><\/a><figcaption class=\"wp-element-caption\">Tiga 5 viikkoa\/weeks<\/figcaption><\/figure>\n\n\n\n<figure class=\"wp-block-image size-large\"><a href=\"https:\/\/bearvvis.com\/wp-content\/uploads\/2023\/07\/IMG_9908-scaled.jpg\"><img loading=\"lazy\" decoding=\"async\" width=\"1024\" height=\"757\" data-id=\"1815\" src=\"https:\/\/bearvvis.com\/wp-content\/uploads\/2023\/07\/IMG_9908-1024x757.jpg\" alt=\"\" class=\"wp-image-1815\" srcset=\"https:\/\/bearvvis.com\/wp-content\/uploads\/2023\/07\/IMG_9908-1024x757.jpg 1024w, https:\/\/bearvvis.com\/wp-content\/uploads\/2023\/07\/IMG_9908-300x222.jpg 300w, https:\/\/bearvvis.com\/wp-content\/uploads\/2023\/07\/IMG_9908-768x568.jpg 768w, https:\/\/bearvvis.com\/wp-content\/uploads\/2023\/07\/IMG_9908-1536x1135.jpg 1536w, https:\/\/bearvvis.com\/wp-content\/uploads\/2023\/07\/IMG_9908-2048x1513.jpg 2048w, https:\/\/bearvvis.com\/wp-content\/uploads\/2023\/07\/IMG_9908-600x443.jpg 600w\" sizes=\"auto, (max-width: 1024px) 100vw, 1024px\" \/><\/a><figcaption class=\"wp-element-caption\">Tiga 6 viikkoa\/weeks<\/figcaption><\/figure>\n\n\n\n<figure class=\"wp-block-image size-large\"><a href=\"https:\/\/bearvvis.com\/wp-content\/uploads\/2023\/07\/IMG_9915-scaled.jpg\"><img loading=\"lazy\" decoding=\"async\" width=\"728\" height=\"1024\" data-id=\"1816\" src=\"https:\/\/bearvvis.com\/wp-content\/uploads\/2023\/07\/IMG_9915-728x1024.jpg\" alt=\"\" class=\"wp-image-1816\" srcset=\"https:\/\/bearvvis.com\/wp-content\/uploads\/2023\/07\/IMG_9915-728x1024.jpg 728w, https:\/\/bearvvis.com\/wp-content\/uploads\/2023\/07\/IMG_9915-213x300.jpg 213w, https:\/\/bearvvis.com\/wp-content\/uploads\/2023\/07\/IMG_9915-768x1080.jpg 768w, https:\/\/bearvvis.com\/wp-content\/uploads\/2023\/07\/IMG_9915-1092x1536.jpg 1092w, https:\/\/bearvvis.com\/wp-content\/uploads\/2023\/07\/IMG_9915-1456x2048.jpg 1456w, https:\/\/bearvvis.com\/wp-content\/uploads\/2023\/07\/IMG_9915-600x844.jpg 600w, https:\/\/bearvvis.com\/wp-content\/uploads\/2023\/07\/IMG_9915-scaled.jpg 1820w\" sizes=\"auto, (max-width: 728px) 100vw, 728px\" \/><\/a><figcaption class=\"wp-element-caption\">6 viikkoa\/weeks<\/figcaption><\/figure>\n<\/figure>\n\n\n\n<figure class=\"wp-block-gallery has-nested-images columns-default is-cropped wp-block-gallery-2 is-layout-flex wp-block-gallery-is-layout-flex\">\n<figure class=\"wp-block-image size-large\"><a href=\"https:\/\/bearvvis.com\/wp-content\/uploads\/2023\/08\/tiga5-scaled.jpg\"><img loading=\"lazy\" decoding=\"async\" width=\"706\" height=\"1024\" data-id=\"1873\" src=\"https:\/\/bearvvis.com\/wp-content\/uploads\/2023\/08\/tiga5-706x1024.jpg\" alt=\"\" class=\"wp-image-1873\" srcset=\"https:\/\/bearvvis.com\/wp-content\/uploads\/2023\/08\/tiga5-706x1024.jpg 706w, https:\/\/bearvvis.com\/wp-content\/uploads\/2023\/08\/tiga5-207x300.jpg 207w, https:\/\/bearvvis.com\/wp-content\/uploads\/2023\/08\/tiga5-768x1114.jpg 768w, https:\/\/bearvvis.com\/wp-content\/uploads\/2023\/08\/tiga5-1059x1536.jpg 1059w, https:\/\/bearvvis.com\/wp-content\/uploads\/2023\/08\/tiga5-1412x2048.jpg 1412w, https:\/\/bearvvis.com\/wp-content\/uploads\/2023\/08\/tiga5-600x870.jpg 600w, https:\/\/bearvvis.com\/wp-content\/uploads\/2023\/08\/tiga5-scaled.jpg 1765w\" sizes=\"auto, (max-width: 706px) 100vw, 706px\" \/><\/a><figcaption class=\"wp-element-caption\">Tiga 14 viikkoa<\/figcaption><\/figure>\n\n\n\n<figure class=\"wp-block-image size-large\"><a href=\"https:\/\/bearvvis.com\/wp-content\/uploads\/2023\/08\/tiga1-scaled.jpg\"><img loading=\"lazy\" decoding=\"async\" width=\"1024\" height=\"750\" data-id=\"1870\" src=\"https:\/\/bearvvis.com\/wp-content\/uploads\/2023\/08\/tiga1-1024x750.jpg\" alt=\"\" class=\"wp-image-1870\" srcset=\"https:\/\/bearvvis.com\/wp-content\/uploads\/2023\/08\/tiga1-1024x750.jpg 1024w, https:\/\/bearvvis.com\/wp-content\/uploads\/2023\/08\/tiga1-300x220.jpg 300w, https:\/\/bearvvis.com\/wp-content\/uploads\/2023\/08\/tiga1-768x562.jpg 768w, https:\/\/bearvvis.com\/wp-content\/uploads\/2023\/08\/tiga1-1536x1125.jpg 1536w, https:\/\/bearvvis.com\/wp-content\/uploads\/2023\/08\/tiga1-2048x1500.jpg 2048w, https:\/\/bearvvis.com\/wp-content\/uploads\/2023\/08\/tiga1-600x439.jpg 600w\" sizes=\"auto, (max-width: 1024px) 100vw, 1024px\" \/><\/a><figcaption class=\"wp-element-caption\">Tiga 14 viikkoa<\/figcaption><\/figure>\n<\/figure>\n\n\n\n<figure class=\"wp-block-gallery has-nested-images columns-default is-cropped wp-block-gallery-3 is-layout-flex wp-block-gallery-is-layout-flex\"><\/figure>\n\n\n\n<figure class=\"wp-block-gallery has-nested-images columns-default is-cropped wp-block-gallery-4 is-layout-flex wp-block-gallery-is-layout-flex\"><\/figure>\n","protected":false},"excerpt":{"rendered":"<p>Syntynyt\/born: 29.4.2023 Is\u00e4: BIS, BISV,C.I.B,C.I.B-V, FI&amp;EE&lt; Mva\/Ch, FI &amp; EE&amp;, LT Vmva, EE Jmva\/Jch ,HeVW-22 PMVV-22 , EUVV-23,AGRIAVW-23, EEVW-23, LVVW-23 Bearvvis Be Northern Explorer \u201dM\u00f6k\u00f6\u201d REK3 Em\u00e4: FI &amp; Ee Mva\/Ch Bearvvis Aniruk Sinnaktuk \u201dSinna\u201d Silm\u00e4t\/eyes: Ok 12\/24 HD:C\/B ED:0\/0 PN: Normal ( vanhempien kautta\/clear by parentage), plus My Dog Dna LC(pitk\u00e4karva): Normaali Sukutaulu &#8221;Tigan&#8221; [&hellip;]<\/p>\n","protected":false},"author":1,"featured_media":0,"parent":18,"menu_order":11,"comment_status":"closed","ping_status":"closed","template":"","meta":{"footnotes":""},"class_list":["post-1811","page","type-page","status-publish","hentry"],"_links":{"self":[{"href":"https:\/\/bearvvis.com\/index.php?rest_route=\/wp\/v2\/pages\/1811","targetHints":{"allow":["GET"]}}],"collection":[{"href":"https:\/\/bearvvis.com\/index.php?rest_route=\/wp\/v2\/pages"}],"about":[{"href":"https:\/\/bearvvis.com\/index.php?rest_route=\/wp\/v2\/types\/page"}],"author":[{"embeddable":true,"href":"https:\/\/bearvvis.com\/index.php?rest_route=\/wp\/v2\/users\/1"}],"replies":[{"embeddable":true,"href":"https:\/\/bearvvis.com\/index.php?rest_route=%2Fwp%2Fv2%2Fcomments&post=1811"}],"version-history":[{"count":7,"href":"https:\/\/bearvvis.com\/index.php?rest_route=\/wp\/v2\/pages\/1811\/revisions"}],"predecessor-version":[{"id":2434,"href":"https:\/\/bearvvis.com\/index.php?rest_route=\/wp\/v2\/pages\/1811\/revisions\/2434"}],"up":[{"embeddable":true,"href":"https:\/\/bearvvis.com\/index.php?rest_route=\/wp\/v2\/pages\/18"}],"wp:attachment":[{"href":"https:\/\/bearvvis.com\/index.php?rest_route=%2Fwp%2Fv2%2Fmedia&parent=1811"}],"curies":[{"name":"wp","href":"https:\/\/api.w.org\/{rel}","templated":true}]}}