{"id":1859,"date":"2023-08-06T05:21:17","date_gmt":"2023-08-06T05:21:17","guid":{"rendered":"http:\/\/bearvvis.com\/?page_id=1859"},"modified":"2025-10-26T16:40:04","modified_gmt":"2025-10-26T16:40:04","slug":"salla","status":"publish","type":"page","link":"https:\/\/bearvvis.com\/?page_id=1859","title":{"rendered":"Salla"},"content":{"rendered":"\n<figure class=\"wp-block-gallery has-nested-images columns-default is-cropped wp-block-gallery-1 is-layout-flex wp-block-gallery-is-layout-flex\">\n<figure class=\"wp-block-image size-large\"><a href=\"https:\/\/bearvvis.com\/wp-content\/uploads\/2025\/10\/Salla-lokakuu-scaled.jpg\"><img loading=\"lazy\" decoding=\"async\" width=\"1024\" height=\"683\" data-id=\"2396\" src=\"https:\/\/bearvvis.com\/wp-content\/uploads\/2025\/10\/Salla-lokakuu-1024x683.jpg\" alt=\"\" class=\"wp-image-2396\" srcset=\"https:\/\/bearvvis.com\/wp-content\/uploads\/2025\/10\/Salla-lokakuu-1024x683.jpg 1024w, https:\/\/bearvvis.com\/wp-content\/uploads\/2025\/10\/Salla-lokakuu-300x200.jpg 300w, https:\/\/bearvvis.com\/wp-content\/uploads\/2025\/10\/Salla-lokakuu-768x512.jpg 768w, https:\/\/bearvvis.com\/wp-content\/uploads\/2025\/10\/Salla-lokakuu-1536x1024.jpg 1536w, https:\/\/bearvvis.com\/wp-content\/uploads\/2025\/10\/Salla-lokakuu-2048x1365.jpg 2048w, https:\/\/bearvvis.com\/wp-content\/uploads\/2025\/10\/Salla-lokakuu-600x400.jpg 600w\" sizes=\"auto, (max-width: 1024px) 100vw, 1024px\" \/><\/a><\/figure>\n<\/figure>\n\n\n\n<p>Salla -25<\/p>\n\n\n\n<p>Synt.\/born: 1.6.2023<\/p>\n\n\n\n<p>Is\u00e4:  Nuotioretken Koskenlaskija<\/p>\n\n\n\n<p>Em\u00e4: Lapinpeikon Ykskaks Yll\u00e4tt\u00e4en<\/p>\n\n\n\n<p>Silm\u00e4t\/eyes: Ok 4 \/25<\/p>\n\n\n\n<p>HD:C<\/p>\n\n\n\n<p>ED:0\/0<\/p>\n\n\n\n<p>Prcd: N\/N<\/p>\n\n\n\n<p>Pompen :&nbsp;N\/N<\/p>\n\n\n\n<p>DM: N\/N<\/p>\n\n\n\n<p>CMR: N\/N<\/p>\n\n\n\n<p><a href=\"https:\/\/jalostus.kennelliitto.fi\/frmKoira.aspx?RekNo=FI34653%2F23&amp;R=189\">Sukutaulu<\/a><\/p>\n\n\n\n<p>Salla tuli meille puolivahingossa, kun pentueesta oli ensin tarkoitus sijoittaa uros, mutta kun pentuja menin katsomaan oli valinta selv\u00e4. Salla on rakenteellisesti erinomaista tyyppi\u00e4 ja luonteeltaan rauhallinen. Salla on k\u00e4ynyt muutamissa n\u00e4yttelyiss\u00e4. Hieman haastetta tuo Sallan laiskanpulskea liike n\u00e4yttelyiss\u00e4, vaikka kotona p\u00e4\u00e4see varsin lujaa. T\u00e4t\u00e4 siis harjoitellaan ja toivotaan, ett\u00e4 i\u00e4n kanssa kauniin ulkomuodon lis\u00e4ksi n\u00e4ytt\u00e4\u00e4 my\u00f6s liikkeiss\u00e4 mihin pystyy. Sallalle on suunnitteilla pentue kev\u00e4\u00e4seen. <\/p>\n\n\n\n<figure class=\"wp-block-gallery has-nested-images columns-default is-cropped wp-block-gallery-2 is-layout-flex wp-block-gallery-is-layout-flex\">\n<figure class=\"wp-block-image size-large\"><a href=\"https:\/\/bearvvis.com\/wp-content\/uploads\/2023\/08\/salla-1.jpg\"><img loading=\"lazy\" decoding=\"async\" width=\"1024\" height=\"925\" data-id=\"1867\" src=\"https:\/\/bearvvis.com\/wp-content\/uploads\/2023\/08\/salla-1-1024x925.jpg\" alt=\"\" class=\"wp-image-1867\" srcset=\"https:\/\/bearvvis.com\/wp-content\/uploads\/2023\/08\/salla-1-1024x925.jpg 1024w, https:\/\/bearvvis.com\/wp-content\/uploads\/2023\/08\/salla-1-300x271.jpg 300w, https:\/\/bearvvis.com\/wp-content\/uploads\/2023\/08\/salla-1-768x694.jpg 768w, https:\/\/bearvvis.com\/wp-content\/uploads\/2023\/08\/salla-1-1536x1388.jpg 1536w, https:\/\/bearvvis.com\/wp-content\/uploads\/2023\/08\/salla-1-2048x1850.jpg 2048w, https:\/\/bearvvis.com\/wp-content\/uploads\/2023\/08\/salla-1-600x542.jpg 600w\" sizes=\"auto, (max-width: 1024px) 100vw, 1024px\" \/><\/a><figcaption class=\"wp-element-caption\">Salla 9 viikkoa<\/figcaption><\/figure>\n<\/figure>\n\n\n\n<figure class=\"wp-block-gallery has-nested-images columns-default is-cropped wp-block-gallery-3 is-layout-flex wp-block-gallery-is-layout-flex\">\n<figure class=\"wp-block-image size-large\"><a href=\"https:\/\/bearvvis.com\/wp-content\/uploads\/2025\/10\/Salla-lokakuu2-scaled.jpg\"><img loading=\"lazy\" decoding=\"async\" width=\"683\" height=\"1024\" data-id=\"2397\" src=\"https:\/\/bearvvis.com\/wp-content\/uploads\/2025\/10\/Salla-lokakuu2-683x1024.jpg\" alt=\"\" class=\"wp-image-2397\" srcset=\"https:\/\/bearvvis.com\/wp-content\/uploads\/2025\/10\/Salla-lokakuu2-683x1024.jpg 683w, https:\/\/bearvvis.com\/wp-content\/uploads\/2025\/10\/Salla-lokakuu2-200x300.jpg 200w, https:\/\/bearvvis.com\/wp-content\/uploads\/2025\/10\/Salla-lokakuu2-768x1152.jpg 768w, https:\/\/bearvvis.com\/wp-content\/uploads\/2025\/10\/Salla-lokakuu2-1024x1536.jpg 1024w, https:\/\/bearvvis.com\/wp-content\/uploads\/2025\/10\/Salla-lokakuu2-1365x2048.jpg 1365w, https:\/\/bearvvis.com\/wp-content\/uploads\/2025\/10\/Salla-lokakuu2-600x900.jpg 600w, https:\/\/bearvvis.com\/wp-content\/uploads\/2025\/10\/Salla-lokakuu2-scaled.jpg 1707w\" sizes=\"auto, (max-width: 683px) 100vw, 683px\" \/><\/a><figcaption class=\"wp-element-caption\">Salla syksy-25<\/figcaption><\/figure>\n<\/figure>\n","protected":false},"excerpt":{"rendered":"<p>Salla -25 Synt.\/born: 1.6.2023 Is\u00e4: Nuotioretken Koskenlaskija Em\u00e4: Lapinpeikon Ykskaks Yll\u00e4tt\u00e4en Silm\u00e4t\/eyes: Ok 4 \/25 HD:C ED:0\/0 Prcd: N\/N Pompen :&nbsp;N\/N DM: N\/N CMR: N\/N Sukutaulu Salla tuli meille puolivahingossa, kun pentueesta oli ensin tarkoitus sijoittaa uros, mutta kun pentuja menin katsomaan oli valinta selv\u00e4. Salla on rakenteellisesti erinomaista tyyppi\u00e4 ja luonteeltaan rauhallinen. Salla on [&hellip;]<\/p>\n","protected":false},"author":1,"featured_media":0,"parent":147,"menu_order":5,"comment_status":"closed","ping_status":"closed","template":"","meta":{"footnotes":""},"class_list":["post-1859","page","type-page","status-publish","hentry"],"_links":{"self":[{"href":"https:\/\/bearvvis.com\/index.php?rest_route=\/wp\/v2\/pages\/1859","targetHints":{"allow":["GET"]}}],"collection":[{"href":"https:\/\/bearvvis.com\/index.php?rest_route=\/wp\/v2\/pages"}],"about":[{"href":"https:\/\/bearvvis.com\/index.php?rest_route=\/wp\/v2\/types\/page"}],"author":[{"embeddable":true,"href":"https:\/\/bearvvis.com\/index.php?rest_route=\/wp\/v2\/users\/1"}],"replies":[{"embeddable":true,"href":"https:\/\/bearvvis.com\/index.php?rest_route=%2Fwp%2Fv2%2Fcomments&post=1859"}],"version-history":[{"count":11,"href":"https:\/\/bearvvis.com\/index.php?rest_route=\/wp\/v2\/pages\/1859\/revisions"}],"predecessor-version":[{"id":2398,"href":"https:\/\/bearvvis.com\/index.php?rest_route=\/wp\/v2\/pages\/1859\/revisions\/2398"}],"up":[{"embeddable":true,"href":"https:\/\/bearvvis.com\/index.php?rest_route=\/wp\/v2\/pages\/147"}],"wp:attachment":[{"href":"https:\/\/bearvvis.com\/index.php?rest_route=%2Fwp%2Fv2%2Fmedia&parent=1859"}],"curies":[{"name":"wp","href":"https:\/\/api.w.org\/{rel}","templated":true}]}}