{"id":1971,"date":"2023-12-05T05:35:38","date_gmt":"2023-12-05T05:35:38","guid":{"rendered":"http:\/\/bearvvis.com\/?page_id=1971"},"modified":"2025-10-16T04:29:33","modified_gmt":"2025-10-16T04:29:33","slug":"bearvvis-lumen-lumo","status":"publish","type":"page","link":"https:\/\/bearvvis.com\/?page_id=1971","title":{"rendered":"Bearvvis Lumen Lumo &#8221;Kirppu&#8221;"},"content":{"rendered":"\n<figure class=\"wp-block-image size-large is-resized\"><a href=\"https:\/\/bearvvis.com\/wp-content\/uploads\/2025\/08\/Kirppu-serti.jpg\"><img loading=\"lazy\" decoding=\"async\" width=\"683\" height=\"1024\" src=\"https:\/\/bearvvis.com\/wp-content\/uploads\/2025\/08\/Kirppu-serti-683x1024.jpg\" alt=\"\" class=\"wp-image-2353\" style=\"width:480px;height:auto\" srcset=\"https:\/\/bearvvis.com\/wp-content\/uploads\/2025\/08\/Kirppu-serti-683x1024.jpg 683w, https:\/\/bearvvis.com\/wp-content\/uploads\/2025\/08\/Kirppu-serti-200x300.jpg 200w, https:\/\/bearvvis.com\/wp-content\/uploads\/2025\/08\/Kirppu-serti-768x1152.jpg 768w, https:\/\/bearvvis.com\/wp-content\/uploads\/2025\/08\/Kirppu-serti-1024x1536.jpg 1024w, https:\/\/bearvvis.com\/wp-content\/uploads\/2025\/08\/Kirppu-serti-600x900.jpg 600w, https:\/\/bearvvis.com\/wp-content\/uploads\/2025\/08\/Kirppu-serti.jpg 1170w\" sizes=\"auto, (max-width: 683px) 100vw, 683px\" \/><\/a><\/figure>\n\n\n\n<p>Kirppu, kes\u00e4ll\u00e4 -25<\/p>\n\n\n\n<p>Synt.\/born.15.10.2023<\/p>\n\n\n\n<figure class=\"wp-block-image size-large is-resized\"><a href=\"https:\/\/bearvvis.com\/wp-content\/uploads\/2023\/08\/IMG-20230816-WA0007.jpg\"><img loading=\"lazy\" decoding=\"async\" width=\"768\" height=\"1024\" src=\"https:\/\/bearvvis.com\/wp-content\/uploads\/2023\/08\/IMG-20230816-WA0007-768x1024.jpg\" alt=\"\" class=\"wp-image-1908\" style=\"width:273px;height:364px\" srcset=\"https:\/\/bearvvis.com\/wp-content\/uploads\/2023\/08\/IMG-20230816-WA0007-768x1024.jpg 768w, https:\/\/bearvvis.com\/wp-content\/uploads\/2023\/08\/IMG-20230816-WA0007-225x300.jpg 225w, https:\/\/bearvvis.com\/wp-content\/uploads\/2023\/08\/IMG-20230816-WA0007-1152x1536.jpg 1152w, https:\/\/bearvvis.com\/wp-content\/uploads\/2023\/08\/IMG-20230816-WA0007-600x800.jpg 600w, https:\/\/bearvvis.com\/wp-content\/uploads\/2023\/08\/IMG-20230816-WA0007.jpg 1500w\" sizes=\"auto, (max-width: 768px) 100vw, 768px\" \/><\/a><figcaption class=\"wp-element-caption\">Hugo<\/figcaption><\/figure>\n\n\n\n<p>Is\u00e4\/sire: Lapinpeikon Quutamolla &#8221;Hugo&#8221;<\/p>\n\n\n\n<p><\/p>\n\n\n\n<figure class=\"wp-block-image size-large is-resized\"><a href=\"https:\/\/bearvvis.com\/wp-content\/uploads\/2019\/11\/IMG_0132.jpg\"><img loading=\"lazy\" decoding=\"async\" width=\"1024\" height=\"683\" src=\"https:\/\/bearvvis.com\/wp-content\/uploads\/2019\/11\/IMG_0132-1024x683.jpg\" alt=\"\" class=\"wp-image-1014\" style=\"width:312px;height:208px\" srcset=\"https:\/\/bearvvis.com\/wp-content\/uploads\/2019\/11\/IMG_0132-1024x683.jpg 1024w, https:\/\/bearvvis.com\/wp-content\/uploads\/2019\/11\/IMG_0132-300x200.jpg 300w, https:\/\/bearvvis.com\/wp-content\/uploads\/2019\/11\/IMG_0132-768x512.jpg 768w\" sizes=\"auto, (max-width: 1024px) 100vw, 1024px\" \/><\/a><figcaption class=\"wp-element-caption\">Lumi<\/figcaption><\/figure>\n\n\n\n<p>Em\u00e4\/dam: Ukkolapikkaan Bierffis Lumileinikki &#8221; Lumi&#8221;<\/p>\n\n\n\n<p>Silm\u00e4t\/eyes: Ok 4\/25<\/p>\n\n\n\n<p>HD: C\/D<\/p>\n\n\n\n<p>ED: 0\/0<\/p>\n\n\n\n<p>Kirppu on ik\u00e4isekseen rauhallinen ja viisas. Kirppu on hyvin oppivainen ja onkin yksi helpoimmista opettaa. <\/p>\n\n\n\n<p>Valitettavasti Kirpun lonkat ei ole toivotunlaiset. Tuloksen my\u00f6t\u00e4 Kirpun jalostusk\u00e4ytt\u00f6 j\u00e4\u00e4 muuten niin mahtavalta koiralta. Kirppu on mahtava seurakoira ja rakastaa lapsia. T\u00e4st\u00e4 syyst\u00e4 Kirppu l\u00e4hti viihdytt\u00e4m\u00e4\u00e4n tytt\u00e4ren yksin j\u00e4\u00e4nytt\u00e4 mitteli\u00e4.<\/p>\n\n\n\n<p><a href=\"https:\/\/jalostus.kennelliitto.fi\/frmKoira.aspx?RekNo=FI50216%2F23&amp;R=189\">Sukutaulu<\/a><\/p>\n","protected":false},"excerpt":{"rendered":"<p>Kirppu, kes\u00e4ll\u00e4 -25 Synt.\/born.15.10.2023 Is\u00e4\/sire: Lapinpeikon Quutamolla &#8221;Hugo&#8221; Em\u00e4\/dam: Ukkolapikkaan Bierffis Lumileinikki &#8221; Lumi&#8221; Silm\u00e4t\/eyes: Ok 4\/25 HD: C\/D ED: 0\/0 Kirppu on ik\u00e4isekseen rauhallinen ja viisas. Kirppu on hyvin oppivainen ja onkin yksi helpoimmista opettaa. Valitettavasti Kirpun lonkat ei ole toivotunlaiset. Tuloksen my\u00f6t\u00e4 Kirpun jalostusk\u00e4ytt\u00f6 j\u00e4\u00e4 muuten niin mahtavalta koiralta. Kirppu on mahtava seurakoira [&hellip;]<\/p>\n","protected":false},"author":1,"featured_media":0,"parent":147,"menu_order":3,"comment_status":"closed","ping_status":"closed","template":"","meta":{"footnotes":""},"class_list":["post-1971","page","type-page","status-publish","hentry"],"_links":{"self":[{"href":"https:\/\/bearvvis.com\/index.php?rest_route=\/wp\/v2\/pages\/1971","targetHints":{"allow":["GET"]}}],"collection":[{"href":"https:\/\/bearvvis.com\/index.php?rest_route=\/wp\/v2\/pages"}],"about":[{"href":"https:\/\/bearvvis.com\/index.php?rest_route=\/wp\/v2\/types\/page"}],"author":[{"embeddable":true,"href":"https:\/\/bearvvis.com\/index.php?rest_route=\/wp\/v2\/users\/1"}],"replies":[{"embeddable":true,"href":"https:\/\/bearvvis.com\/index.php?rest_route=%2Fwp%2Fv2%2Fcomments&post=1971"}],"version-history":[{"count":7,"href":"https:\/\/bearvvis.com\/index.php?rest_route=\/wp\/v2\/pages\/1971\/revisions"}],"predecessor-version":[{"id":2381,"href":"https:\/\/bearvvis.com\/index.php?rest_route=\/wp\/v2\/pages\/1971\/revisions\/2381"}],"up":[{"embeddable":true,"href":"https:\/\/bearvvis.com\/index.php?rest_route=\/wp\/v2\/pages\/147"}],"wp:attachment":[{"href":"https:\/\/bearvvis.com\/index.php?rest_route=%2Fwp%2Fv2%2Fmedia&parent=1971"}],"curies":[{"name":"wp","href":"https:\/\/api.w.org\/{rel}","templated":true}]}}