{"id":2028,"date":"2024-04-15T12:19:02","date_gmt":"2024-04-15T12:19:02","guid":{"rendered":"http:\/\/bearvvis.com\/?page_id=2028"},"modified":"2026-02-05T17:44:52","modified_gmt":"2026-02-05T17:44:52","slug":"snuuli-bearvvis-yllattaen-yllin-kyllin","status":"publish","type":"page","link":"https:\/\/bearvvis.com\/?page_id=2028","title":{"rendered":"Bearvvis Yll\u00e4tt\u00e4en Yllin Kyllin &#8221;Snuuli&#8221;"},"content":{"rendered":"\n<figure class=\"wp-block-image size-large\"><a href=\"https:\/\/bearvvis.com\/wp-content\/uploads\/2024\/04\/IMG_2211-scaled.jpg\"><img loading=\"lazy\" decoding=\"async\" width=\"1024\" height=\"683\" src=\"https:\/\/bearvvis.com\/wp-content\/uploads\/2024\/04\/IMG_2211-1024x683.jpg\" alt=\"\" class=\"wp-image-2029\" srcset=\"https:\/\/bearvvis.com\/wp-content\/uploads\/2024\/04\/IMG_2211-1024x683.jpg 1024w, https:\/\/bearvvis.com\/wp-content\/uploads\/2024\/04\/IMG_2211-300x200.jpg 300w, https:\/\/bearvvis.com\/wp-content\/uploads\/2024\/04\/IMG_2211-768x512.jpg 768w, https:\/\/bearvvis.com\/wp-content\/uploads\/2024\/04\/IMG_2211-1536x1024.jpg 1536w, https:\/\/bearvvis.com\/wp-content\/uploads\/2024\/04\/IMG_2211-2048x1365.jpg 2048w, https:\/\/bearvvis.com\/wp-content\/uploads\/2024\/04\/IMG_2211-600x400.jpg 600w\" sizes=\"auto, (max-width: 1024px) 100vw, 1024px\" \/><\/a><figcaption class=\"wp-element-caption\">Snuuli 6 kk<\/figcaption><\/figure>\n\n\n\n<p>Synt. 4.10.2023<\/p>\n\n\n\n<p>Is\u00e4\/sire: C.I.B,FI &amp; EE &amp; LT Mva\/CH, EE Jmva\/Jch Bearvvis Nallinak Naligak \u201dNook\u201d<\/p>\n\n\n\n<p>Em\u00e4\/dam:  FI &amp;Ee Mva\/ch  Lueldar Nordic Queen of Bearvvis &#8221;Lili&#8221;<\/p>\n\n\n\n<p>Silm\u00e4t\/eyes: Ok 12\/25<\/p>\n\n\n\n<p>HD:A<\/p>\n\n\n\n<p>ED:0\/0<\/p>\n\n\n\n<p>Snuuli on meid\u00e4n Lilin ja Nookin vanhikopennuista kotiin j\u00e4\u00e4nyt kaunokainen. Snuuli on kovasti is\u00e4n em\u00e4n ja l\u00e4hisuvun n\u00e4k\u00f6inen ja luonteinen.  Snuuli kehittyy hitaasti, kuten vanhempansakin. <\/p>\n","protected":false},"excerpt":{"rendered":"<p>Synt. 4.10.2023 Is\u00e4\/sire: C.I.B,FI &amp; EE &amp; LT Mva\/CH, EE Jmva\/Jch Bearvvis Nallinak Naligak \u201dNook\u201d Em\u00e4\/dam: FI &amp;Ee Mva\/ch Lueldar Nordic Queen of Bearvvis &#8221;Lili&#8221; Silm\u00e4t\/eyes: Ok 12\/25 HD:A ED:0\/0 Snuuli on meid\u00e4n Lilin ja Nookin vanhikopennuista kotiin j\u00e4\u00e4nyt kaunokainen. Snuuli on kovasti is\u00e4n em\u00e4n ja l\u00e4hisuvun n\u00e4k\u00f6inen ja luonteinen. Snuuli kehittyy hitaasti, kuten vanhempansakin.<\/p>\n","protected":false},"author":1,"featured_media":0,"parent":18,"menu_order":12,"comment_status":"closed","ping_status":"closed","template":"","meta":{"footnotes":""},"class_list":["post-2028","page","type-page","status-publish","hentry"],"_links":{"self":[{"href":"https:\/\/bearvvis.com\/index.php?rest_route=\/wp\/v2\/pages\/2028","targetHints":{"allow":["GET"]}}],"collection":[{"href":"https:\/\/bearvvis.com\/index.php?rest_route=\/wp\/v2\/pages"}],"about":[{"href":"https:\/\/bearvvis.com\/index.php?rest_route=\/wp\/v2\/types\/page"}],"author":[{"embeddable":true,"href":"https:\/\/bearvvis.com\/index.php?rest_route=\/wp\/v2\/users\/1"}],"replies":[{"embeddable":true,"href":"https:\/\/bearvvis.com\/index.php?rest_route=%2Fwp%2Fv2%2Fcomments&post=2028"}],"version-history":[{"count":4,"href":"https:\/\/bearvvis.com\/index.php?rest_route=\/wp\/v2\/pages\/2028\/revisions"}],"predecessor-version":[{"id":2427,"href":"https:\/\/bearvvis.com\/index.php?rest_route=\/wp\/v2\/pages\/2028\/revisions\/2427"}],"up":[{"embeddable":true,"href":"https:\/\/bearvvis.com\/index.php?rest_route=\/wp\/v2\/pages\/18"}],"wp:attachment":[{"href":"https:\/\/bearvvis.com\/index.php?rest_route=%2Fwp%2Fv2%2Fmedia&parent=2028"}],"curies":[{"name":"wp","href":"https:\/\/api.w.org\/{rel}","templated":true}]}}