{"id":2032,"date":"2024-04-15T12:49:44","date_gmt":"2024-04-15T12:49:44","guid":{"rendered":"http:\/\/bearvvis.com\/?page_id=2032"},"modified":"2026-01-07T11:22:52","modified_gmt":"2026-01-07T11:22:52","slug":"bearvvis-yllaripyllari-snoopy","status":"publish","type":"page","link":"https:\/\/bearvvis.com\/?page_id=2032","title":{"rendered":"Bearvvis Yll\u00e4ripyll\u00e4ri &#8221;Snoopy&#8221;"},"content":{"rendered":"\n<figure class=\"wp-block-image size-large\"><a href=\"https:\/\/bearvvis.com\/wp-content\/uploads\/2024\/04\/IMG_2218-scaled.jpg\"><img loading=\"lazy\" decoding=\"async\" width=\"1024\" height=\"683\" src=\"https:\/\/bearvvis.com\/wp-content\/uploads\/2024\/04\/IMG_2218-1024x683.jpg\" alt=\"\" class=\"wp-image-2033\" srcset=\"https:\/\/bearvvis.com\/wp-content\/uploads\/2024\/04\/IMG_2218-1024x683.jpg 1024w, https:\/\/bearvvis.com\/wp-content\/uploads\/2024\/04\/IMG_2218-300x200.jpg 300w, https:\/\/bearvvis.com\/wp-content\/uploads\/2024\/04\/IMG_2218-768x512.jpg 768w, https:\/\/bearvvis.com\/wp-content\/uploads\/2024\/04\/IMG_2218-1536x1024.jpg 1536w, https:\/\/bearvvis.com\/wp-content\/uploads\/2024\/04\/IMG_2218-2048x1365.jpg 2048w, https:\/\/bearvvis.com\/wp-content\/uploads\/2024\/04\/IMG_2218-600x400.jpg 600w\" sizes=\"auto, (max-width: 1024px) 100vw, 1024px\" \/><\/a><figcaption class=\"wp-element-caption\">Snoopy 6 kk<\/figcaption><\/figure>\n\n\n\n<p>Synt. 4.10.2023<\/p>\n\n\n\n<p>Is\u00e4\/sire: C.I.B,FI &amp; EE &amp; LT Mva\/CH, EE Jmva\/Jch Bearvvis Nallinak Naligak \u201dNook\u201d<\/p>\n\n\n\n<p>Em\u00e4\/dam: FI &amp;Ee Mva\/ch Lueldar Nordic Queen of Bearvvis \u201dLili\u201d<\/p>\n\n\n\n<p>Silm\u00e4t: Ok 12\/25<\/p>\n\n\n\n<p>HD: A<\/p>\n\n\n\n<p>ED:0\/0<\/p>\n\n\n\n<p>LTV:0<\/p>\n\n\n\n<p>SP:0<\/p>\n\n\n\n<p>VA:0<\/p>\n\n\n\n<p><a href=\"https:\/\/jalostus.kennelliitto.fi\/frmKoira.aspx?RekNo=FI49838%2F23&amp;R=243\" data-type=\"link\" data-id=\"https:\/\/jalostus.kennelliitto.fi\/frmKoira.aspx?RekNo=FI49838%2F23&amp;R=243\">Sukutaulu<\/a><\/p>\n\n\n\n<p>Snoopy on Lilin ja Nookin vahinkopennuista kotiin j\u00e4\u00e4nyt Lilin puolen edustaja. Snoopy on herkk\u00e4, itsep\u00e4inen ja hassu. Snoopy on kehittynyt komeaksi nuoreksi mieheksi ja saavuttanut n\u00e4yttelyiss\u00e4 jo pari serti\u00e4 ja cacibin. Lis\u00e4\u00e4 n\u00e4yttelyit\u00e4 suunnitellaan ensi vuodelle.<\/p>\n\n\n\n<p>Snoopy on iloksemme todettu luuston  ja silmien osalta terveeksi.<\/p>\n","protected":false},"excerpt":{"rendered":"<p>Synt. 4.10.2023 Is\u00e4\/sire: C.I.B,FI &amp; EE &amp; LT Mva\/CH, EE Jmva\/Jch Bearvvis Nallinak Naligak \u201dNook\u201d Em\u00e4\/dam: FI &amp;Ee Mva\/ch Lueldar Nordic Queen of Bearvvis \u201dLili\u201d Silm\u00e4t: Ok 12\/25 HD: A ED:0\/0 LTV:0 SP:0 VA:0 Sukutaulu Snoopy on Lilin ja Nookin vahinkopennuista kotiin j\u00e4\u00e4nyt Lilin puolen edustaja. Snoopy on herkk\u00e4, itsep\u00e4inen ja hassu. Snoopy on kehittynyt [&hellip;]<\/p>\n","protected":false},"author":1,"featured_media":0,"parent":16,"menu_order":9,"comment_status":"closed","ping_status":"closed","template":"","meta":{"footnotes":""},"class_list":["post-2032","page","type-page","status-publish","hentry"],"_links":{"self":[{"href":"https:\/\/bearvvis.com\/index.php?rest_route=\/wp\/v2\/pages\/2032","targetHints":{"allow":["GET"]}}],"collection":[{"href":"https:\/\/bearvvis.com\/index.php?rest_route=\/wp\/v2\/pages"}],"about":[{"href":"https:\/\/bearvvis.com\/index.php?rest_route=\/wp\/v2\/types\/page"}],"author":[{"embeddable":true,"href":"https:\/\/bearvvis.com\/index.php?rest_route=\/wp\/v2\/users\/1"}],"replies":[{"embeddable":true,"href":"https:\/\/bearvvis.com\/index.php?rest_route=%2Fwp%2Fv2%2Fcomments&post=2032"}],"version-history":[{"count":6,"href":"https:\/\/bearvvis.com\/index.php?rest_route=\/wp\/v2\/pages\/2032\/revisions"}],"predecessor-version":[{"id":2412,"href":"https:\/\/bearvvis.com\/index.php?rest_route=\/wp\/v2\/pages\/2032\/revisions\/2412"}],"up":[{"embeddable":true,"href":"https:\/\/bearvvis.com\/index.php?rest_route=\/wp\/v2\/pages\/16"}],"wp:attachment":[{"href":"https:\/\/bearvvis.com\/index.php?rest_route=%2Fwp%2Fv2%2Fmedia&parent=2032"}],"curies":[{"name":"wp","href":"https:\/\/api.w.org\/{rel}","templated":true}]}}