{"id":2205,"date":"2025-01-18T07:16:50","date_gmt":"2025-01-18T07:16:50","guid":{"rendered":"http:\/\/bearvvis.com\/?page_id=2205"},"modified":"2025-04-12T16:50:56","modified_gmt":"2025-04-12T16:50:56","slug":"bearvvis-pimpula-pampula","status":"publish","type":"page","link":"https:\/\/bearvvis.com\/?page_id=2205","title":{"rendered":"Bearvvis Pimpula Pampula &#8221;Pimpula&#8221;"},"content":{"rendered":"\n<p>S.24.11.2024<\/p>\n\n\n\n<p>Is\u00e4\/sire: <a href=\"https:\/\/jalostus.kennelliitto.fi\/frmKoira.aspx?RekNo=FI32865%2F21\">LAPINPEIKON \u00c5LLOS ILO SILM\u00c4L<\/a><\/p>\n\n\n\n<p>Em\u00e4\/dam: <a href=\"https:\/\/jalostus.kennelliitto.fi\/frmKoira.aspx?RekNo=FI25569%2F21\">BEARVVIS LUMIHIPPU<\/a><\/p>\n\n\n\n<p><a href=\"https:\/\/jalostus.kennelliitto.fi\/frmKoira.aspx?RekNo=FI10041%2F25&amp;R=189\">Sukutaulu<\/a><\/p>\n\n\n\n<p>Pimpula on uusin lapinkoiristamme, ja se j\u00e4i Hipun ainoaksi j\u00e4\u00e4neest\u00e4 pentueesta (oma p\u00e4\u00e4t\u00f6s), ja ainokaisena t\u00e4nne kotiin. Alkuun Pimpulan oli tarkoitus l\u00e4hte\u00e4 sijoitukseen, mutta jo aika varhaisessa vaiheessa alkoi luonteessa n\u00e4ky\u00e4 piirteit\u00e4, jotka katsottiin suunniteltuun asumusmuotoon sopimattomiksi. Pimpula on halutessaan \u00e4\u00e4nek\u00e4s, ja selv\u00e4sti seurankipe\u00e4. Lis\u00e4ksi sill\u00e4 on paljon tahtoa, mutta my\u00f6skin herkkyytt\u00e4. Laumassa n\u00e4m\u00e4 ominaisuudet tasaantuvat helpoiten, joten ulkomuodollisesti lupaava Pimpula j\u00e4i sukunsa jatkeeksi kotiin. Tulevaisuus n\u00e4ytt\u00e4\u00e4 mit\u00e4 Pimpulasta kehittyy.<\/p>\n\n\n\n<p><\/p>\n","protected":false},"excerpt":{"rendered":"<p>S.24.11.2024 Is\u00e4\/sire: LAPINPEIKON \u00c5LLOS ILO SILM\u00c4L Em\u00e4\/dam: BEARVVIS LUMIHIPPU Sukutaulu Pimpula on uusin lapinkoiristamme, ja se j\u00e4i Hipun ainoaksi j\u00e4\u00e4neest\u00e4 pentueesta (oma p\u00e4\u00e4t\u00f6s), ja ainokaisena t\u00e4nne kotiin. Alkuun Pimpulan oli tarkoitus l\u00e4hte\u00e4 sijoitukseen, mutta jo aika varhaisessa vaiheessa alkoi luonteessa n\u00e4ky\u00e4 piirteit\u00e4, jotka katsottiin suunniteltuun asumusmuotoon sopimattomiksi. Pimpula on halutessaan \u00e4\u00e4nek\u00e4s, ja selv\u00e4sti seurankipe\u00e4. Lis\u00e4ksi [&hellip;]<\/p>\n","protected":false},"author":1,"featured_media":0,"parent":147,"menu_order":0,"comment_status":"closed","ping_status":"closed","template":"","meta":{"footnotes":""},"class_list":["post-2205","page","type-page","status-publish","hentry"],"_links":{"self":[{"href":"https:\/\/bearvvis.com\/index.php?rest_route=\/wp\/v2\/pages\/2205","targetHints":{"allow":["GET"]}}],"collection":[{"href":"https:\/\/bearvvis.com\/index.php?rest_route=\/wp\/v2\/pages"}],"about":[{"href":"https:\/\/bearvvis.com\/index.php?rest_route=\/wp\/v2\/types\/page"}],"author":[{"embeddable":true,"href":"https:\/\/bearvvis.com\/index.php?rest_route=\/wp\/v2\/users\/1"}],"replies":[{"embeddable":true,"href":"https:\/\/bearvvis.com\/index.php?rest_route=%2Fwp%2Fv2%2Fcomments&post=2205"}],"version-history":[{"count":2,"href":"https:\/\/bearvvis.com\/index.php?rest_route=\/wp\/v2\/pages\/2205\/revisions"}],"predecessor-version":[{"id":2207,"href":"https:\/\/bearvvis.com\/index.php?rest_route=\/wp\/v2\/pages\/2205\/revisions\/2207"}],"up":[{"embeddable":true,"href":"https:\/\/bearvvis.com\/index.php?rest_route=\/wp\/v2\/pages\/147"}],"wp:attachment":[{"href":"https:\/\/bearvvis.com\/index.php?rest_route=%2Fwp%2Fv2%2Fmedia&parent=2205"}],"curies":[{"name":"wp","href":"https:\/\/api.w.org\/{rel}","templated":true}]}}