{"id":2339,"date":"2025-06-23T08:39:04","date_gmt":"2025-06-23T08:39:04","guid":{"rendered":"https:\/\/bearvvis.com\/?page_id=2339"},"modified":"2025-08-20T04:49:04","modified_gmt":"2025-08-20T04:49:04","slug":"bearvvis-fast-and-curious-huima","status":"publish","type":"page","link":"https:\/\/bearvvis.com\/?page_id=2339","title":{"rendered":"Bearvvis Fast and Serious &#8221;Huima&#8221;"},"content":{"rendered":"\n<figure class=\"wp-block-image size-large is-resized\"><a href=\"https:\/\/bearvvis.com\/wp-content\/uploads\/2025\/08\/Huima-15-kk.jpg\"><img loading=\"lazy\" decoding=\"async\" width=\"1024\" height=\"710\" src=\"https:\/\/bearvvis.com\/wp-content\/uploads\/2025\/08\/Huima-15-kk-1024x710.jpg\" alt=\"\" class=\"wp-image-2362\" style=\"width:609px;height:auto\" srcset=\"https:\/\/bearvvis.com\/wp-content\/uploads\/2025\/08\/Huima-15-kk-1024x710.jpg 1024w, https:\/\/bearvvis.com\/wp-content\/uploads\/2025\/08\/Huima-15-kk-300x208.jpg 300w, https:\/\/bearvvis.com\/wp-content\/uploads\/2025\/08\/Huima-15-kk-768x532.jpg 768w, https:\/\/bearvvis.com\/wp-content\/uploads\/2025\/08\/Huima-15-kk-1536x1065.jpg 1536w, https:\/\/bearvvis.com\/wp-content\/uploads\/2025\/08\/Huima-15-kk-600x416.jpg 600w, https:\/\/bearvvis.com\/wp-content\/uploads\/2025\/08\/Huima-15-kk.jpg 1600w\" sizes=\"auto, (max-width: 1024px) 100vw, 1024px\" \/><\/a><\/figure>\n\n\n\n<p>Huima 15 viikkoa\/weeks<\/p>\n\n\n\n<p>Synt\/born 29.4.2025<\/p>\n\n\n\n<p>Is\u00e4\/sire: Bearvvis Hurmaava Huiskaus &#8221;Huiske&#8221;<\/p>\n\n\n\n<p>Em\u00e4: El\u00e4m\u00e4nrinteen Kortit Kertoo Kohtalomme &#8221; Bella&#8221;<\/p>\n\n\n\n<p><a href=\"https:\/\/jalostus.kennelliitto.fi\/frmKoira.aspx?RekNo=FI25994%2F25&amp;R=270\">Sukutaulu<\/a><\/p>\n\n\n\n<p>Huima j\u00e4i Bellan ensimm\u00e4isest\u00e4 pentueesta kotiin kasvamaan, Inukin yll\u00e4tt\u00e4v\u00e4n poismenon johdasta. Huimasta toivotaan jatkoa valjakkohommiin, ja jos kehitys jatkuu lupaavana, niin kenties my\u00f6s n\u00e4yttelyihin osallistutaan my\u00f6hemmin. Huima on luonteeltaan iloinen ja energinen poika. Mielenkiinnolla odotamme mit\u00e4 siit\u00e4 kehittyy.<\/p>\n\n\n\n<figure class=\"wp-block-gallery has-nested-images columns-default is-cropped wp-block-gallery-1 is-layout-flex wp-block-gallery-is-layout-flex\">\n<figure class=\"wp-block-image size-large\"><a href=\"https:\/\/bearvvis.com\/wp-content\/uploads\/2025\/06\/Huima.jpg\"><img loading=\"lazy\" decoding=\"async\" width=\"1024\" height=\"771\" data-id=\"2336\" src=\"https:\/\/bearvvis.com\/wp-content\/uploads\/2025\/06\/Huima-1024x771.jpg\" alt=\"\" class=\"wp-image-2336\" srcset=\"https:\/\/bearvvis.com\/wp-content\/uploads\/2025\/06\/Huima-1024x771.jpg 1024w, https:\/\/bearvvis.com\/wp-content\/uploads\/2025\/06\/Huima-300x226.jpg 300w, https:\/\/bearvvis.com\/wp-content\/uploads\/2025\/06\/Huima-768x578.jpg 768w, https:\/\/bearvvis.com\/wp-content\/uploads\/2025\/06\/Huima-1536x1157.jpg 1536w, https:\/\/bearvvis.com\/wp-content\/uploads\/2025\/06\/Huima-600x452.jpg 600w, https:\/\/bearvvis.com\/wp-content\/uploads\/2025\/06\/Huima.jpg 2048w\" sizes=\"auto, (max-width: 1024px) 100vw, 1024px\" \/><\/a><figcaption class=\"wp-element-caption\">Huima <\/figcaption><\/figure>\n<\/figure>\n\n\n\n<figure class=\"wp-block-image size-large is-resized\"><a href=\"https:\/\/bearvvis.com\/wp-content\/uploads\/2025\/08\/Huima-2.jpg\"><img loading=\"lazy\" decoding=\"async\" width=\"675\" height=\"1024\" src=\"https:\/\/bearvvis.com\/wp-content\/uploads\/2025\/08\/Huima-2-675x1024.jpg\" alt=\"\" class=\"wp-image-2363\" style=\"width:475px;height:auto\" srcset=\"https:\/\/bearvvis.com\/wp-content\/uploads\/2025\/08\/Huima-2-675x1024.jpg 675w, https:\/\/bearvvis.com\/wp-content\/uploads\/2025\/08\/Huima-2-198x300.jpg 198w, https:\/\/bearvvis.com\/wp-content\/uploads\/2025\/08\/Huima-2-768x1165.jpg 768w, https:\/\/bearvvis.com\/wp-content\/uploads\/2025\/08\/Huima-2-1013x1536.jpg 1013w, https:\/\/bearvvis.com\/wp-content\/uploads\/2025\/08\/Huima-2-600x910.jpg 600w, https:\/\/bearvvis.com\/wp-content\/uploads\/2025\/08\/Huima-2.jpg 1350w\" sizes=\"auto, (max-width: 675px) 100vw, 675px\" \/><\/a><\/figure>\n","protected":false},"excerpt":{"rendered":"<p>Huima 15 viikkoa\/weeks Synt\/born 29.4.2025 Is\u00e4\/sire: Bearvvis Hurmaava Huiskaus &#8221;Huiske&#8221; Em\u00e4: El\u00e4m\u00e4nrinteen Kortit Kertoo Kohtalomme &#8221; Bella&#8221; Sukutaulu Huima j\u00e4i Bellan ensimm\u00e4isest\u00e4 pentueesta kotiin kasvamaan, Inukin yll\u00e4tt\u00e4v\u00e4n poismenon johdasta. Huimasta toivotaan jatkoa valjakkohommiin, ja jos kehitys jatkuu lupaavana, niin kenties my\u00f6s n\u00e4yttelyihin osallistutaan my\u00f6hemmin. Huima on luonteeltaan iloinen ja energinen poika. Mielenkiinnolla odotamme mit\u00e4 siit\u00e4 [&hellip;]<\/p>\n","protected":false},"author":1,"featured_media":0,"parent":1230,"menu_order":0,"comment_status":"closed","ping_status":"closed","template":"","meta":{"footnotes":""},"class_list":["post-2339","page","type-page","status-publish","hentry"],"_links":{"self":[{"href":"https:\/\/bearvvis.com\/index.php?rest_route=\/wp\/v2\/pages\/2339","targetHints":{"allow":["GET"]}}],"collection":[{"href":"https:\/\/bearvvis.com\/index.php?rest_route=\/wp\/v2\/pages"}],"about":[{"href":"https:\/\/bearvvis.com\/index.php?rest_route=\/wp\/v2\/types\/page"}],"author":[{"embeddable":true,"href":"https:\/\/bearvvis.com\/index.php?rest_route=\/wp\/v2\/users\/1"}],"replies":[{"embeddable":true,"href":"https:\/\/bearvvis.com\/index.php?rest_route=%2Fwp%2Fv2%2Fcomments&post=2339"}],"version-history":[{"count":4,"href":"https:\/\/bearvvis.com\/index.php?rest_route=\/wp\/v2\/pages\/2339\/revisions"}],"predecessor-version":[{"id":2365,"href":"https:\/\/bearvvis.com\/index.php?rest_route=\/wp\/v2\/pages\/2339\/revisions\/2365"}],"up":[{"embeddable":true,"href":"https:\/\/bearvvis.com\/index.php?rest_route=\/wp\/v2\/pages\/1230"}],"wp:attachment":[{"href":"https:\/\/bearvvis.com\/index.php?rest_route=%2Fwp%2Fv2%2Fmedia&parent=2339"}],"curies":[{"name":"wp","href":"https:\/\/api.w.org\/{rel}","templated":true}]}}