{"id":242,"date":"2015-07-30T16:19:47","date_gmt":"2015-07-30T16:19:47","guid":{"rendered":"http:\/\/bearvvis.com\/?page_id=242"},"modified":"2025-04-12T16:51:06","modified_gmt":"2025-04-12T16:51:06","slug":"beearvvis-nuna-nanganartok-nanga","status":"publish","type":"page","link":"https:\/\/bearvvis.com\/?page_id=242","title":{"rendered":"In Memoriam Bearvvis Nuna Nanganartok &#8221;Nanga&#8221;"},"content":{"rendered":"<div id=\"attachment_243\" style=\"width: 210px\" class=\"wp-caption alignnone\"><a href=\"https:\/\/bearvvis.com\/wp-content\/uploads\/2015\/07\/Nafin-pennut-6-viikkoa-silakan-4-viikkoa-208.jpg\"><img loading=\"lazy\" decoding=\"async\" aria-describedby=\"caption-attachment-243\" class=\"wp-image-243 size-medium\" src=\"https:\/\/bearvvis.com\/wp-content\/uploads\/2015\/07\/Nafin-pennut-6-viikkoa-silakan-4-viikkoa-208-200x300.jpg\" alt=\"Nafin pennut 6 viikkoa , silakan 4 viikkoa 208\" width=\"200\" height=\"300\" srcset=\"https:\/\/bearvvis.com\/wp-content\/uploads\/2015\/07\/Nafin-pennut-6-viikkoa-silakan-4-viikkoa-208-200x300.jpg 200w, https:\/\/bearvvis.com\/wp-content\/uploads\/2015\/07\/Nafin-pennut-6-viikkoa-silakan-4-viikkoa-208-683x1024.jpg 683w, https:\/\/bearvvis.com\/wp-content\/uploads\/2015\/07\/Nafin-pennut-6-viikkoa-silakan-4-viikkoa-208-624x936.jpg 624w\" sizes=\"auto, (max-width: 200px) 100vw, 200px\" \/><\/a><p id=\"caption-attachment-243\" class=\"wp-caption-text\">Nanga 6 viikkoa\/weeks<\/p><\/div>\n<div id=\"attachment_390\" style=\"width: 310px\" class=\"wp-caption alignnone\"><a href=\"https:\/\/bearvvis.com\/wp-content\/uploads\/2015\/07\/Nanga-seisoo.jpg\" rel=\"attachment wp-att-390\"><img loading=\"lazy\" decoding=\"async\" aria-describedby=\"caption-attachment-390\" class=\"wp-image-390 size-medium\" src=\"https:\/\/bearvvis.com\/wp-content\/uploads\/2015\/07\/Nanga-seisoo-300x244.jpg\" alt=\"Nanga seisoo\" width=\"300\" height=\"244\" srcset=\"https:\/\/bearvvis.com\/wp-content\/uploads\/2015\/07\/Nanga-seisoo-300x244.jpg 300w, https:\/\/bearvvis.com\/wp-content\/uploads\/2015\/07\/Nanga-seisoo-768x624.jpg 768w, https:\/\/bearvvis.com\/wp-content\/uploads\/2015\/07\/Nanga-seisoo-1024x832.jpg 1024w\" sizes=\"auto, (max-width: 300px) 100vw, 300px\" \/><\/a><p id=\"caption-attachment-390\" class=\"wp-caption-text\">Nanga 6 kk<\/p><\/div>\n<p>Syntynyt\/born: 14.6.2015-11.9.2020<\/p>\n<p>Silm\u00e4t\/eyes: Ok\/clear 12\/2019<\/p>\n<p>HD: B<\/p>\n<p>ED: 0\/0<\/p>\n<p>PN testi: Normal<\/p>\n<p>LC: LC: Kantaja, Long coat carrier<\/p>\n<p>Is\u00e4\/sire: Fin Mva Unanuna Ilike Tobeliked &#8221;Otso&#8221;<\/p>\n<div id=\"attachment_213\" style=\"width: 310px\" class=\"wp-caption alignnone\"><a href=\"https:\/\/bearvvis.com\/wp-content\/uploads\/2014\/07\/otso12.jpg\"><img loading=\"lazy\" decoding=\"async\" aria-describedby=\"caption-attachment-213\" class=\"wp-image-213 size-medium\" src=\"https:\/\/bearvvis.com\/wp-content\/uploads\/2014\/07\/otso12-300x200.jpg\" width=\"300\" height=\"200\"><\/a><p id=\"caption-attachment-213\" class=\"wp-caption-text\">Fin Mva Unanuna Ilike Tobeliked<\/p><\/div>\n<p>Em\u00e4\/dam: Fi Mva Bearvvis Nana\u00b4s&nbsp; First &#8221;Nafi&#8221;<\/p>\n<p><a href=\"https:\/\/bearvvis.com\/wp-content\/uploads\/2014\/07\/IMG_4481.jpg\"><img loading=\"lazy\" decoding=\"async\" class=\"alignnone size-medium wp-image-545\" src=\"https:\/\/bearvvis.com\/wp-content\/uploads\/2014\/07\/IMG_4481-300x200.jpg\" alt=\"\" width=\"300\" height=\"200\" srcset=\"https:\/\/bearvvis.com\/wp-content\/uploads\/2014\/07\/IMG_4481-300x200.jpg 300w, https:\/\/bearvvis.com\/wp-content\/uploads\/2014\/07\/IMG_4481-768x512.jpg 768w, https:\/\/bearvvis.com\/wp-content\/uploads\/2014\/07\/IMG_4481-1024x683.jpg 1024w\" sizes=\"auto, (max-width: 300px) 100vw, 300px\" \/><\/a><\/p>\n<p><a href=\"http:\/\/jalostus.kennelliitto.fi\/frmKoira.aspx?RekNo=FI38848%2F15&amp;R=243\">Sukutaulu\/pedigree<\/a><\/p>\n<p>Nanga oli Nafin ensimm\u00e4isest\u00e4 pentueesta kotiin j\u00e4tetty sukulinjan jatkaja. Nafin iso\u00e4iti oli Kami, ja sen sukuhaaraa p\u00e4\u00e4simme Nangan kanssa jatkamaan.<\/p>\n<p>Nanga oli&nbsp; luonteeltaan m\u00e4\u00e4r\u00e4tietoinen, iloinen ja energinen narttu. Vetohommissa Nanga oli innokas ja sitke\u00e4 vet\u00e4j\u00e4.&nbsp; Vetointoa periytti my\u00f6s j\u00e4lkel\u00e4isilleen.<\/p>\n<p>Nangalla oli pentueet&nbsp;<a href=\"https:\/\/bearvvis.com\/?page_id=88\">&#8221;Tatqiqin&#8221;<\/a>&nbsp;( 2018), josta kotiin j\u00e4i tyt\u00e4r &#8221;Sinna&#8221; sek\u00e4 &#8221;Tommin&#8221; kanssa 2020.<\/p>\n<p>Nanga sai \u00e4rh\u00e4k\u00e4n nis\u00e4tulehduksen , jonka seurauksena vakavan yleisinfektion. Nanga jouduttiin p\u00e4\u00e4st\u00e4m\u00e4\u00e4n pois 11.9.2020<\/p>\n<p><a href=\"https:\/\/bearvvis.com\/wp-content\/uploads\/2019\/12\/66.jpg\"><img loading=\"lazy\" decoding=\"async\" class=\"alignnone size-medium wp-image-1019\" src=\"https:\/\/bearvvis.com\/wp-content\/uploads\/2019\/12\/66-300x200.jpg\" alt=\"\" width=\"300\" height=\"200\" srcset=\"https:\/\/bearvvis.com\/wp-content\/uploads\/2019\/12\/66-300x200.jpg 300w, https:\/\/bearvvis.com\/wp-content\/uploads\/2019\/12\/66-768x512.jpg 768w, https:\/\/bearvvis.com\/wp-content\/uploads\/2019\/12\/66-1024x683.jpg 1024w\" sizes=\"auto, (max-width: 300px) 100vw, 300px\" \/><\/a><\/p>\n<div id=\"attachment_464\" style=\"width: 273px\" class=\"wp-caption alignnone\"><a href=\"https:\/\/bearvvis.com\/wp-content\/uploads\/2015\/07\/Nanga.jpg\"><img loading=\"lazy\" decoding=\"async\" aria-describedby=\"caption-attachment-464\" class=\"wp-image-464 size-medium\" src=\"https:\/\/bearvvis.com\/wp-content\/uploads\/2015\/07\/Nanga-263x300.jpg\" width=\"263\" height=\"300\" srcset=\"https:\/\/bearvvis.com\/wp-content\/uploads\/2015\/07\/Nanga-263x300.jpg 263w, https:\/\/bearvvis.com\/wp-content\/uploads\/2015\/07\/Nanga-768x877.jpg 768w, https:\/\/bearvvis.com\/wp-content\/uploads\/2015\/07\/Nanga-897x1024.jpg 897w, https:\/\/bearvvis.com\/wp-content\/uploads\/2015\/07\/Nanga.jpg 1752w\" sizes=\"auto, (max-width: 263px) 100vw, 263px\" \/><\/a><p id=\"caption-attachment-464\" class=\"wp-caption-text\">Nanga tammikuu 2017<\/p><\/div>\n","protected":false},"excerpt":{"rendered":"<p>Syntynyt\/born: 14.6.2015-11.9.2020 Silm\u00e4t\/eyes: Ok\/clear 12\/2019 HD: B ED: 0\/0 PN testi: Normal LC: LC: Kantaja, Long coat carrier Is\u00e4\/sire: Fin Mva Unanuna Ilike Tobeliked &#8221;Otso&#8221; Em\u00e4\/dam: Fi Mva Bearvvis Nana\u00b4s&nbsp; First &#8221;Nafi&#8221; Sukutaulu\/pedigree Nanga oli Nafin ensimm\u00e4isest\u00e4 pentueesta kotiin j\u00e4tetty sukulinjan jatkaja. Nafin iso\u00e4iti oli Kami, ja sen sukuhaaraa p\u00e4\u00e4simme Nangan kanssa jatkamaan. Nanga oli&nbsp; [&hellip;]<\/p>\n","protected":false},"author":1,"featured_media":0,"parent":552,"menu_order":6,"comment_status":"closed","ping_status":"closed","template":"","meta":{"footnotes":""},"class_list":["post-242","page","type-page","status-publish","hentry"],"_links":{"self":[{"href":"https:\/\/bearvvis.com\/index.php?rest_route=\/wp\/v2\/pages\/242","targetHints":{"allow":["GET"]}}],"collection":[{"href":"https:\/\/bearvvis.com\/index.php?rest_route=\/wp\/v2\/pages"}],"about":[{"href":"https:\/\/bearvvis.com\/index.php?rest_route=\/wp\/v2\/types\/page"}],"author":[{"embeddable":true,"href":"https:\/\/bearvvis.com\/index.php?rest_route=\/wp\/v2\/users\/1"}],"replies":[{"embeddable":true,"href":"https:\/\/bearvvis.com\/index.php?rest_route=%2Fwp%2Fv2%2Fcomments&post=242"}],"version-history":[{"count":20,"href":"https:\/\/bearvvis.com\/index.php?rest_route=\/wp\/v2\/pages\/242\/revisions"}],"predecessor-version":[{"id":1450,"href":"https:\/\/bearvvis.com\/index.php?rest_route=\/wp\/v2\/pages\/242\/revisions\/1450"}],"up":[{"embeddable":true,"href":"https:\/\/bearvvis.com\/index.php?rest_route=\/wp\/v2\/pages\/552"}],"wp:attachment":[{"href":"https:\/\/bearvvis.com\/index.php?rest_route=%2Fwp%2Fv2%2Fmedia&parent=242"}],"curies":[{"name":"wp","href":"https:\/\/api.w.org\/{rel}","templated":true}]}}