{"id":36,"date":"2014-07-23T20:55:43","date_gmt":"2014-07-23T20:55:43","guid":{"rendered":"http:\/\/bearvvis.com\/?page_id=36"},"modified":"2026-02-13T17:12:50","modified_gmt":"2026-02-13T17:12:50","slug":"pentujapuppies","status":"publish","type":"page","link":"https:\/\/bearvvis.com\/?page_id=36","title":{"rendered":"Pentuja\/Puppies"},"content":{"rendered":"\n<p><strong>Suunnitellut pentueet vuodelle -26 \/planned litters for <\/strong><strong>-26<\/strong><\/p>\n\n\n\n<p>Suomenlapinkoira-pentue <strong> Huom! <\/strong>Emme ota uusia kysellyj\u00e4 vastaan, ennenkuin pentue on syntynyt.<\/p>\n\n\n\n<p>Sallan juoksu tuli ja meni tammikuuussa. Salla tapasi sulhasensa, mutta taydellist\u00e4 astumista ei saatu aikaan. T\u00e4m\u00e4n vuoksi pentujen tulosta kev\u00e4\u00e4lle on suurta ep\u00e4varmuutta. Sik\u00e4li kun pentuja ei tule t\u00e4m\u00e4n astumisen seurauksena, Salla astutetaan uudelleen heti seuraavasta juoksusta loppukev\u00e4\u00e4ll\u00e4. Sallalle etsit\u00e4\u00e4n my\u00f6s toinen uros varalta.<\/p>\n\n\n\n<p>Salla ei ole kantavana, joten edell\u00e4 mainuttu suunnittelma otetaan k\u00e4ytt\u00f6\u00f6n (13.2) Seuraavaa juoksua odotellaan kev\u00e4\u00e4n aikana.<\/p>\n\n\n\n<figure class=\"wp-block-gallery has-nested-images columns-default is-cropped wp-block-gallery-1 is-layout-flex wp-block-gallery-is-layout-flex\">\n<figure class=\"wp-block-image size-large\"><a href=\"https:\/\/bearvvis.com\/wp-content\/uploads\/2025\/10\/Sallan-sulho.jpg\"><img loading=\"lazy\" decoding=\"async\" width=\"1024\" height=\"880\" data-id=\"2402\" src=\"https:\/\/bearvvis.com\/wp-content\/uploads\/2025\/10\/Sallan-sulho-1024x880.jpg\" alt=\"\" class=\"wp-image-2402\" srcset=\"https:\/\/bearvvis.com\/wp-content\/uploads\/2025\/10\/Sallan-sulho-1024x880.jpg 1024w, https:\/\/bearvvis.com\/wp-content\/uploads\/2025\/10\/Sallan-sulho-300x258.jpg 300w, https:\/\/bearvvis.com\/wp-content\/uploads\/2025\/10\/Sallan-sulho-768x660.jpg 768w, https:\/\/bearvvis.com\/wp-content\/uploads\/2025\/10\/Sallan-sulho-600x516.jpg 600w, https:\/\/bearvvis.com\/wp-content\/uploads\/2025\/10\/Sallan-sulho.jpg 1434w\" sizes=\"auto, (max-width: 1024px) 100vw, 1024px\" \/><\/a><\/figure>\n<\/figure>\n\n\n\n<p>Is\u00e4\/sire: <small>C.I.B.-J LT JMVA LV JMVA EE JMVA BALT JMVA<\/small> TARUAARTEEN REVONTULTEN LIEKIT &#8221;Roihu&#8221;<\/p>\n\n\n\n<p>HD:A<\/p>\n\n\n\n<p>ED:0\/0<\/p>\n\n\n\n<p>SP:0<\/p>\n\n\n\n<p>LTV:0<\/p>\n\n\n\n<p>Ocd: terve\/normal<\/p>\n\n\n\n<p>Prcd: N\/N<\/p>\n\n\n\n<p>Pompen :&nbsp;N\/N<\/p>\n\n\n\n<p>Silm\u00e4t\/eyes: Ok<\/p>\n\n\n\n<figure class=\"wp-block-gallery has-nested-images columns-default is-cropped wp-block-gallery-2 is-layout-flex wp-block-gallery-is-layout-flex\">\n<figure class=\"wp-block-image size-large\"><a href=\"https:\/\/bearvvis.com\/wp-content\/uploads\/2025\/10\/Salla-lokakuu-1-scaled.jpg\"><img loading=\"lazy\" decoding=\"async\" width=\"1024\" height=\"683\" data-id=\"2403\" src=\"https:\/\/bearvvis.com\/wp-content\/uploads\/2025\/10\/Salla-lokakuu-1-1024x683.jpg\" alt=\"\" class=\"wp-image-2403\" srcset=\"https:\/\/bearvvis.com\/wp-content\/uploads\/2025\/10\/Salla-lokakuu-1-1024x683.jpg 1024w, https:\/\/bearvvis.com\/wp-content\/uploads\/2025\/10\/Salla-lokakuu-1-300x200.jpg 300w, https:\/\/bearvvis.com\/wp-content\/uploads\/2025\/10\/Salla-lokakuu-1-768x512.jpg 768w, https:\/\/bearvvis.com\/wp-content\/uploads\/2025\/10\/Salla-lokakuu-1-1536x1024.jpg 1536w, https:\/\/bearvvis.com\/wp-content\/uploads\/2025\/10\/Salla-lokakuu-1-2048x1365.jpg 2048w, https:\/\/bearvvis.com\/wp-content\/uploads\/2025\/10\/Salla-lokakuu-1-600x400.jpg 600w\" sizes=\"auto, (max-width: 1024px) 100vw, 1024px\" \/><\/a><\/figure>\n<\/figure>\n\n\n\n<p>Em\u00e4\/dam: SALLA<\/p>\n\n\n\n<p>HD:C<\/p>\n\n\n\n<p>ED:0\/0<\/p>\n\n\n\n<p>silm\u00e4t\/eyes: ok<\/p>\n\n\n\n<p>HD:C<\/p>\n\n\n\n<p>ED:0\/0<\/p>\n\n\n\n<p>Prcd: N\/N<\/p>\n\n\n\n<p>Pompen :&nbsp;N\/N<\/p>\n\n\n\n<p>DM: N\/N<\/p>\n\n\n\n<p>CMR: N\/N<\/p>\n\n\n\n<p><a href=\"https:\/\/jalostus.kennelliitto.fi\/frmSukutaulu.aspx?RekNoI=FI45189\/23&amp;ReknoE=FI34653\/23\">Sukutaulu<\/a><\/p>\n\n\n\n<p>Sallan sulhasen etsint\u00e4 on vihdoin saatu p\u00e4\u00e4t\u00f6kseen, ja nyt vain odotetaan innolla kev\u00e4tt\u00e4, ja seuraavaa juoksua. <\/p>\n\n\n\n<p>Odotettavissa on mukavaluonteisia lapinkoiria, p\u00e4\u00e4v\u00e4reilt\u00e4\u00e4n mustia merkein. Salla on luonteeltaan melko rauhallinen narttu, mutta tarvittaessa innostuva. Salla ei ole haukkuherkk\u00e4, ja viihtyy hyvin my\u00f6s yksin\u00e4\u00e4n. Salla on kuitenkin ajoittain toimintaa tarvitseva, ja meill\u00e4 siihen riitt\u00e4\u00e4 kavereiden kanssa juoksentelu, lannan ja luuk\u00e4tk\u00f6jen etsint\u00e4. Roihu sulhanen on my\u00f6skin enemm\u00e4n rauhallinen,kuin vilkas, mutta rakastaa juosta ja leikki\u00e4. Roihulla on hyv\u00e4t sosiaaliset taidot, ja se on rohkea ja kiltti. Roihun omistajat kuvailevat sit\u00e4 kaikinpuolin helpoksi.<\/p>\n\n\n\n<p>________________________________________________________________________________<\/p>\n\n\n\n<p>Seuraava husky-pentue suunnitteilla syksyyn -26 Mokalle! Tarkempia tietoja laitetaan, kun sopiva uros on l\u00f6ytynyt.<\/p>\n\n\n\n<p> Alaskanmalamuutti-pentueita alustavasti suunnitteilla syksyyn -26\/  ja alkuvuoteen -27<\/p>\n\n\n\n<figure class=\"wp-block-image size-full\"><a href=\"https:\/\/bearvvis.com\/wp-content\/uploads\/2022\/02\/cropped-IMG_6501-scaled-1.jpg\"><img loading=\"lazy\" decoding=\"async\" width=\"940\" height=\"198\" src=\"https:\/\/bearvvis.com\/wp-content\/uploads\/2022\/02\/cropped-IMG_6501-scaled-1.jpg\" alt=\"\" class=\"wp-image-1501\" srcset=\"https:\/\/bearvvis.com\/wp-content\/uploads\/2022\/02\/cropped-IMG_6501-scaled-1.jpg 940w, https:\/\/bearvvis.com\/wp-content\/uploads\/2022\/02\/cropped-IMG_6501-scaled-1-300x63.jpg 300w, https:\/\/bearvvis.com\/wp-content\/uploads\/2022\/02\/cropped-IMG_6501-scaled-1-768x162.jpg 768w\" sizes=\"auto, (max-width: 940px) 100vw, 940px\" \/><\/a><\/figure>\n\n\n\n<figure class=\"wp-block-gallery has-nested-images columns-default is-cropped wp-block-gallery-3 is-layout-flex wp-block-gallery-is-layout-flex\"><\/figure>\n\n\n\n<p><\/p>\n\n\n\n<p><\/p>\n","protected":false},"excerpt":{"rendered":"<p>Suunnitellut pentueet vuodelle -26 \/planned litters for -26 Suomenlapinkoira-pentue Huom! Emme ota uusia kysellyj\u00e4 vastaan, ennenkuin pentue on syntynyt. Sallan juoksu tuli ja meni tammikuuussa. Salla tapasi sulhasensa, mutta taydellist\u00e4 astumista ei saatu aikaan. T\u00e4m\u00e4n vuoksi pentujen tulosta kev\u00e4\u00e4lle on suurta ep\u00e4varmuutta. Sik\u00e4li kun pentuja ei tule t\u00e4m\u00e4n astumisen seurauksena, Salla astutetaan uudelleen heti seuraavasta [&hellip;]<\/p>\n","protected":false},"author":1,"featured_media":0,"parent":0,"menu_order":4,"comment_status":"closed","ping_status":"open","template":"","meta":{"footnotes":""},"class_list":["post-36","page","type-page","status-publish","hentry"],"_links":{"self":[{"href":"https:\/\/bearvvis.com\/index.php?rest_route=\/wp\/v2\/pages\/36","targetHints":{"allow":["GET"]}}],"collection":[{"href":"https:\/\/bearvvis.com\/index.php?rest_route=\/wp\/v2\/pages"}],"about":[{"href":"https:\/\/bearvvis.com\/index.php?rest_route=\/wp\/v2\/types\/page"}],"author":[{"embeddable":true,"href":"https:\/\/bearvvis.com\/index.php?rest_route=\/wp\/v2\/users\/1"}],"replies":[{"embeddable":true,"href":"https:\/\/bearvvis.com\/index.php?rest_route=%2Fwp%2Fv2%2Fcomments&post=36"}],"version-history":[{"count":340,"href":"https:\/\/bearvvis.com\/index.php?rest_route=\/wp\/v2\/pages\/36\/revisions"}],"predecessor-version":[{"id":2430,"href":"https:\/\/bearvvis.com\/index.php?rest_route=\/wp\/v2\/pages\/36\/revisions\/2430"}],"wp:attachment":[{"href":"https:\/\/bearvvis.com\/index.php?rest_route=%2Fwp%2Fv2%2Fmedia&parent=36"}],"curies":[{"name":"wp","href":"https:\/\/api.w.org\/{rel}","templated":true}]}}