{"id":460,"date":"2017-01-11T09:39:59","date_gmt":"2017-01-11T09:39:59","guid":{"rendered":"http:\/\/bearvvis.com\/?page_id=460"},"modified":"2025-09-07T04:52:00","modified_gmt":"2025-09-07T04:52:00","slug":"jalostukseen-tarjotaan-for-stud","status":"publish","type":"page","link":"https:\/\/bearvvis.com\/?page_id=460","title":{"rendered":"Jalostukseen tarjotaan\/Males for  stud"},"content":{"rendered":"\n<figure class=\"wp-block-image size-large is-resized\"><a href=\"https:\/\/bearvvis.com\/wp-content\/uploads\/2022\/05\/huiske-scaled.jpg\"><img loading=\"lazy\" decoding=\"async\" width=\"1024\" height=\"938\" src=\"https:\/\/bearvvis.com\/wp-content\/uploads\/2022\/05\/huiske-1024x938.jpg\" alt=\"\" class=\"wp-image-1569\" style=\"width:355px;height:325px\" srcset=\"https:\/\/bearvvis.com\/wp-content\/uploads\/2022\/05\/huiske-1024x938.jpg 1024w, https:\/\/bearvvis.com\/wp-content\/uploads\/2022\/05\/huiske-300x275.jpg 300w, https:\/\/bearvvis.com\/wp-content\/uploads\/2022\/05\/huiske-768x703.jpg 768w, https:\/\/bearvvis.com\/wp-content\/uploads\/2022\/05\/huiske-1536x1407.jpg 1536w, https:\/\/bearvvis.com\/wp-content\/uploads\/2022\/05\/huiske-2048x1876.jpg 2048w\" sizes=\"auto, (max-width: 1024px) 100vw, 1024px\" \/><\/a><figcaption class=\"wp-element-caption\">Huiske on saatavissa sopiville nartuille.<\/figcaption><\/figure>\n\n\n\n<p>Huiskeen tiedot l\u00f6ytyy <a href=\"https:\/\/bearvvis.com\/?page_id=1224\" data-type=\"URL\" data-id=\"https:\/\/bearvvis.com\/?page_id=1224\">t\u00e4\u00e4lt\u00e4<\/a><\/p>\n\n\n\n<figure class=\"wp-block-image size-large is-resized\"><a href=\"https:\/\/bearvvis.com\/wp-content\/uploads\/2019\/12\/nook2-7kk.jpg\"><img loading=\"lazy\" decoding=\"async\" width=\"1024\" height=\"683\" src=\"https:\/\/bearvvis.com\/wp-content\/uploads\/2019\/12\/nook2-7kk-1024x683.jpg\" alt=\"\" class=\"wp-image-1032\" style=\"width:359px;height:239px\" srcset=\"https:\/\/bearvvis.com\/wp-content\/uploads\/2019\/12\/nook2-7kk-1024x683.jpg 1024w, https:\/\/bearvvis.com\/wp-content\/uploads\/2019\/12\/nook2-7kk-300x200.jpg 300w, https:\/\/bearvvis.com\/wp-content\/uploads\/2019\/12\/nook2-7kk-768x512.jpg 768w\" sizes=\"auto, (max-width: 1024px) 100vw, 1024px\" \/><\/a><\/figure>\n\n\n\n<p>Nookin tiedot t\u00e4\u00e4lt<a href=\"https:\/\/bearvvis.com\/?page_id=975\" data-type=\"URL\" data-id=\"https:\/\/bearvvis.com\/?page_id=975\">\u00e4   \/more about Nook<\/a>. <\/p>\n\n\n\n<figure class=\"wp-block-image size-large is-resized\"><a href=\"https:\/\/bearvvis.com\/wp-content\/uploads\/2024\/08\/Alfa-scaled.jpg\"><img loading=\"lazy\" decoding=\"async\" width=\"714\" height=\"1024\" src=\"https:\/\/bearvvis.com\/wp-content\/uploads\/2024\/08\/Alfa-714x1024.jpg\" alt=\"\" class=\"wp-image-2099\" style=\"width:319px;height:auto\" srcset=\"https:\/\/bearvvis.com\/wp-content\/uploads\/2024\/08\/Alfa-714x1024.jpg 714w, https:\/\/bearvvis.com\/wp-content\/uploads\/2024\/08\/Alfa-209x300.jpg 209w, https:\/\/bearvvis.com\/wp-content\/uploads\/2024\/08\/Alfa-768x1101.jpg 768w, https:\/\/bearvvis.com\/wp-content\/uploads\/2024\/08\/Alfa-1071x1536.jpg 1071w, https:\/\/bearvvis.com\/wp-content\/uploads\/2024\/08\/Alfa-1428x2048.jpg 1428w, https:\/\/bearvvis.com\/wp-content\/uploads\/2024\/08\/Alfa-600x860.jpg 600w, https:\/\/bearvvis.com\/wp-content\/uploads\/2024\/08\/Alfa-scaled.jpg 1785w\" sizes=\"auto, (max-width: 714px) 100vw, 714px\" \/><\/a><\/figure>\n\n\n\n<p>Alphan tiedot l\u00f6ytyy <a href=\"https:\/\/bearvvis.com\/?page_id=2098\">t\u00e4\u00e4lt\u00e4<\/a><\/p>\n\n\n\n<figure class=\"wp-block-image size-large is-resized\"><a href=\"https:\/\/bearvvis.com\/wp-content\/uploads\/2025\/05\/WhatsApp-Image-2025-05-26-at-11.15.35.jpeg\"><img loading=\"lazy\" decoding=\"async\" width=\"1024\" height=\"683\" src=\"https:\/\/bearvvis.com\/wp-content\/uploads\/2025\/05\/WhatsApp-Image-2025-05-26-at-11.15.35-1024x683.jpeg\" alt=\"\" class=\"wp-image-2309\" style=\"width:643px;height:auto\" srcset=\"https:\/\/bearvvis.com\/wp-content\/uploads\/2025\/05\/WhatsApp-Image-2025-05-26-at-11.15.35-1024x683.jpeg 1024w, https:\/\/bearvvis.com\/wp-content\/uploads\/2025\/05\/WhatsApp-Image-2025-05-26-at-11.15.35-300x200.jpeg 300w, https:\/\/bearvvis.com\/wp-content\/uploads\/2025\/05\/WhatsApp-Image-2025-05-26-at-11.15.35-768x512.jpeg 768w, https:\/\/bearvvis.com\/wp-content\/uploads\/2025\/05\/WhatsApp-Image-2025-05-26-at-11.15.35-1536x1024.jpeg 1536w, https:\/\/bearvvis.com\/wp-content\/uploads\/2025\/05\/WhatsApp-Image-2025-05-26-at-11.15.35-600x400.jpeg 600w, https:\/\/bearvvis.com\/wp-content\/uploads\/2025\/05\/WhatsApp-Image-2025-05-26-at-11.15.35.jpeg 2048w\" sizes=\"auto, (max-width: 1024px) 100vw, 1024px\" \/><\/a><\/figure>\n\n\n\n<p>Bearvvis Lumikiit\u00e4j\u00e4 &#8221; Velmu&#8221;<\/p>\n\n\n\n<p>HD: B<\/p>\n\n\n\n<p>ED: 0\/0<\/p>\n\n\n\n<p>Polvet\/knees 0\/0<\/p>\n\n\n\n<p>Silm\u00e4t\/eyes: Ok<\/p>\n\n\n\n<p>Selk\u00e4\/spine: <\/p>\n\n\n\n<p>VA0 (Normaali), lukum\u00e4\u00e4r\u00e4: 0<br>SP0 (Puhdas)<br>LTV0 (Normaali)<\/p>\n\n\n\n<p>Syd\u00e4n\/cardiac health certificate: Normaali<\/p>\n\n\n\n<figure class=\"wp-block-table\"><table class=\"has-fixed-layout\"><tbody><tr><td>PRCD-pra: <strong>terve (A)<\/strong><\/td><td>IFT122-pra: <strong>terve (A)<\/strong><\/td><td>Pompen tauti: <strong>terve (A)<\/strong><\/td><td>DM (Deg. Myelop.): <strong>terve (A)<\/strong><\/td><\/tr><tr><td>CMR: <strong>terve (A)<\/strong><\/td><\/tr><\/tbody><\/table><\/figure>\n\n\n\n<p><a href=\"https:\/\/jalostus.kennelliitto.fi\/frmKoira.aspx?RekNo=FI25568\/21&amp;R=189\">Sukutaulu<\/a><\/p>\n\n\n\n<p>Paimennustaipumuskoe\/Ability test for sheepdog\/ <\/p>\n\n\n\n<figure class=\"wp-block-table\"><table class=\"has-fixed-layout\"><tbody><tr><td colspan=\"2\">PAIM-T<\/td><td colspan=\"4\">PAIM-T ERI<\/td><td>PAIM-T L<\/td><\/tr><\/tbody><\/table><\/figure>\n\n\n\n<p>Velmu on kattavasti tutkittu ja my\u00f6s jalostustarkastettu. Terveystietokannasta l\u00f6ytyy kaikki viralliset tutkimukset nimell\u00e4 haettuna ttps:\/\/terveys.lappalaiskoiragalleria.org<\/p>\n\n\n\n<p>Velmun omistaa Johanne L\u00e4hteenm\u00e4ki. Velmu asustaa Raisiossa. Tarkemmat tiedot saa meid\u00e4n kautta.<\/p>\n\n\n\n<p><\/p>\n","protected":false},"excerpt":{"rendered":"<p>Huiskeen tiedot l\u00f6ytyy t\u00e4\u00e4lt\u00e4 Nookin tiedot t\u00e4\u00e4lt\u00e4 \/more about Nook. Alphan tiedot l\u00f6ytyy t\u00e4\u00e4lt\u00e4 Bearvvis Lumikiit\u00e4j\u00e4 &#8221; Velmu&#8221; HD: B ED: 0\/0 Polvet\/knees 0\/0 Silm\u00e4t\/eyes: Ok Selk\u00e4\/spine: VA0 (Normaali), lukum\u00e4\u00e4r\u00e4: 0SP0 (Puhdas)LTV0 (Normaali) Syd\u00e4n\/cardiac health certificate: Normaali PRCD-pra: terve (A) IFT122-pra: terve (A) Pompen tauti: terve (A) DM (Deg. Myelop.): terve (A) CMR: terve (A) [&hellip;]<\/p>\n","protected":false},"author":1,"featured_media":0,"parent":0,"menu_order":5,"comment_status":"closed","ping_status":"closed","template":"","meta":{"footnotes":""},"class_list":["post-460","page","type-page","status-publish","hentry"],"_links":{"self":[{"href":"https:\/\/bearvvis.com\/index.php?rest_route=\/wp\/v2\/pages\/460","targetHints":{"allow":["GET"]}}],"collection":[{"href":"https:\/\/bearvvis.com\/index.php?rest_route=\/wp\/v2\/pages"}],"about":[{"href":"https:\/\/bearvvis.com\/index.php?rest_route=\/wp\/v2\/types\/page"}],"author":[{"embeddable":true,"href":"https:\/\/bearvvis.com\/index.php?rest_route=\/wp\/v2\/users\/1"}],"replies":[{"embeddable":true,"href":"https:\/\/bearvvis.com\/index.php?rest_route=%2Fwp%2Fv2%2Fcomments&post=460"}],"version-history":[{"count":20,"href":"https:\/\/bearvvis.com\/index.php?rest_route=\/wp\/v2\/pages\/460\/revisions"}],"predecessor-version":[{"id":2367,"href":"https:\/\/bearvvis.com\/index.php?rest_route=\/wp\/v2\/pages\/460\/revisions\/2367"}],"wp:attachment":[{"href":"https:\/\/bearvvis.com\/index.php?rest_route=%2Fwp%2Fv2%2Fmedia&parent=460"}],"curies":[{"name":"wp","href":"https:\/\/api.w.org\/{rel}","templated":true}]}}