{"id":565,"date":"2017-07-19T17:51:55","date_gmt":"2017-07-19T17:51:55","guid":{"rendered":"http:\/\/bearvvis.com\/?page_id=565"},"modified":"2025-05-08T05:02:01","modified_gmt":"2025-05-08T05:02:01","slug":"sinilumon-early-handsome-inuk","status":"publish","type":"page","link":"https:\/\/bearvvis.com\/?page_id=565","title":{"rendered":"R.I.P EE Mva\/Ch Sinilumon Early Handsome &#8221;Inuk&#8221;"},"content":{"rendered":"<div id=\"attachment_811\" style=\"width: 310px\" class=\"wp-caption alignnone\"><a href=\"https:\/\/bearvvis.com\/wp-content\/uploads\/2017\/07\/Inuk-rakvere.jpg\"><img loading=\"lazy\" decoding=\"async\" aria-describedby=\"caption-attachment-811\" class=\"wp-image-811 size-medium\" src=\"https:\/\/bearvvis.com\/wp-content\/uploads\/2017\/07\/Inuk-rakvere-300x179.jpg\" width=\"300\" height=\"179\" srcset=\"https:\/\/bearvvis.com\/wp-content\/uploads\/2017\/07\/Inuk-rakvere-300x179.jpg 300w, https:\/\/bearvvis.com\/wp-content\/uploads\/2017\/07\/Inuk-rakvere-768x459.jpg 768w, https:\/\/bearvvis.com\/wp-content\/uploads\/2017\/07\/Inuk-rakvere-1024x612.jpg 1024w\" sizes=\"auto, (max-width: 300px) 100vw, 300px\" \/><\/a><p id=\"caption-attachment-811\" class=\"wp-caption-text\">Inuk 10\/2018<\/p><\/div>\n<p>&nbsp;<\/p>\n<div id=\"attachment_758\" style=\"width: 310px\" class=\"wp-caption alignnone\"><a href=\"https:\/\/bearvvis.com\/wp-content\/uploads\/2017\/07\/Inuk.jpg\"><img loading=\"lazy\" decoding=\"async\" aria-describedby=\"caption-attachment-758\" class=\"wp-image-758 size-medium\" src=\"https:\/\/bearvvis.com\/wp-content\/uploads\/2017\/07\/Inuk-300x235.jpg\" width=\"300\" height=\"235\" srcset=\"https:\/\/bearvvis.com\/wp-content\/uploads\/2017\/07\/Inuk-300x235.jpg 300w, https:\/\/bearvvis.com\/wp-content\/uploads\/2017\/07\/Inuk-768x603.jpg 768w, https:\/\/bearvvis.com\/wp-content\/uploads\/2017\/07\/Inuk-1024x804.jpg 1024w\" sizes=\"auto, (max-width: 300px) 100vw, 300px\" \/><\/a><p id=\"caption-attachment-758\" class=\"wp-caption-text\">Inuk 7\/18<\/p><\/div>\n<div id=\"attachment_649\" style=\"width: 310px\" class=\"wp-caption alignnone\"><a href=\"https:\/\/bearvvis.com\/wp-content\/uploads\/2017\/07\/IMG_6787.jpg\"><img loading=\"lazy\" decoding=\"async\" aria-describedby=\"caption-attachment-649\" class=\"wp-image-649 size-medium\" src=\"https:\/\/bearvvis.com\/wp-content\/uploads\/2017\/07\/IMG_6787-300x200.jpg\" width=\"300\" height=\"200\" srcset=\"https:\/\/bearvvis.com\/wp-content\/uploads\/2017\/07\/IMG_6787-300x200.jpg 300w, https:\/\/bearvvis.com\/wp-content\/uploads\/2017\/07\/IMG_6787-768x512.jpg 768w, https:\/\/bearvvis.com\/wp-content\/uploads\/2017\/07\/IMG_6787-1024x683.jpg 1024w\" sizes=\"auto, (max-width: 300px) 100vw, 300px\" \/><\/a><p id=\"caption-attachment-649\" class=\"wp-caption-text\">Inuk talvi 2018<\/p><\/div>\n<div id=\"attachment_668\" style=\"width: 310px\" class=\"wp-caption alignnone\"><a href=\"https:\/\/bearvvis.com\/wp-content\/uploads\/2017\/07\/Inuk-lahti.jpg\"><img loading=\"lazy\" decoding=\"async\" aria-describedby=\"caption-attachment-668\" class=\"wp-image-668 size-medium\" src=\"https:\/\/bearvvis.com\/wp-content\/uploads\/2017\/07\/Inuk-lahti-300x200.jpg\" width=\"300\" height=\"200\" srcset=\"https:\/\/bearvvis.com\/wp-content\/uploads\/2017\/07\/Inuk-lahti-300x200.jpg 300w, https:\/\/bearvvis.com\/wp-content\/uploads\/2017\/07\/Inuk-lahti-768x512.jpg 768w, https:\/\/bearvvis.com\/wp-content\/uploads\/2017\/07\/Inuk-lahti.jpg 960w\" sizes=\"auto, (max-width: 300px) 100vw, 300px\" \/><\/a><p id=\"caption-attachment-668\" class=\"wp-caption-text\">Inuk Lahden kv n\u00e4yttelyss\u00e4 3\/ 2018<\/p><\/div>\n<p><a href=\"https:\/\/bearvvis.com\/wp-content\/uploads\/2017\/07\/IMG-20170714-WA0002.jpg\"><img loading=\"lazy\" decoding=\"async\" class=\"alignnone size-medium wp-image-566\" src=\"https:\/\/bearvvis.com\/wp-content\/uploads\/2017\/07\/IMG-20170714-WA0002-169x300.jpg\" alt=\"\" width=\"169\" height=\"300\" srcset=\"https:\/\/bearvvis.com\/wp-content\/uploads\/2017\/07\/IMG-20170714-WA0002-169x300.jpg 169w, https:\/\/bearvvis.com\/wp-content\/uploads\/2017\/07\/IMG-20170714-WA0002-576x1024.jpg 576w, https:\/\/bearvvis.com\/wp-content\/uploads\/2017\/07\/IMG-20170714-WA0002.jpg 720w\" sizes=\"auto, (max-width: 169px) 100vw, 169px\" \/><\/a><\/p>\n<p>Syntynyt\/Born:23.4.2017-7.5.2025<\/p>\n<p>Is\u00e4\/sire: <a href=\"https:\/\/jalostus.kennelliitto.fi\/frmKoira.aspx?RekNo=FI30635%2F17\">INAN OF SNIEGO \u0160UNYS<\/a><\/p>\n<p>Em\u00e4\/dam: <a href=\"https:\/\/jalostus.kennelliitto.fi\/frmKoira.aspx?RekNo=FI17110%2F10\">KUUHAUKUN THIS IS IT<\/a><\/p>\n<p>Silm\u00e4t\/eyes: Terveet\/clear 2\/2019<\/p>\n<p>HD: A<\/p>\n<p>ED:0\/0<\/p>\n<p><a href=\"https:\/\/jalostus.kennelliitto.fi\/frmKoira.aspx?RekNo=FI35364%2F17&amp;R=270\">Sukutaulu <\/a><\/p>\n<p>Inuk oli ensimm\u00e4inen huskymme. Inukista kasvoi vahvaluustoinen iloinen uros. Inuk toimi valjakossa ja osallistui isompiinkin valjakoihin malamuuttien kanssa. Inuk osallistui my\u00f6s onnistuneesti ensimm\u00e4isiin sulan maan kisoihin tytt\u00e4reni kanssa junioriluokassa J\u00e4mill\u00e4 2018<\/p>\n<p>Inuk k\u00e4vi kolme kertaa n\u00e4yttelyiss\u00e4 Suomessa, joista tuloksena oli pari PU\u00a0 sijoitusta sek\u00e4 vara-sertit.<\/p>\n<p>Inuk saavutti Viron valion arvon Rakveress\u00e4 toukokuun alussa 2019.<\/p>\n<p>Inuk sairastui \u00e4killisesti toukokuun alkupuolella. Raskas p\u00e4\u00e4t\u00f6s oli teht\u00e4v\u00e4 rakkaan Inukin parhaaksi.<\/p>\n","protected":false},"excerpt":{"rendered":"<p>&nbsp; Syntynyt\/Born:23.4.2017-7.5.2025 Is\u00e4\/sire: INAN OF SNIEGO \u0160UNYS Em\u00e4\/dam: KUUHAUKUN THIS IS IT Silm\u00e4t\/eyes: Terveet\/clear 2\/2019 HD: A ED:0\/0 Sukutaulu Inuk oli ensimm\u00e4inen huskymme. Inukista kasvoi vahvaluustoinen iloinen uros. Inuk toimi valjakossa ja osallistui isompiinkin valjakoihin malamuuttien kanssa. Inuk osallistui my\u00f6s onnistuneesti ensimm\u00e4isiin sulan maan kisoihin tytt\u00e4reni kanssa junioriluokassa J\u00e4mill\u00e4 2018 Inuk k\u00e4vi kolme kertaa n\u00e4yttelyiss\u00e4 [&hellip;]<\/p>\n","protected":false},"author":1,"featured_media":0,"parent":552,"menu_order":0,"comment_status":"closed","ping_status":"closed","template":"","meta":{"footnotes":""},"class_list":["post-565","page","type-page","status-publish","hentry"],"_links":{"self":[{"href":"https:\/\/bearvvis.com\/index.php?rest_route=\/wp\/v2\/pages\/565","targetHints":{"allow":["GET"]}}],"collection":[{"href":"https:\/\/bearvvis.com\/index.php?rest_route=\/wp\/v2\/pages"}],"about":[{"href":"https:\/\/bearvvis.com\/index.php?rest_route=\/wp\/v2\/types\/page"}],"author":[{"embeddable":true,"href":"https:\/\/bearvvis.com\/index.php?rest_route=\/wp\/v2\/users\/1"}],"replies":[{"embeddable":true,"href":"https:\/\/bearvvis.com\/index.php?rest_route=%2Fwp%2Fv2%2Fcomments&post=565"}],"version-history":[{"count":18,"href":"https:\/\/bearvvis.com\/index.php?rest_route=\/wp\/v2\/pages\/565\/revisions"}],"predecessor-version":[{"id":2299,"href":"https:\/\/bearvvis.com\/index.php?rest_route=\/wp\/v2\/pages\/565\/revisions\/2299"}],"up":[{"embeddable":true,"href":"https:\/\/bearvvis.com\/index.php?rest_route=\/wp\/v2\/pages\/552"}],"wp:attachment":[{"href":"https:\/\/bearvvis.com\/index.php?rest_route=%2Fwp%2Fv2%2Fmedia&parent=565"}],"curies":[{"name":"wp","href":"https:\/\/api.w.org\/{rel}","templated":true}]}}