{"id":57,"date":"2014-07-24T09:56:21","date_gmt":"2014-07-24T09:56:21","guid":{"rendered":"http:\/\/bearvvis.com\/?page_id=57"},"modified":"2025-04-12T16:51:06","modified_gmt":"2025-04-12T16:51:06","slug":"fi-ee-mvach-bearvvis-kamidlartok-rek3","status":"publish","type":"page","link":"https:\/\/bearvvis.com\/?page_id=57","title":{"rendered":"In memoriam FI &#038; EE Mva\/Ch Bearvvis Kamidlartok REK3"},"content":{"rendered":"<div id=\"attachment_247\" style=\"width: 310px\" class=\"wp-caption alignnone\"><a href=\"https:\/\/bearvvis.com\/wp-content\/uploads\/2014\/07\/Nafin-pennut-6-viikkoa-silakan-4-viikkoa-032.jpg\"><img loading=\"lazy\" decoding=\"async\" aria-describedby=\"caption-attachment-247\" class=\"wp-image-247 size-medium\" src=\"https:\/\/bearvvis.com\/wp-content\/uploads\/2014\/07\/Nafin-pennut-6-viikkoa-silakan-4-viikkoa-032-300x200.jpg\" alt=\"Nafin pennut 6 viikkoa , silakan 4 viikkoa 032\" width=\"300\" height=\"200\" srcset=\"https:\/\/bearvvis.com\/wp-content\/uploads\/2014\/07\/Nafin-pennut-6-viikkoa-silakan-4-viikkoa-032-300x200.jpg 300w, https:\/\/bearvvis.com\/wp-content\/uploads\/2014\/07\/Nafin-pennut-6-viikkoa-silakan-4-viikkoa-032-1024x683.jpg 1024w, https:\/\/bearvvis.com\/wp-content\/uploads\/2014\/07\/Nafin-pennut-6-viikkoa-silakan-4-viikkoa-032-624x416.jpg 624w\" sizes=\"auto, (max-width: 300px) 100vw, 300px\" \/><\/a><p id=\"caption-attachment-247\" class=\"wp-caption-text\">Kami 11-vuotiaana\/years old<\/p><\/div>\n<p><a href=\"https:\/\/bearvvis.com\/wp-content\/uploads\/2014\/07\/260408-012.jpg\"><img loading=\"lazy\" decoding=\"async\" class=\"alignnone size-medium wp-image-205\" src=\"https:\/\/bearvvis.com\/wp-content\/uploads\/2014\/07\/260408-012-300x200.jpg\" alt=\"260408 012\" width=\"300\" height=\"200\" srcset=\"https:\/\/bearvvis.com\/wp-content\/uploads\/2014\/07\/260408-012-300x200.jpg 300w, https:\/\/bearvvis.com\/wp-content\/uploads\/2014\/07\/260408-012-1024x683.jpg 1024w, https:\/\/bearvvis.com\/wp-content\/uploads\/2014\/07\/260408-012-624x416.jpg 624w\" sizes=\"auto, (max-width: 300px) 100vw, 300px\" \/><\/a><a href=\"https:\/\/bearvvis.com\/wp-content\/uploads\/2014\/07\/kami-helsinki.jpg\"><img loading=\"lazy\" decoding=\"async\" class=\"alignnone size-full wp-image-58\" src=\"https:\/\/bearvvis.com\/wp-content\/uploads\/2014\/07\/kami-helsinki.jpg\" alt=\"kami helsinki\" width=\"257\" height=\"206\" \/><\/a><\/p>\n<p>Syntyi\/born: 28.7.2004- 18.8.2017<\/p>\n<p>Is\u00e4\/sire: AM Ch Barrenfield Major Knockout<\/p>\n<p>Em\u00e4\/dam: Bearvvis Iglafaruq<\/p>\n<p>Lonkat\/ HD: A, Kyyn\u00e4rp\u00e4\u00e4t ED: 0\/0, silm\u00e4t\/eyes terveet\/ clear<\/p>\n<p><a href=\"http:\/\/jalostus.kennelliitto.fi\/frmKoira.aspx?RekNo=FIN41499%2F04&amp;R=243\">Sukutaulu\/pedigree<\/a><\/p>\n<p>\u201dKami\u201d oli laumamme kuningatar joka j\u00e4i kotiin kasvamaan yhdess\u00e4 veljens\u00e4 Kunikin ja toisen siskonsa Kalin kanssa pentuna.\u00a0 Kami juoksi yhdess\u00e4 veljens\u00e4 Kunikin kanssavuosia k\u00e4rjess\u00e4, ja opetti nuorempia koiria valjakkomaailmaan. Kahdentoista vuoden i\u00e4n j\u00e4lkeen Kami siirtyi vapaaseen liikuntaan ja k\u00e4vely lenkkeihin. Kami oli l\u00e4hes loppuun saakka pirte\u00e4 ja pitk\u00e4\u00e4n eritt\u00e4in hyv\u00e4 kuntoinen. L\u00e4hd\u00f6n hetki kuitenkin koitti ja rakkaasta yst\u00e4v\u00e4st\u00e4 oli aika j\u00e4tt\u00e4\u00e4 hyv\u00e4stit.<\/p>\n<div id=\"attachment_76\" style=\"width: 232px\" class=\"wp-caption alignnone\"><a href=\"https:\/\/bearvvis.com\/wp-content\/uploads\/2014\/07\/female1.jpg\"><img loading=\"lazy\" decoding=\"async\" aria-describedby=\"caption-attachment-76\" class=\"wp-image-76 size-medium\" src=\"https:\/\/bearvvis.com\/wp-content\/uploads\/2014\/07\/female1-222x300.jpg\" alt=\"OLYMPUS DIGITAL CAMERA\" width=\"222\" height=\"300\" srcset=\"https:\/\/bearvvis.com\/wp-content\/uploads\/2014\/07\/female1-222x300.jpg 222w, https:\/\/bearvvis.com\/wp-content\/uploads\/2014\/07\/female1-759x1024.jpg 759w, https:\/\/bearvvis.com\/wp-content\/uploads\/2014\/07\/female1-624x841.jpg 624w, https:\/\/bearvvis.com\/wp-content\/uploads\/2014\/07\/female1.jpg 920w\" sizes=\"auto, (max-width: 222px) 100vw, 222px\" \/><\/a><p id=\"caption-attachment-76\" class=\"wp-caption-text\">Kami pienen\u00e4 pentuna<\/p><\/div>\n<div id=\"attachment_59\" style=\"width: 310px\" class=\"wp-caption alignnone\"><a href=\"https:\/\/bearvvis.com\/wp-content\/uploads\/2014\/07\/frosti-kisoissa.jpg\"><img loading=\"lazy\" decoding=\"async\" aria-describedby=\"caption-attachment-59\" class=\"wp-image-59 size-medium\" src=\"https:\/\/bearvvis.com\/wp-content\/uploads\/2014\/07\/frosti-kisoissa-300x200.jpg\" alt=\"frosti kisoissa\" width=\"300\" height=\"200\" srcset=\"https:\/\/bearvvis.com\/wp-content\/uploads\/2014\/07\/frosti-kisoissa-300x200.jpg 300w, https:\/\/bearvvis.com\/wp-content\/uploads\/2014\/07\/frosti-kisoissa-624x416.jpg 624w, https:\/\/bearvvis.com\/wp-content\/uploads\/2014\/07\/frosti-kisoissa.jpg 720w\" sizes=\"auto, (max-width: 300px) 100vw, 300px\" \/><\/a><p id=\"caption-attachment-59\" class=\"wp-caption-text\">Kami ja Frosti sulanmaan kisoissa<\/p><\/div>\n","protected":false},"excerpt":{"rendered":"<p>Syntyi\/born: 28.7.2004- 18.8.2017 Is\u00e4\/sire: AM Ch Barrenfield Major Knockout Em\u00e4\/dam: Bearvvis Iglafaruq Lonkat\/ HD: A, Kyyn\u00e4rp\u00e4\u00e4t ED: 0\/0, silm\u00e4t\/eyes terveet\/ clear Sukutaulu\/pedigree \u201dKami\u201d oli laumamme kuningatar joka j\u00e4i kotiin kasvamaan yhdess\u00e4 veljens\u00e4 Kunikin ja toisen siskonsa Kalin kanssa pentuna.\u00a0 Kami juoksi yhdess\u00e4 veljens\u00e4 Kunikin kanssavuosia k\u00e4rjess\u00e4, ja opetti nuorempia koiria valjakkomaailmaan. Kahdentoista vuoden i\u00e4n j\u00e4lkeen [&hellip;]<\/p>\n","protected":false},"author":1,"featured_media":0,"parent":552,"menu_order":0,"comment_status":"closed","ping_status":"open","template":"","meta":{"footnotes":""},"class_list":["post-57","page","type-page","status-publish","hentry"],"_links":{"self":[{"href":"https:\/\/bearvvis.com\/index.php?rest_route=\/wp\/v2\/pages\/57","targetHints":{"allow":["GET"]}}],"collection":[{"href":"https:\/\/bearvvis.com\/index.php?rest_route=\/wp\/v2\/pages"}],"about":[{"href":"https:\/\/bearvvis.com\/index.php?rest_route=\/wp\/v2\/types\/page"}],"author":[{"embeddable":true,"href":"https:\/\/bearvvis.com\/index.php?rest_route=\/wp\/v2\/users\/1"}],"replies":[{"embeddable":true,"href":"https:\/\/bearvvis.com\/index.php?rest_route=%2Fwp%2Fv2%2Fcomments&post=57"}],"version-history":[{"count":11,"href":"https:\/\/bearvvis.com\/index.php?rest_route=\/wp\/v2\/pages\/57\/revisions"}],"predecessor-version":[{"id":577,"href":"https:\/\/bearvvis.com\/index.php?rest_route=\/wp\/v2\/pages\/57\/revisions\/577"}],"up":[{"embeddable":true,"href":"https:\/\/bearvvis.com\/index.php?rest_route=\/wp\/v2\/pages\/552"}],"wp:attachment":[{"href":"https:\/\/bearvvis.com\/index.php?rest_route=%2Fwp%2Fv2%2Fmedia&parent=57"}],"curies":[{"name":"wp","href":"https:\/\/api.w.org\/{rel}","templated":true}]}}