{"id":61,"date":"2014-07-24T09:59:04","date_gmt":"2014-07-24T09:59:04","guid":{"rendered":"http:\/\/bearvvis.com\/?page_id=61"},"modified":"2025-04-12T16:51:06","modified_gmt":"2025-04-12T16:51:06","slug":"fi-ee-mvach-sno-camps-adhara-rek3","status":"publish","type":"page","link":"https:\/\/bearvvis.com\/?page_id=61","title":{"rendered":"In memoriam FI &#038; EE Mva\/Ch Sno Camps Adhara REK3"},"content":{"rendered":"<p><a href=\"https:\/\/bearvvis.com\/wp-content\/uploads\/2014\/07\/adisviro.jpg\"><img loading=\"lazy\" decoding=\"async\" class=\"alignnone size-medium wp-image-7\" src=\"https:\/\/bearvvis.com\/wp-content\/uploads\/2014\/07\/adisviro-238x300.jpg\" alt=\"adisviro\" width=\"238\" height=\"300\" srcset=\"https:\/\/bearvvis.com\/wp-content\/uploads\/2014\/07\/adisviro-238x300.jpg 238w, https:\/\/bearvvis.com\/wp-content\/uploads\/2014\/07\/adisviro.jpg 762w\" sizes=\"auto, (max-width: 238px) 100vw, 238px\" \/><\/a><\/p>\n<p>Syntynyt\/born 15.3.2006-8.6.2017<\/p>\n<p>Is\u00e4\/sire:C.I.B, ES Mva\/Ch Wild Wind Hit Man of Snocamps<\/p>\n<p>Em\u00e4\/dam: C.I.B, ES Mva Onanuke\u00b4s Ya-Da-Ya-Da<\/p>\n<p>Lonkat\/HD:A, kyyn\u00e4r\u00e4t\/ED:0\/0, silm\u00e4t ok\/ eyes clear<\/p>\n<p>PN: Normal<\/p>\n<p>LC: Normal<\/p>\n<p><a href=\"http:\/\/jalostus.kennelliitto.fi\/frmKoira.aspx?RekNo=FIN36115%2F08&amp;R=243\">Sukutaulu\/pedigree<\/a><\/p>\n<p>Adhara \u201dAdis\u201d tuotiin pentuna Espanjasta SnoCamps kennelist\u00e4. Adhara juoksi valjakossa l\u00e4hinn\u00e4 keski- tai py\u00f6r\u00e4parissa, mutta\u00a0 vanhemmiten vetopuuhia harrasteltiin nuorempien uroksien rinnalla. Adharalla on kaksi pentuetta, vuodelta 2008 ja 2013. Adharan ensimm\u00e4isest\u00e4 pentueessa Kunikin kanssa, j\u00e4i kotiin kasvamaan Freija ja Frosti ja j\u00e4lkimm\u00e4isest\u00e4 \u201dTatqiq\u201d poika.<\/p>\n<p>Adhara oli luonteeltaan aktiivinen, iloinen ja joustava. Adhara tuli\u00a0 hyvin toimeen useimpien koirien kanssa. Ik\u00e4v\u00f6imme suuresti meid\u00e4n aina iloista ja puheliasta kaikki k\u00e4y tyyppi\u00e4.<\/p>\n<p><a href=\"https:\/\/bearvvis.com\/wp-content\/uploads\/2014\/07\/adis-pori.jpg\"><img loading=\"lazy\" decoding=\"async\" class=\"alignnone size-medium wp-image-126\" src=\"https:\/\/bearvvis.com\/wp-content\/uploads\/2014\/07\/adis-pori-300x188.jpg\" alt=\"adis pori\" width=\"300\" height=\"188\" srcset=\"https:\/\/bearvvis.com\/wp-content\/uploads\/2014\/07\/adis-pori-300x188.jpg 300w, https:\/\/bearvvis.com\/wp-content\/uploads\/2014\/07\/adis-pori.jpg 588w\" sizes=\"auto, (max-width: 300px) 100vw, 300px\" \/><\/a><\/p>\n","protected":false},"excerpt":{"rendered":"<p>Syntynyt\/born 15.3.2006-8.6.2017 Is\u00e4\/sire:C.I.B, ES Mva\/Ch Wild Wind Hit Man of Snocamps Em\u00e4\/dam: C.I.B, ES Mva Onanuke\u00b4s Ya-Da-Ya-Da Lonkat\/HD:A, kyyn\u00e4r\u00e4t\/ED:0\/0, silm\u00e4t ok\/ eyes clear PN: Normal LC: Normal Sukutaulu\/pedigree Adhara \u201dAdis\u201d tuotiin pentuna Espanjasta SnoCamps kennelist\u00e4. Adhara juoksi valjakossa l\u00e4hinn\u00e4 keski- tai py\u00f6r\u00e4parissa, mutta\u00a0 vanhemmiten vetopuuhia harrasteltiin nuorempien uroksien rinnalla. Adharalla on kaksi pentuetta, vuodelta 2008 [&hellip;]<\/p>\n","protected":false},"author":1,"featured_media":0,"parent":552,"menu_order":0,"comment_status":"closed","ping_status":"open","template":"","meta":{"footnotes":""},"class_list":["post-61","page","type-page","status-publish","hentry"],"_links":{"self":[{"href":"https:\/\/bearvvis.com\/index.php?rest_route=\/wp\/v2\/pages\/61","targetHints":{"allow":["GET"]}}],"collection":[{"href":"https:\/\/bearvvis.com\/index.php?rest_route=\/wp\/v2\/pages"}],"about":[{"href":"https:\/\/bearvvis.com\/index.php?rest_route=\/wp\/v2\/types\/page"}],"author":[{"embeddable":true,"href":"https:\/\/bearvvis.com\/index.php?rest_route=\/wp\/v2\/users\/1"}],"replies":[{"embeddable":true,"href":"https:\/\/bearvvis.com\/index.php?rest_route=%2Fwp%2Fv2%2Fcomments&post=61"}],"version-history":[{"count":8,"href":"https:\/\/bearvvis.com\/index.php?rest_route=\/wp\/v2\/pages\/61\/revisions"}],"predecessor-version":[{"id":538,"href":"https:\/\/bearvvis.com\/index.php?rest_route=\/wp\/v2\/pages\/61\/revisions\/538"}],"up":[{"embeddable":true,"href":"https:\/\/bearvvis.com\/index.php?rest_route=\/wp\/v2\/pages\/552"}],"wp:attachment":[{"href":"https:\/\/bearvvis.com\/index.php?rest_route=%2Fwp%2Fv2%2Fmedia&parent=61"}],"curies":[{"name":"wp","href":"https:\/\/api.w.org\/{rel}","templated":true}]}}