{"id":63,"date":"2014-07-24T10:02:31","date_gmt":"2014-07-24T10:02:31","guid":{"rendered":"http:\/\/bearvvis.com\/?page_id=63"},"modified":"2025-04-12T16:51:06","modified_gmt":"2025-04-12T16:51:06","slug":"fi-mvach-bearvvis-white-diamond","status":"publish","type":"page","link":"https:\/\/bearvvis.com\/?page_id=63","title":{"rendered":"In memoriam FI Mva\/Ch Bearvvis White Diamond"},"content":{"rendered":"<p><a href=\"https:\/\/bearvvis.com\/wp-content\/uploads\/2014\/07\/freija.jpg\"><img loading=\"lazy\" decoding=\"async\" class=\"alignnone size-medium wp-image-64\" src=\"https:\/\/bearvvis.com\/wp-content\/uploads\/2014\/07\/freija-300x200.jpg\" alt=\"freija\" width=\"300\" height=\"200\" srcset=\"https:\/\/bearvvis.com\/wp-content\/uploads\/2014\/07\/freija-300x200.jpg 300w, https:\/\/bearvvis.com\/wp-content\/uploads\/2014\/07\/freija.jpg 309w\" sizes=\"auto, (max-width: 300px) 100vw, 300px\" \/><\/a><a href=\"https:\/\/bearvvis.com\/wp-content\/uploads\/2014\/07\/pennut-ulkona-074.jpg\"><img loading=\"lazy\" decoding=\"async\" class=\"alignnone size-medium wp-image-190\" src=\"https:\/\/bearvvis.com\/wp-content\/uploads\/2014\/07\/pennut-ulkona-074-200x300.jpg\" alt=\"pennut ulkona 074\" width=\"200\" height=\"300\" srcset=\"https:\/\/bearvvis.com\/wp-content\/uploads\/2014\/07\/pennut-ulkona-074-200x300.jpg 200w, https:\/\/bearvvis.com\/wp-content\/uploads\/2014\/07\/pennut-ulkona-074-682x1024.jpg 682w, https:\/\/bearvvis.com\/wp-content\/uploads\/2014\/07\/pennut-ulkona-074-624x936.jpg 624w\" sizes=\"auto, (max-width: 200px) 100vw, 200px\" \/><\/a><\/p>\n<p>Syntyi\/born.10.12.2008-10.7.2017<\/p>\n<p>Is\u00e4\/sire: Fi Mva Bearvvis Kunikpok REK2<\/p>\n<p>Em\u00e4\/dam: FI&amp;EE Mva Sno Camps Adhara REK3<\/p>\n<p>Lonkat\/HD: B, kyyn\u00e4r\u00e4t\/ ED: 0\/0, silm\u00e4t\/eyes ok\/clear (3.2016)<\/p>\n<p>Pn: Normal (vanhempien kautta, clear by parentage)<\/p>\n<p>LC: Kantaja, Long coat carrier<\/p>\n<p><a href=\"http:\/\/jalostus.kennelliitto.fi\/frmKoira.aspx?RekNo=FIN62806%2F08&amp;R=243\">Sukutaulu\/pedigree<\/a><\/p>\n<p>\u201dFreija\u201d ooli Adharan ja Kunikin pentueesta veljens\u00e4 Frostin kanssa kotiin j\u00e4tetty valjakon vahvistus.<\/p>\n<p>Freija oli luonteeltaan rauhallinen ja\u00a0 eritt\u00e4in perso rapsutuksille. Valjakossa Freija juoksi\u00a0 mieluummin takaparissa ja parhaiten raskaalla ja hitaalla kelill\u00e4.<\/p>\n<p>Freijalla on yksi pentue, jonka j\u00e4lkel\u00e4isi\u00e4 on joitakin k\u00e4ytetty n\u00e4yttelyiss\u00e4 sek\u00e4 vetopuuhissa omaksi iloksi.<\/p>\n<p>Freijan toinen pentue j\u00e4i toteutumatta ja odotammekin nyt lapsenlapsia jatkamaan Freijan linjaa. Freija sairastui \u00e4kkin\u00e4isesti ja yll\u00e4tt\u00e4en pahaan kohtutulehdukseen , jonka seuraksena oli parempi p\u00e4\u00e4st\u00e4\u00e4 Freija tuskistaan. Rakas halipulla Freija el\u00e4\u00e4 muistoissamme &lt;3<\/p>\n<div id=\"attachment_129\" style=\"width: 310px\" class=\"wp-caption alignnone\"><a href=\"https:\/\/bearvvis.com\/wp-content\/uploads\/2014\/07\/IMG_2764.jpg\"><img loading=\"lazy\" decoding=\"async\" aria-describedby=\"caption-attachment-129\" class=\"wp-image-129 size-medium\" src=\"https:\/\/bearvvis.com\/wp-content\/uploads\/2014\/07\/IMG_2764-300x225.jpg\" alt=\"IMG_2764\" width=\"300\" height=\"225\" srcset=\"https:\/\/bearvvis.com\/wp-content\/uploads\/2014\/07\/IMG_2764-300x225.jpg 300w, https:\/\/bearvvis.com\/wp-content\/uploads\/2014\/07\/IMG_2764-1024x768.jpg 1024w, https:\/\/bearvvis.com\/wp-content\/uploads\/2014\/07\/IMG_2764-624x468.jpg 624w, https:\/\/bearvvis.com\/wp-content\/uploads\/2014\/07\/IMG_2764.jpg 2048w\" sizes=\"auto, (max-width: 300px) 100vw, 300px\" \/><\/a><p id=\"caption-attachment-129\" class=\"wp-caption-text\">Freija 2 kuukauden i\u00e4ss\u00e4<\/p><\/div>\n<p><a href=\"https:\/\/bearvvis.com\/wp-content\/uploads\/2014\/07\/pikki-freija.jpg\"><img loading=\"lazy\" decoding=\"async\" class=\"alignnone size-medium wp-image-207\" src=\"https:\/\/bearvvis.com\/wp-content\/uploads\/2014\/07\/pikki-freija-300x268.jpg\" alt=\"pikki freija\" width=\"300\" height=\"268\" srcset=\"https:\/\/bearvvis.com\/wp-content\/uploads\/2014\/07\/pikki-freija-300x268.jpg 300w, https:\/\/bearvvis.com\/wp-content\/uploads\/2014\/07\/pikki-freija-624x557.jpg 624w, https:\/\/bearvvis.com\/wp-content\/uploads\/2014\/07\/pikki-freija.jpg 900w\" sizes=\"auto, (max-width: 300px) 100vw, 300px\" \/><\/a><\/p>\n","protected":false},"excerpt":{"rendered":"<p>Syntyi\/born.10.12.2008-10.7.2017 Is\u00e4\/sire: Fi Mva Bearvvis Kunikpok REK2 Em\u00e4\/dam: FI&amp;EE Mva Sno Camps Adhara REK3 Lonkat\/HD: B, kyyn\u00e4r\u00e4t\/ ED: 0\/0, silm\u00e4t\/eyes ok\/clear (3.2016) Pn: Normal (vanhempien kautta, clear by parentage) LC: Kantaja, Long coat carrier Sukutaulu\/pedigree \u201dFreija\u201d ooli Adharan ja Kunikin pentueesta veljens\u00e4 Frostin kanssa kotiin j\u00e4tetty valjakon vahvistus. Freija oli luonteeltaan rauhallinen ja\u00a0 eritt\u00e4in perso [&hellip;]<\/p>\n","protected":false},"author":1,"featured_media":0,"parent":552,"menu_order":0,"comment_status":"closed","ping_status":"open","template":"","meta":{"footnotes":""},"class_list":["post-63","page","type-page","status-publish","hentry"],"_links":{"self":[{"href":"https:\/\/bearvvis.com\/index.php?rest_route=\/wp\/v2\/pages\/63","targetHints":{"allow":["GET"]}}],"collection":[{"href":"https:\/\/bearvvis.com\/index.php?rest_route=\/wp\/v2\/pages"}],"about":[{"href":"https:\/\/bearvvis.com\/index.php?rest_route=\/wp\/v2\/types\/page"}],"author":[{"embeddable":true,"href":"https:\/\/bearvvis.com\/index.php?rest_route=\/wp\/v2\/users\/1"}],"replies":[{"embeddable":true,"href":"https:\/\/bearvvis.com\/index.php?rest_route=%2Fwp%2Fv2%2Fcomments&post=63"}],"version-history":[{"count":17,"href":"https:\/\/bearvvis.com\/index.php?rest_route=\/wp\/v2\/pages\/63\/revisions"}],"predecessor-version":[{"id":543,"href":"https:\/\/bearvvis.com\/index.php?rest_route=\/wp\/v2\/pages\/63\/revisions\/543"}],"up":[{"embeddable":true,"href":"https:\/\/bearvvis.com\/index.php?rest_route=\/wp\/v2\/pages\/552"}],"wp:attachment":[{"href":"https:\/\/bearvvis.com\/index.php?rest_route=%2Fwp%2Fv2%2Fmedia&parent=63"}],"curies":[{"name":"wp","href":"https:\/\/api.w.org\/{rel}","templated":true}]}}