{"id":66,"date":"2014-07-24T10:07:54","date_gmt":"2014-07-24T10:07:54","guid":{"rendered":"http:\/\/bearvvis.com\/?page_id=66"},"modified":"2025-04-12T16:51:06","modified_gmt":"2025-04-12T16:51:06","slug":"silak","status":"publish","type":"page","link":"https:\/\/bearvvis.com\/?page_id=66","title":{"rendered":"FI Mva\/ ch FI Vmva Silak &#8221;Silakka&#8221;"},"content":{"rendered":"<div id=\"attachment_224\" style=\"width: 310px\" class=\"wp-caption alignnone\"><a href=\"https:\/\/bearvvis.com\/wp-content\/uploads\/2014\/07\/Silakka.jpg\"><img loading=\"lazy\" decoding=\"async\" aria-describedby=\"caption-attachment-224\" class=\"wp-image-224 size-medium\" src=\"https:\/\/bearvvis.com\/wp-content\/uploads\/2014\/07\/Silakka-300x238.jpg\" alt=\"Silakka\" width=\"300\" height=\"238\" srcset=\"https:\/\/bearvvis.com\/wp-content\/uploads\/2014\/07\/Silakka-300x238.jpg 300w, https:\/\/bearvvis.com\/wp-content\/uploads\/2014\/07\/Silakka-1024x812.jpg 1024w, https:\/\/bearvvis.com\/wp-content\/uploads\/2014\/07\/Silakka-624x495.jpg 624w\" sizes=\"auto, (max-width: 300px) 100vw, 300px\" \/><\/a><p id=\"caption-attachment-224\" class=\"wp-caption-text\">Silakka toukokuu 2015<\/p><\/div>\n<p><a href=\"https:\/\/bearvvis.com\/wp-content\/uploads\/2014\/07\/silakkajaruska-022.jpg\"><img loading=\"lazy\" decoding=\"async\" class=\"alignnone size-medium wp-image-67\" src=\"https:\/\/bearvvis.com\/wp-content\/uploads\/2014\/07\/silakkajaruska-022-300x200.jpg\" alt=\"Silak\" width=\"300\" height=\"200\" srcset=\"https:\/\/bearvvis.com\/wp-content\/uploads\/2014\/07\/silakkajaruska-022-300x200.jpg 300w, https:\/\/bearvvis.com\/wp-content\/uploads\/2014\/07\/silakkajaruska-022-1024x682.jpg 1024w, https:\/\/bearvvis.com\/wp-content\/uploads\/2014\/07\/silakkajaruska-022-624x416.jpg 624w\" sizes=\"auto, (max-width: 300px) 100vw, 300px\" \/><\/a><\/p>\n<div id=\"attachment_442\" style=\"width: 310px\" class=\"wp-caption alignnone\"><a href=\"https:\/\/bearvvis.com\/wp-content\/uploads\/2014\/07\/IMG_9037.jpg\"><img loading=\"lazy\" decoding=\"async\" aria-describedby=\"caption-attachment-442\" class=\"wp-image-442 size-medium\" src=\"https:\/\/bearvvis.com\/wp-content\/uploads\/2014\/07\/IMG_9037-300x200.jpg\" width=\"300\" height=\"200\" srcset=\"https:\/\/bearvvis.com\/wp-content\/uploads\/2014\/07\/IMG_9037-300x200.jpg 300w, https:\/\/bearvvis.com\/wp-content\/uploads\/2014\/07\/IMG_9037-768x512.jpg 768w, https:\/\/bearvvis.com\/wp-content\/uploads\/2014\/07\/IMG_9037-1024x683.jpg 1024w\" sizes=\"auto, (max-width: 300px) 100vw, 300px\" \/><\/a><p id=\"caption-attachment-442\" class=\"wp-caption-text\">Silakka joulukuu 2016<\/p><\/div>\n<p>Syntyi\/born 19.11.2011- 20.2.2024<\/p>\n<p>Is\u00e4\/sire:Snocreek\u00b4s Chamber of Secrets<\/p>\n<div id=\"attachment_602\" style=\"width: 310px\" class=\"wp-caption alignnone\"><a href=\"https:\/\/bearvvis.com\/wp-content\/uploads\/2017\/11\/Snocreeks-Chamber-Of-Secrets.jpg\"><img loading=\"lazy\" decoding=\"async\" aria-describedby=\"caption-attachment-602\" class=\"wp-image-602 size-medium\" src=\"https:\/\/bearvvis.com\/wp-content\/uploads\/2017\/11\/Snocreeks-Chamber-Of-Secrets-300x240.jpg\" width=\"300\" height=\"240\" srcset=\"https:\/\/bearvvis.com\/wp-content\/uploads\/2017\/11\/Snocreeks-Chamber-Of-Secrets-300x240.jpg 300w, https:\/\/bearvvis.com\/wp-content\/uploads\/2017\/11\/Snocreeks-Chamber-Of-Secrets.jpg 600w\" sizes=\"auto, (max-width: 300px) 100vw, 300px\" \/><\/a><p id=\"caption-attachment-602\" class=\"wp-caption-text\">Snocreek\u00b4s Chamber of Secret<\/p><\/div>\n<p>Em\u00e4\/dam: Pameiyut Kiiki<\/p>\n<p>Lonkat\/Hd:A, Kyyn\u00e4r\u00e4t\/ED:0\/0 silm\u00e4t ok\/eyes clear<\/p>\n<p>PN: Normal<\/p>\n<p>LC: Normal (vanhempien kautta, clear by parentage)<\/p>\n<p><a href=\"http:\/\/jalostus.kennelliitto.fi\/frmKoira.aspx?RekNo=FI54363%2F13&amp;R=243\">Sukutaulu\/pedigree<\/a><\/p>\n<p>Silak tai tuttavallisemmin Silakka oli Hollannin tuontimme. Silakka hankittiin ajatuksena saada uutta verta omiin linjoihin. Harmillisesti Silakan j\u00e4lkel\u00e4isist\u00e4 ei narttulinja jatkunut , urosvoittoisten pentueiden my\u00f6t\u00e4. Hienoja pentuja se kuitenkin teki aikanaan.<\/p>\n<p>Silakka oli luonteeltaan hyvin innokas, ja oli nuorempana aina valmis lenkille kuin lenkille. Silakalla oli my\u00f6s hyvin vahva ja perinteinen malamuutin luonne, ja se piti urokset kurissa. Siilakka vietti leppoisia el\u00e4kep\u00e4ivi\u00e4 viimeiset pari vuotta. Silakka oli loppuun asti pirte\u00e4, mutta sen kohtaloksi takap\u00e4\u00e4n ongelmat pikku hiljaa lis\u00e4\u00e4ntyiv\u00e4t ja armollisinta oli p\u00e4\u00e4st\u00e4\u00e4 pois. Silakka eli kuitenkin muuten koko ik\u00e4ns\u00e4 terveen\u00e4.<\/p>\n<p>Silakalla oli kolme pentuetta 2014, 2015, 2017\u00a0 Bearvvis White Frostin&#8221; Frostin&#8221; kanssa. Kotiin n\u00e4ist\u00e4 pentueista on j\u00e4tetty &#8221;<a href=\"https:\/\/bearvvis.com\/?page_id=162\">M\u00f6k\u00f6<\/a>&#8221;\u00a0 ja pikkuveljens\u00e4 <a href=\"https:\/\/bearvvis.com\/?page_id=377\">&#8221;Sumo&#8221; <\/a><\/p>\n<p>Nelj\u00e4s ja viimeinen pentue (2018) on Bearvvis Best Friend Bear &#8221;Paavon&#8221; kanssa. T\u00e4m\u00e4 pentue oli my\u00f6s suurin Silakan pentue. T\u00e4st\u00e4 kotiin j\u00e4i &#8221;<a href=\"https:\/\/bearvvis.com\/?page_id=784\">Fani<\/a>&#8221;.<\/p>\n<div id=\"attachment_443\" style=\"width: 310px\" class=\"wp-caption alignnone\"><a href=\"https:\/\/bearvvis.com\/wp-content\/uploads\/2014\/07\/silakkka-jyv\u00e4skyl\u00e4.jpg\"><img loading=\"lazy\" decoding=\"async\" aria-describedby=\"caption-attachment-443\" class=\"wp-image-443 size-medium\" src=\"https:\/\/bearvvis.com\/wp-content\/uploads\/2014\/07\/silakkka-jyv\u00e4skyl\u00e4-300x169.jpg\" width=\"300\" height=\"169\" srcset=\"https:\/\/bearvvis.com\/wp-content\/uploads\/2014\/07\/silakkka-jyv\u00e4skyl\u00e4-300x169.jpg 300w, https:\/\/bearvvis.com\/wp-content\/uploads\/2014\/07\/silakkka-jyv\u00e4skyl\u00e4-768x432.jpg 768w, https:\/\/bearvvis.com\/wp-content\/uploads\/2014\/07\/silakkka-jyv\u00e4skyl\u00e4-1024x577.jpg 1024w\" sizes=\"auto, (max-width: 300px) 100vw, 300px\" \/><\/a><p id=\"caption-attachment-443\" class=\"wp-caption-text\">Silakka Jyv\u00e4skyl\u00e4 kv-n\u00e4yttely\/int. show<\/p><\/div>\n","protected":false},"excerpt":{"rendered":"<p>Syntyi\/born 19.11.2011- 20.2.2024 Is\u00e4\/sire:Snocreek\u00b4s Chamber of Secrets Em\u00e4\/dam: Pameiyut Kiiki Lonkat\/Hd:A, Kyyn\u00e4r\u00e4t\/ED:0\/0 silm\u00e4t ok\/eyes clear PN: Normal LC: Normal (vanhempien kautta, clear by parentage) Sukutaulu\/pedigree Silak tai tuttavallisemmin Silakka oli Hollannin tuontimme. Silakka hankittiin ajatuksena saada uutta verta omiin linjoihin. Harmillisesti Silakan j\u00e4lkel\u00e4isist\u00e4 ei narttulinja jatkunut , urosvoittoisten pentueiden my\u00f6t\u00e4. Hienoja pentuja se kuitenkin teki [&hellip;]<\/p>\n","protected":false},"author":1,"featured_media":0,"parent":552,"menu_order":1,"comment_status":"closed","ping_status":"open","template":"","meta":{"footnotes":""},"class_list":["post-66","page","type-page","status-publish","hentry"],"_links":{"self":[{"href":"https:\/\/bearvvis.com\/index.php?rest_route=\/wp\/v2\/pages\/66","targetHints":{"allow":["GET"]}}],"collection":[{"href":"https:\/\/bearvvis.com\/index.php?rest_route=\/wp\/v2\/pages"}],"about":[{"href":"https:\/\/bearvvis.com\/index.php?rest_route=\/wp\/v2\/types\/page"}],"author":[{"embeddable":true,"href":"https:\/\/bearvvis.com\/index.php?rest_route=\/wp\/v2\/users\/1"}],"replies":[{"embeddable":true,"href":"https:\/\/bearvvis.com\/index.php?rest_route=%2Fwp%2Fv2%2Fcomments&post=66"}],"version-history":[{"count":24,"href":"https:\/\/bearvvis.com\/index.php?rest_route=\/wp\/v2\/pages\/66\/revisions"}],"predecessor-version":[{"id":1998,"href":"https:\/\/bearvvis.com\/index.php?rest_route=\/wp\/v2\/pages\/66\/revisions\/1998"}],"up":[{"embeddable":true,"href":"https:\/\/bearvvis.com\/index.php?rest_route=\/wp\/v2\/pages\/552"}],"wp:attachment":[{"href":"https:\/\/bearvvis.com\/index.php?rest_route=%2Fwp%2Fv2%2Fmedia&parent=66"}],"curies":[{"name":"wp","href":"https:\/\/api.w.org\/{rel}","templated":true}]}}