{"id":670,"date":"2018-03-26T05:37:05","date_gmt":"2018-03-26T05:37:05","guid":{"rendered":"http:\/\/bearvvis.com\/?page_id=670"},"modified":"2025-04-12T16:48:10","modified_gmt":"2025-04-12T16:48:10","slug":"yhteystiedot-ja-ohjeet","status":"publish","type":"page","link":"https:\/\/bearvvis.com\/?page_id=670","title":{"rendered":"Yhteystiedot ja ohjeet"},"content":{"rendered":"<p>Bearvvis Kennel<\/p>\n<p>Kristiina Korppi<\/p>\n<p>+358405208878, bearvvis @ bearvvis.com<\/p>\n<p>P\u00e4lk\u00e4ne<\/p>\n<p><strong>Ohjeita pennun ostajille;<\/strong><\/p>\n<p><strong>Lue pentuja sivu! Sielt\u00e4 selvi\u00e4\u00e4 mit\u00e4 on l\u00e4hiaikoina odotettavissa. <\/strong><\/p>\n<p>Kerro itsest\u00e4si ja perheest\u00e4si heti alkuun mahdollisimman laajasti, mielell\u00e4\u00e4n soittamalla tai s\u00e4hk\u00f6postitse.\u00a0 T\u00e4ll\u00e4 hetkell\u00e4 olemme sen verran ty\u00f6llistettyj\u00e4 kotona, ett\u00e4 paremmin tai ainakin nopeammin tavoittaa soittamalla. S\u00e4hk\u00f6posteihin vastaaminen voi viiv\u00e4sty\u00e4 kiireiden vuoksi, kun iltamy\u00f6h\u00e4\u00e4n ei koneella istuta.<\/p>\n<p>Minua erityisesti kiinnostaa\u00a0 miss\u00e4 ja miten asut, ja onko perheess\u00e4 muita lemmikkej\u00e4. My\u00f6s se, mink\u00e4 vuoksi pentua olet hankkimassa, on hyv\u00e4 kertoa.<\/p>\n<p>Jotta pentua alustavasti varaan, on v\u00e4hint\u00e4\u00e4n soitettava, ja keskusteltava puhelimitse minun kanssani. Pelkk\u00e4 s\u00e4hk\u00f6postikeskustelu ei riit\u00e4. Mieluummin paikallak\u00e4ynti ennen varaamista, mutta ehdottomasti ennen lopullista myyntip\u00e4\u00e4t\u00f6st\u00e4.<\/p>\n<p>Yleisp\u00e4tev\u00e4sti sanottuna ole aktiivinen yhteydenpidossa, jotta oikea kiinnostus n\u00e4kyy my\u00f6s t\u00e4\u00e4ll\u00e4 p\u00e4\u00e4ss\u00e4.<\/p>\n","protected":false},"excerpt":{"rendered":"<p>Bearvvis Kennel Kristiina Korppi +358405208878, bearvvis @ bearvvis.com P\u00e4lk\u00e4ne Ohjeita pennun ostajille; Lue pentuja sivu! Sielt\u00e4 selvi\u00e4\u00e4 mit\u00e4 on l\u00e4hiaikoina odotettavissa. Kerro itsest\u00e4si ja perheest\u00e4si heti alkuun mahdollisimman laajasti, mielell\u00e4\u00e4n soittamalla tai s\u00e4hk\u00f6postitse.\u00a0 T\u00e4ll\u00e4 hetkell\u00e4 olemme sen verran ty\u00f6llistettyj\u00e4 kotona, ett\u00e4 paremmin tai ainakin nopeammin tavoittaa soittamalla. S\u00e4hk\u00f6posteihin vastaaminen voi viiv\u00e4sty\u00e4 kiireiden vuoksi, kun iltamy\u00f6h\u00e4\u00e4n [&hellip;]<\/p>\n","protected":false},"author":1,"featured_media":0,"parent":0,"menu_order":0,"comment_status":"closed","ping_status":"closed","template":"","meta":{"footnotes":""},"class_list":["post-670","page","type-page","status-publish","hentry"],"_links":{"self":[{"href":"https:\/\/bearvvis.com\/index.php?rest_route=\/wp\/v2\/pages\/670","targetHints":{"allow":["GET"]}}],"collection":[{"href":"https:\/\/bearvvis.com\/index.php?rest_route=\/wp\/v2\/pages"}],"about":[{"href":"https:\/\/bearvvis.com\/index.php?rest_route=\/wp\/v2\/types\/page"}],"author":[{"embeddable":true,"href":"https:\/\/bearvvis.com\/index.php?rest_route=\/wp\/v2\/users\/1"}],"replies":[{"embeddable":true,"href":"https:\/\/bearvvis.com\/index.php?rest_route=%2Fwp%2Fv2%2Fcomments&post=670"}],"version-history":[{"count":13,"href":"https:\/\/bearvvis.com\/index.php?rest_route=\/wp\/v2\/pages\/670\/revisions"}],"predecessor-version":[{"id":2260,"href":"https:\/\/bearvvis.com\/index.php?rest_route=\/wp\/v2\/pages\/670\/revisions\/2260"}],"wp:attachment":[{"href":"https:\/\/bearvvis.com\/index.php?rest_route=%2Fwp%2Fv2%2Fmedia&parent=670"}],"curies":[{"name":"wp","href":"https:\/\/api.w.org\/{rel}","templated":true}]}}