{"id":746,"date":"2018-06-30T06:07:27","date_gmt":"2018-06-30T06:07:27","guid":{"rendered":"http:\/\/bearvvis.com\/?page_id=746"},"modified":"2025-04-14T15:32:20","modified_gmt":"2025-04-14T15:32:20","slug":"sinilumon-artemiin-sulous","status":"publish","type":"page","link":"https:\/\/bearvvis.com\/?page_id=746","title":{"rendered":"EE Mva\/Ch,EE Jmva\/Jch Sinilumon Artemiin Sulous &#8221;May&#8221;"},"content":{"rendered":"<p><a href=\"https:\/\/bearvvis.com\/wp-content\/uploads\/2020\/07\/May.jpg\"><img loading=\"lazy\" decoding=\"async\" class=\"alignnone size-medium wp-image-1107\" src=\"https:\/\/bearvvis.com\/wp-content\/uploads\/2020\/07\/May-300x200.jpg\" alt=\"\" width=\"300\" height=\"200\" srcset=\"https:\/\/bearvvis.com\/wp-content\/uploads\/2020\/07\/May-300x200.jpg 300w, https:\/\/bearvvis.com\/wp-content\/uploads\/2020\/07\/May-768x512.jpg 768w, https:\/\/bearvvis.com\/wp-content\/uploads\/2020\/07\/May.jpg 960w\" sizes=\"auto, (max-width: 300px) 100vw, 300px\" \/><\/a> <a href=\"https:\/\/bearvvis.com\/wp-content\/uploads\/2020\/07\/may2.jpg\"><img loading=\"lazy\" decoding=\"async\" class=\"alignnone size-medium wp-image-1108\" src=\"https:\/\/bearvvis.com\/wp-content\/uploads\/2020\/07\/may2-300x200.jpg\" alt=\"\" width=\"300\" height=\"200\" srcset=\"https:\/\/bearvvis.com\/wp-content\/uploads\/2020\/07\/may2-300x200.jpg 300w, https:\/\/bearvvis.com\/wp-content\/uploads\/2020\/07\/may2-768x512.jpg 768w, https:\/\/bearvvis.com\/wp-content\/uploads\/2020\/07\/may2.jpg 960w\" sizes=\"auto, (max-width: 300px) 100vw, 300px\" \/><\/a> <a href=\"https:\/\/bearvvis.com\/wp-content\/uploads\/2020\/07\/may3.jpg\"><img loading=\"lazy\" decoding=\"async\" class=\"alignnone size-medium wp-image-1109\" src=\"https:\/\/bearvvis.com\/wp-content\/uploads\/2020\/07\/may3-200x300.jpg\" alt=\"\" width=\"200\" height=\"300\" srcset=\"https:\/\/bearvvis.com\/wp-content\/uploads\/2020\/07\/may3-200x300.jpg 200w, https:\/\/bearvvis.com\/wp-content\/uploads\/2020\/07\/may3.jpg 640w\" sizes=\"auto, (max-width: 200px) 100vw, 200px\" \/><\/a> <a href=\"https:\/\/bearvvis.com\/wp-content\/uploads\/2020\/07\/may4.jpg\"><img loading=\"lazy\" decoding=\"async\" class=\"alignnone size-medium wp-image-1110\" src=\"https:\/\/bearvvis.com\/wp-content\/uploads\/2020\/07\/may4-300x200.jpg\" alt=\"\" width=\"300\" height=\"200\" srcset=\"https:\/\/bearvvis.com\/wp-content\/uploads\/2020\/07\/may4-300x200.jpg 300w, https:\/\/bearvvis.com\/wp-content\/uploads\/2020\/07\/may4-768x512.jpg 768w, https:\/\/bearvvis.com\/wp-content\/uploads\/2020\/07\/may4.jpg 960w\" sizes=\"auto, (max-width: 300px) 100vw, 300px\" \/><\/a><\/p>\n<div id=\"attachment_828\" style=\"width: 310px\" class=\"wp-caption alignnone\"><a href=\"https:\/\/bearvvis.com\/wp-content\/uploads\/2018\/11\/IMG_4041.jpg\"><img loading=\"lazy\" decoding=\"async\" aria-describedby=\"caption-attachment-828\" class=\"wp-image-828 size-medium\" src=\"https:\/\/bearvvis.com\/wp-content\/uploads\/2018\/11\/IMG_4041-300x243.jpg\" alt=\"\" width=\"300\" height=\"243\" srcset=\"https:\/\/bearvvis.com\/wp-content\/uploads\/2018\/11\/IMG_4041-300x243.jpg 300w, https:\/\/bearvvis.com\/wp-content\/uploads\/2018\/11\/IMG_4041-768x623.jpg 768w, https:\/\/bearvvis.com\/wp-content\/uploads\/2018\/11\/IMG_4041-1024x830.jpg 1024w\" sizes=\"auto, (max-width: 300px) 100vw, 300px\" \/><\/a><p id=\"caption-attachment-828\" class=\"wp-caption-text\">May 8 kk<\/p><\/div>\n<div id=\"attachment_827\" style=\"width: 292px\" class=\"wp-caption alignnone\"><a href=\"https:\/\/bearvvis.com\/wp-content\/uploads\/2018\/11\/IMG_4036.jpg\"><img loading=\"lazy\" decoding=\"async\" aria-describedby=\"caption-attachment-827\" class=\"wp-image-827 size-medium\" src=\"https:\/\/bearvvis.com\/wp-content\/uploads\/2018\/11\/IMG_4036-282x300.jpg\" alt=\"\" width=\"282\" height=\"300\" srcset=\"https:\/\/bearvvis.com\/wp-content\/uploads\/2018\/11\/IMG_4036-282x300.jpg 282w, https:\/\/bearvvis.com\/wp-content\/uploads\/2018\/11\/IMG_4036-768x817.jpg 768w, https:\/\/bearvvis.com\/wp-content\/uploads\/2018\/11\/IMG_4036-962x1024.jpg 962w\" sizes=\"auto, (max-width: 282px) 100vw, 282px\" \/><\/a><p id=\"caption-attachment-827\" class=\"wp-caption-text\">May 8 kk<\/p><\/div>\n<p><a href=\"https:\/\/bearvvis.com\/wp-content\/uploads\/2018\/06\/35645083_10216827671268680_6879865600428998656_n.jpg\"><img loading=\"lazy\" decoding=\"async\" class=\"alignnone size-medium wp-image-747\" src=\"https:\/\/bearvvis.com\/wp-content\/uploads\/2018\/06\/35645083_10216827671268680_6879865600428998656_n-300x200.jpg\" alt=\"\" width=\"300\" height=\"200\" srcset=\"https:\/\/bearvvis.com\/wp-content\/uploads\/2018\/06\/35645083_10216827671268680_6879865600428998656_n-300x200.jpg 300w, https:\/\/bearvvis.com\/wp-content\/uploads\/2018\/06\/35645083_10216827671268680_6879865600428998656_n-768x512.jpg 768w, https:\/\/bearvvis.com\/wp-content\/uploads\/2018\/06\/35645083_10216827671268680_6879865600428998656_n-1024x683.jpg 1024w\" sizes=\"auto, (max-width: 300px) 100vw, 300px\" \/><\/a><\/p>\n<div id=\"attachment_768\" style=\"width: 310px\" class=\"wp-caption alignnone\"><a href=\"https:\/\/bearvvis.com\/wp-content\/uploads\/2018\/06\/IMG_1966.jpg\"><img loading=\"lazy\" decoding=\"async\" aria-describedby=\"caption-attachment-768\" class=\"wp-image-768 size-medium\" src=\"https:\/\/bearvvis.com\/wp-content\/uploads\/2018\/06\/IMG_1966-300x247.jpg\" width=\"300\" height=\"247\" srcset=\"https:\/\/bearvvis.com\/wp-content\/uploads\/2018\/06\/IMG_1966-300x247.jpg 300w, https:\/\/bearvvis.com\/wp-content\/uploads\/2018\/06\/IMG_1966-768x632.jpg 768w, https:\/\/bearvvis.com\/wp-content\/uploads\/2018\/06\/IMG_1966-1024x842.jpg 1024w\" sizes=\"auto, (max-width: 300px) 100vw, 300px\" \/><\/a><p id=\"caption-attachment-768\" class=\"wp-caption-text\">May Tampereen pentun\u00e4yttelyss\u00e4 RYP4 2.9.2018<\/p><\/div>\n<p>s.\/born 20.3.2018<\/p>\n<p>Is\u00e4: <a href=\"https:\/\/jalostus.kennelliitto.fi\/frmKoira.aspx?RekNo=PKR.V%2D18708\">LA-DAM LATEA FALKOR<\/a><\/p>\n<p>Em\u00e4: <a href=\"https:\/\/jalostus.kennelliitto.fi\/frmKoira.aspx?RekNo=FI45699%2F13\">SINILUMON ENSIRAKKAUS<\/a><\/p>\n<p>HD:B<\/p>\n<p>ED:0\/0<\/p>\n<p>Silm\u00e4t\/eyes: Ok 12\/21<\/p>\n<p><a href=\"https:\/\/jalostus.kennelliitto.fi\/frmKoira.aspx?RekNo=FI27330%2F18&amp;R=270\">Sukutaulu\/pedigree<\/a><\/p>\n<p>May on vauhdikas, iloinen husky, jolla on vetointoa ja n\u00e4yttelyiss\u00e4kin jo menestyst\u00e4. Virallisia k\u00e4ytt\u00f6kokeita suunnitellaan tulevaisuuteen, n\u00e4yttelyiden lis\u00e4ksi, nyt kun koossa on riitt\u00e4v\u00e4 m\u00e4\u00e4r\u00e4 koiria.<\/p>\n","protected":false},"excerpt":{"rendered":"<p>s.\/born 20.3.2018 Is\u00e4: LA-DAM LATEA FALKOR Em\u00e4: SINILUMON ENSIRAKKAUS HD:B ED:0\/0 Silm\u00e4t\/eyes: Ok 12\/21 Sukutaulu\/pedigree May on vauhdikas, iloinen husky, jolla on vetointoa ja n\u00e4yttelyiss\u00e4kin jo menestyst\u00e4. Virallisia k\u00e4ytt\u00f6kokeita suunnitellaan tulevaisuuteen, n\u00e4yttelyiden lis\u00e4ksi, nyt kun koossa on riitt\u00e4v\u00e4 m\u00e4\u00e4r\u00e4 koiria.<\/p>\n","protected":false},"author":1,"featured_media":0,"parent":1232,"menu_order":0,"comment_status":"closed","ping_status":"closed","template":"","meta":{"footnotes":""},"class_list":["post-746","page","type-page","status-publish","hentry"],"_links":{"self":[{"href":"https:\/\/bearvvis.com\/index.php?rest_route=\/wp\/v2\/pages\/746","targetHints":{"allow":["GET"]}}],"collection":[{"href":"https:\/\/bearvvis.com\/index.php?rest_route=\/wp\/v2\/pages"}],"about":[{"href":"https:\/\/bearvvis.com\/index.php?rest_route=\/wp\/v2\/types\/page"}],"author":[{"embeddable":true,"href":"https:\/\/bearvvis.com\/index.php?rest_route=\/wp\/v2\/users\/1"}],"replies":[{"embeddable":true,"href":"https:\/\/bearvvis.com\/index.php?rest_route=%2Fwp%2Fv2%2Fcomments&post=746"}],"version-history":[{"count":16,"href":"https:\/\/bearvvis.com\/index.php?rest_route=\/wp\/v2\/pages\/746\/revisions"}],"predecessor-version":[{"id":2267,"href":"https:\/\/bearvvis.com\/index.php?rest_route=\/wp\/v2\/pages\/746\/revisions\/2267"}],"up":[{"embeddable":true,"href":"https:\/\/bearvvis.com\/index.php?rest_route=\/wp\/v2\/pages\/1232"}],"wp:attachment":[{"href":"https:\/\/bearvvis.com\/index.php?rest_route=%2Fwp%2Fv2%2Fmedia&parent=746"}],"curies":[{"name":"wp","href":"https:\/\/api.w.org\/{rel}","templated":true}]}}