{"id":784,"date":"2018-10-04T08:33:09","date_gmt":"2018-10-04T08:33:09","guid":{"rendered":"http:\/\/bearvvis.com\/?page_id=784"},"modified":"2025-06-18T04:49:46","modified_gmt":"2025-06-18T04:49:46","slug":"bearvvis-final-fantasy","status":"publish","type":"page","link":"https:\/\/bearvvis.com\/?page_id=784","title":{"rendered":"C.I.B,FI &#038; EE, LT Mva\/ch, LT&#038; EE Jmva\/Jun Ch Bearvvis Final Fantasy &#8221;Fani&#8221;"},"content":{"rendered":"<div id=\"attachment_824\" style=\"width: 310px\" class=\"wp-caption alignnone\"><a href=\"https:\/\/bearvvis.com\/wp-content\/uploads\/2018\/11\/IMG_4063.jpg\"><img loading=\"lazy\" decoding=\"async\" aria-describedby=\"caption-attachment-824\" class=\"wp-image-824 size-medium\" src=\"https:\/\/bearvvis.com\/wp-content\/uploads\/2018\/11\/IMG_4063-300x289.jpg\" alt=\"\" width=\"300\" height=\"289\" srcset=\"https:\/\/bearvvis.com\/wp-content\/uploads\/2018\/11\/IMG_4063-300x289.jpg 300w, https:\/\/bearvvis.com\/wp-content\/uploads\/2018\/11\/IMG_4063-768x739.jpg 768w, https:\/\/bearvvis.com\/wp-content\/uploads\/2018\/11\/IMG_4063-1024x985.jpg 1024w\" sizes=\"auto, (max-width: 300px) 100vw, 300px\" \/><\/a><p id=\"caption-attachment-824\" class=\"wp-caption-text\">Fani 6 kk<\/p><\/div>\n<div id=\"attachment_839\" style=\"width: 297px\" class=\"wp-caption alignnone\"><a href=\"https:\/\/bearvvis.com\/wp-content\/uploads\/2018\/11\/IMG_4128-2.jpg\"><img loading=\"lazy\" decoding=\"async\" aria-describedby=\"caption-attachment-839\" class=\"wp-image-839 size-medium\" src=\"https:\/\/bearvvis.com\/wp-content\/uploads\/2018\/11\/IMG_4128-2-287x300.jpg\" alt=\"\" width=\"287\" height=\"300\" srcset=\"https:\/\/bearvvis.com\/wp-content\/uploads\/2018\/11\/IMG_4128-2-287x300.jpg 287w, https:\/\/bearvvis.com\/wp-content\/uploads\/2018\/11\/IMG_4128-2-768x802.jpg 768w, https:\/\/bearvvis.com\/wp-content\/uploads\/2018\/11\/IMG_4128-2-981x1024.jpg 981w, https:\/\/bearvvis.com\/wp-content\/uploads\/2018\/11\/IMG_4128-2.jpg 2008w\" sizes=\"auto, (max-width: 287px) 100vw, 287px\" \/><\/a><p id=\"caption-attachment-839\" class=\"wp-caption-text\">Fani Rop pentu @ pentun\u00e4yttely Lemp\u00e4\u00e4l\u00e4. Bob puppy @ puppy show<\/p><\/div>\n<div id=\"attachment_785\" style=\"width: 310px\" class=\"wp-caption alignnone\"><a href=\"https:\/\/bearvvis.com\/wp-content\/uploads\/2018\/10\/fani-retki.jpg\"><img loading=\"lazy\" decoding=\"async\" aria-describedby=\"caption-attachment-785\" class=\"wp-image-785 size-medium\" src=\"https:\/\/bearvvis.com\/wp-content\/uploads\/2018\/10\/fani-retki-300x200.jpg\" width=\"300\" height=\"200\" srcset=\"https:\/\/bearvvis.com\/wp-content\/uploads\/2018\/10\/fani-retki-300x200.jpg 300w, https:\/\/bearvvis.com\/wp-content\/uploads\/2018\/10\/fani-retki-768x512.jpg 768w, https:\/\/bearvvis.com\/wp-content\/uploads\/2018\/10\/fani-retki-1024x683.jpg 1024w\" sizes=\"auto, (max-width: 300px) 100vw, 300px\" \/><\/a><p id=\"caption-attachment-785\" class=\"wp-caption-text\">&#8221;Fani&#8221; 4 kk i\u00e4ss\u00e4<\/p><\/div>\n<p><a href=\"https:\/\/bearvvis.com\/wp-content\/uploads\/2018\/10\/Fanii.jpg\"><img loading=\"lazy\" decoding=\"async\" class=\"alignnone size-medium wp-image-786\" src=\"https:\/\/bearvvis.com\/wp-content\/uploads\/2018\/10\/Fanii-300x258.jpg\" alt=\"\" width=\"300\" height=\"258\" srcset=\"https:\/\/bearvvis.com\/wp-content\/uploads\/2018\/10\/Fanii-300x258.jpg 300w, https:\/\/bearvvis.com\/wp-content\/uploads\/2018\/10\/Fanii-768x660.jpg 768w, https:\/\/bearvvis.com\/wp-content\/uploads\/2018\/10\/Fanii-1024x879.jpg 1024w\" sizes=\"auto, (max-width: 300px) 100vw, 300px\" \/><\/a><\/p>\n<p>Is\u00e4\/Sire: Bearvvis Best Friend Bear<\/p>\n<p>Em\u00e4\/dam: Silak<\/p>\n<p>Synt.\/born: 11.5.2018<\/p>\n<p>Silm\u00e4t\/eyes: Ok (8\/2020), kortikaalinen katarakta 9\/2022<\/p>\n<p>HD:A<\/p>\n<p>ED:0\/0<\/p>\n<p>LC(pitk\u00e4karva): Kantaja\/carrier<\/p>\n<p>PN: N\/N normaali<\/p>\n<p><a href=\"https:\/\/jalostus.kennelliitto.fi\/frmKoira.aspx?RekNo=FI32226%2F18&amp;R=243\">Sukutaulu\/pedigree<\/a><\/p>\n<p>Fani oli Silakan viimeisest\u00e4 pentueesta kotiin j\u00e4tetty, Silakan toivottu jatkaja. Fani on p\u00e4rj\u00e4nnyt hyvin n\u00e4yttelyiss\u00e4, ja valioitui koronasta huolimatta kes\u00e4ll\u00e4 2-vuotiaana. Fanille syntyi pieni, kahden uroksen pentue elokuussa -21. T\u00e4st\u00e4 kotiin j\u00e4i poika M\u00f6hk\u00f6. Fanille oli suunnitteilla toinen pentue, mutta niist\u00e4 suunnitelmista oli luovuttava, kun toiseen silm\u00e4\u00e4n oli ilmestynyt kortikaalinen katarakta 2022 uusinta silm\u00e4tarkastuksessa. Asia harmittaa kovin, kun muuten hieno koira j\u00e4\u00e4 nyt jalostuksen ulkopuolelle. Muuta toimintaa ei onneksi haittaa.<\/p>\n<p>Fani saavutti kansainv\u00e4lisen muotovalion arvon Kaunasin n\u00e4yttelyss\u00e4, joten se tavoite\u00a0 saatiin heti alkuun. Seuraavaksi odotellaan veteraanikehi\u00e4 ensi vuonna (-26)<\/p>\n","protected":false},"excerpt":{"rendered":"<p>Is\u00e4\/Sire: Bearvvis Best Friend Bear Em\u00e4\/dam: Silak Synt.\/born: 11.5.2018 Silm\u00e4t\/eyes: Ok (8\/2020), kortikaalinen katarakta 9\/2022 HD:A ED:0\/0 LC(pitk\u00e4karva): Kantaja\/carrier PN: N\/N normaali Sukutaulu\/pedigree Fani oli Silakan viimeisest\u00e4 pentueesta kotiin j\u00e4tetty, Silakan toivottu jatkaja. Fani on p\u00e4rj\u00e4nnyt hyvin n\u00e4yttelyiss\u00e4, ja valioitui koronasta huolimatta kes\u00e4ll\u00e4 2-vuotiaana. Fanille syntyi pieni, kahden uroksen pentue elokuussa -21. T\u00e4st\u00e4 kotiin j\u00e4i [&hellip;]<\/p>\n","protected":false},"author":1,"featured_media":0,"parent":18,"menu_order":4,"comment_status":"closed","ping_status":"closed","template":"","meta":{"footnotes":""},"class_list":["post-784","page","type-page","status-publish","hentry"],"_links":{"self":[{"href":"https:\/\/bearvvis.com\/index.php?rest_route=\/wp\/v2\/pages\/784","targetHints":{"allow":["GET"]}}],"collection":[{"href":"https:\/\/bearvvis.com\/index.php?rest_route=\/wp\/v2\/pages"}],"about":[{"href":"https:\/\/bearvvis.com\/index.php?rest_route=\/wp\/v2\/types\/page"}],"author":[{"embeddable":true,"href":"https:\/\/bearvvis.com\/index.php?rest_route=\/wp\/v2\/users\/1"}],"replies":[{"embeddable":true,"href":"https:\/\/bearvvis.com\/index.php?rest_route=%2Fwp%2Fv2%2Fcomments&post=784"}],"version-history":[{"count":25,"href":"https:\/\/bearvvis.com\/index.php?rest_route=\/wp\/v2\/pages\/784\/revisions"}],"predecessor-version":[{"id":2328,"href":"https:\/\/bearvvis.com\/index.php?rest_route=\/wp\/v2\/pages\/784\/revisions\/2328"}],"up":[{"embeddable":true,"href":"https:\/\/bearvvis.com\/index.php?rest_route=\/wp\/v2\/pages\/18"}],"wp:attachment":[{"href":"https:\/\/bearvvis.com\/index.php?rest_route=%2Fwp%2Fv2%2Fmedia&parent=784"}],"curies":[{"name":"wp","href":"https:\/\/api.w.org\/{rel}","templated":true}]}}