{"id":86,"date":"2014-07-24T17:09:23","date_gmt":"2014-07-24T17:09:23","guid":{"rendered":"http:\/\/bearvvis.com\/?page_id=86"},"modified":"2025-04-12T16:51:06","modified_gmt":"2025-04-12T16:51:06","slug":"fi-mvach-bearvvis-white-frost","status":"publish","type":"page","link":"https:\/\/bearvvis.com\/?page_id=86","title":{"rendered":"In memoriam FI Mva\/Ch Bearvvis White Frost &#8221;Frosti&#8221;"},"content":{"rendered":"<div id=\"attachment_80\" style=\"width: 310px\" class=\"wp-caption alignnone\"><a href=\"https:\/\/bearvvis.com\/wp-content\/uploads\/2014\/07\/frosti-jakami-etu.jpg\"><img loading=\"lazy\" decoding=\"async\" aria-describedby=\"caption-attachment-80\" class=\"wp-image-80 size-medium\" src=\"https:\/\/bearvvis.com\/wp-content\/uploads\/2014\/07\/frosti-jakami-etu-300x280.jpg\" alt=\"frosti jakami etu\" width=\"300\" height=\"280\" srcset=\"https:\/\/bearvvis.com\/wp-content\/uploads\/2014\/07\/frosti-jakami-etu-300x280.jpg 300w, https:\/\/bearvvis.com\/wp-content\/uploads\/2014\/07\/frosti-jakami-etu-1024x958.jpg 1024w, https:\/\/bearvvis.com\/wp-content\/uploads\/2014\/07\/frosti-jakami-etu-624x584.jpg 624w, https:\/\/bearvvis.com\/wp-content\/uploads\/2014\/07\/frosti-jakami-etu.jpg 1847w\" sizes=\"auto, (max-width: 300px) 100vw, 300px\" \/><\/a><p id=\"caption-attachment-80\" class=\"wp-caption-text\">Frosti vasemmalla\/on the left<\/p><\/div>\n<p>10.12.2008-24.11.2020<\/p>\n<p>Is\u00e4\/sire: Fi Mva Bearvvis Kunikpok REK2<\/p>\n<div id=\"attachment_122\" style=\"width: 310px\" class=\"wp-caption alignnone\"><a href=\"https:\/\/bearvvis.com\/wp-content\/uploads\/2014\/07\/kunik-helsinki.jpg\"><img loading=\"lazy\" decoding=\"async\" aria-describedby=\"caption-attachment-122\" class=\"wp-image-122 size-medium\" src=\"https:\/\/bearvvis.com\/wp-content\/uploads\/2014\/07\/kunik-helsinki-300x277.jpg\" width=\"300\" height=\"277\" srcset=\"https:\/\/bearvvis.com\/wp-content\/uploads\/2014\/07\/kunik-helsinki-300x277.jpg 300w, https:\/\/bearvvis.com\/wp-content\/uploads\/2014\/07\/kunik-helsinki-624x576.jpg 624w, https:\/\/bearvvis.com\/wp-content\/uploads\/2014\/07\/kunik-helsinki.jpg 756w\" sizes=\"auto, (max-width: 300px) 100vw, 300px\" \/><\/a><p id=\"caption-attachment-122\" class=\"wp-caption-text\">Fi Mva\/ch Bearvvis Kunikpok<\/p><\/div>\n<p>Em\u00e4\/dam: FI&amp; EE Mva Sno Camps Adhara REK3<\/p>\n<div id=\"attachment_7\" style=\"width: 248px\" class=\"wp-caption alignnone\"><a href=\"https:\/\/bearvvis.com\/wp-content\/uploads\/2014\/07\/adisviro.jpg\"><img loading=\"lazy\" decoding=\"async\" aria-describedby=\"caption-attachment-7\" class=\"wp-image-7 size-medium\" src=\"https:\/\/bearvvis.com\/wp-content\/uploads\/2014\/07\/adisviro-238x300.jpg\" width=\"238\" height=\"300\" srcset=\"https:\/\/bearvvis.com\/wp-content\/uploads\/2014\/07\/adisviro-238x300.jpg 238w, https:\/\/bearvvis.com\/wp-content\/uploads\/2014\/07\/adisviro.jpg 762w\" sizes=\"auto, (max-width: 238px) 100vw, 238px\" \/><\/a><p id=\"caption-attachment-7\" class=\"wp-caption-text\">Fi &amp; Ee mva\/Ch Sno Camps Adhara<\/p><\/div>\n<p>Lonkat\/HD:B, Kyyn\u00e4r\u00e4t\/ED:0\/0, silm\u00e4t\/eyes terveet\/clear (4\/2015)<\/p>\n<p>PN: Normal (vanhempien kautta, clear by parentage)<\/p>\n<p>LC: Kantaja, Long coat carrier<\/p>\n<p><a href=\"http:\/\/jalostus.kennelliitto.fi\/frmKoira.aspx?RekNo=FIN62810%2F08&amp;R=243\">Sukutaulu\/pedigree<\/a><\/p>\n<p>Frosti oli meid\u00e4n Kunikin ja Adharan poika, joka j\u00e4i siskonsa Freijan kanssa kotiin valjakon vahvistukseksi aikoinaan. Frosti oli luonteeltaan hyvin innokas ja aina valmis toimintaan. Frosti olikin pitk\u00e4\u00e4n &#8221;vauhtivaljakon&#8221; johtaja, yhdess\u00e4 el\u00e4kel\u00e4is Kamin kanssa.&nbsp;&nbsp;Frostilla ei itsell\u00e4\u00e4n ole k\u00e4ytt\u00f6tuloksia virallisella tasolla, mutta ep\u00e4virallisesti se on osallistui kisoihin. Frosti osallistui n\u00e4yttelyiss\u00e4 veteraaniluokassa hienosti koko vuoden 2019 ja viimeinen n\u00e4yttely oli syyskuussa erikoisn\u00e4yttelyss\u00e4 2020.<\/p>\n<p>Frostille kehittyi vanhemmiten selk\u00e4\u00e4n luupiikit, mitk\u00e4 vei Frostin ikiuneen. Frosti oli aina iloinen ja innokas. Onneksi meill\u00e4 on monta sen j\u00e4lkel\u00e4ist\u00e4, joissa suku jatkuu.<\/p>\n<p>Frostilta j\u00e4i kuusi pentuetta, joista nelj\u00e4 omassa kenneliss\u00e4mme. Frostin poikia meill\u00e4 asuu M\u00f6k\u00f6 ja Sumo sek\u00e4 tytt\u00e4ret Nuunuu ja Supi.<\/p>\n<div id=\"attachment_154\" style=\"width: 310px\" class=\"wp-caption alignnone\"><a href=\"https:\/\/bearvvis.com\/wp-content\/uploads\/2014\/07\/frosti-poika.jpg\"><img loading=\"lazy\" decoding=\"async\" aria-describedby=\"caption-attachment-154\" class=\"wp-image-154 size-medium\" src=\"https:\/\/bearvvis.com\/wp-content\/uploads\/2014\/07\/frosti-poika-300x225.jpg\" alt=\"frosti poika\" width=\"300\" height=\"225\" srcset=\"https:\/\/bearvvis.com\/wp-content\/uploads\/2014\/07\/frosti-poika-300x225.jpg 300w, https:\/\/bearvvis.com\/wp-content\/uploads\/2014\/07\/frosti-poika-624x468.jpg 624w, https:\/\/bearvvis.com\/wp-content\/uploads\/2014\/07\/frosti-poika.jpg 900w\" sizes=\"auto, (max-width: 300px) 100vw, 300px\" \/><\/a><p id=\"caption-attachment-154\" class=\"wp-caption-text\">Frosti pentuna<\/p><\/div>\n<div id=\"attachment_59\" style=\"width: 310px\" class=\"wp-caption alignnone\"><a href=\"https:\/\/bearvvis.com\/wp-content\/uploads\/2014\/07\/frosti-kisoissa.jpg\"><img loading=\"lazy\" decoding=\"async\" aria-describedby=\"caption-attachment-59\" class=\"wp-image-59 size-medium\" src=\"https:\/\/bearvvis.com\/wp-content\/uploads\/2014\/07\/frosti-kisoissa-300x200.jpg\" alt=\"frosti kisoissa\" width=\"300\" height=\"200\" srcset=\"https:\/\/bearvvis.com\/wp-content\/uploads\/2014\/07\/frosti-kisoissa-300x200.jpg 300w, https:\/\/bearvvis.com\/wp-content\/uploads\/2014\/07\/frosti-kisoissa-624x416.jpg 624w, https:\/\/bearvvis.com\/wp-content\/uploads\/2014\/07\/frosti-kisoissa.jpg 720w\" sizes=\"auto, (max-width: 300px) 100vw, 300px\" \/><\/a><p id=\"caption-attachment-59\" class=\"wp-caption-text\">Kami ja Frosti kisoissa<\/p><\/div>\n<p>&nbsp;<\/p>\n","protected":false},"excerpt":{"rendered":"<p>10.12.2008-24.11.2020 Is\u00e4\/sire: Fi Mva Bearvvis Kunikpok REK2 Em\u00e4\/dam: FI&amp; EE Mva Sno Camps Adhara REK3 Lonkat\/HD:B, Kyyn\u00e4r\u00e4t\/ED:0\/0, silm\u00e4t\/eyes terveet\/clear (4\/2015) PN: Normal (vanhempien kautta, clear by parentage) LC: Kantaja, Long coat carrier Sukutaulu\/pedigree Frosti oli meid\u00e4n Kunikin ja Adharan poika, joka j\u00e4i siskonsa Freijan kanssa kotiin valjakon vahvistukseksi aikoinaan. Frosti oli luonteeltaan hyvin innokas ja [&hellip;]<\/p>\n","protected":false},"author":1,"featured_media":0,"parent":552,"menu_order":7,"comment_status":"closed","ping_status":"open","template":"","meta":{"footnotes":""},"class_list":["post-86","page","type-page","status-publish","hentry"],"_links":{"self":[{"href":"https:\/\/bearvvis.com\/index.php?rest_route=\/wp\/v2\/pages\/86","targetHints":{"allow":["GET"]}}],"collection":[{"href":"https:\/\/bearvvis.com\/index.php?rest_route=\/wp\/v2\/pages"}],"about":[{"href":"https:\/\/bearvvis.com\/index.php?rest_route=\/wp\/v2\/types\/page"}],"author":[{"embeddable":true,"href":"https:\/\/bearvvis.com\/index.php?rest_route=\/wp\/v2\/users\/1"}],"replies":[{"embeddable":true,"href":"https:\/\/bearvvis.com\/index.php?rest_route=%2Fwp%2Fv2%2Fcomments&post=86"}],"version-history":[{"count":15,"href":"https:\/\/bearvvis.com\/index.php?rest_route=\/wp\/v2\/pages\/86\/revisions"}],"predecessor-version":[{"id":1451,"href":"https:\/\/bearvvis.com\/index.php?rest_route=\/wp\/v2\/pages\/86\/revisions\/1451"}],"up":[{"embeddable":true,"href":"https:\/\/bearvvis.com\/index.php?rest_route=\/wp\/v2\/pages\/552"}],"wp:attachment":[{"href":"https:\/\/bearvvis.com\/index.php?rest_route=%2Fwp%2Fv2%2Fmedia&parent=86"}],"curies":[{"name":"wp","href":"https:\/\/api.w.org\/{rel}","templated":true}]}}