{"id":88,"date":"2014-07-24T17:09:48","date_gmt":"2014-07-24T17:09:48","guid":{"rendered":"http:\/\/bearvvis.com\/?page_id=88"},"modified":"2025-06-18T04:30:43","modified_gmt":"2025-06-18T04:30:43","slug":"bearvvis-taigaa-taklug","status":"publish","type":"page","link":"https:\/\/bearvvis.com\/?page_id=88","title":{"rendered":"FI &#038; EE Mva\/Ch &#038; FI Vmva Bearvvis Taigaa Taklug &#8221;Tatqiq&#8221;"},"content":{"rendered":"<div id=\"attachment_108\" style=\"width: 210px\" class=\"wp-caption alignnone\"><a href=\"https:\/\/bearvvis.com\/wp-content\/uploads\/2014\/07\/pennut-6-viikkoa-ja-nadin-pennut-2pv\u00e4-219.jpg\"><img loading=\"lazy\" decoding=\"async\" aria-describedby=\"caption-attachment-108\" class=\"wp-image-108 size-medium\" src=\"https:\/\/bearvvis.com\/wp-content\/uploads\/2014\/07\/pennut-6-viikkoa-ja-nadin-pennut-2pv\u00e4-219-200x300.jpg\" alt=\"pennut 6 viikkoa ja nadin pennut 2pv\u00e4 219\" width=\"200\" height=\"300\" srcset=\"https:\/\/bearvvis.com\/wp-content\/uploads\/2014\/07\/pennut-6-viikkoa-ja-nadin-pennut-2pv\u00e4-219-200x300.jpg 200w, https:\/\/bearvvis.com\/wp-content\/uploads\/2014\/07\/pennut-6-viikkoa-ja-nadin-pennut-2pv\u00e4-219-682x1024.jpg 682w, https:\/\/bearvvis.com\/wp-content\/uploads\/2014\/07\/pennut-6-viikkoa-ja-nadin-pennut-2pv\u00e4-219-624x936.jpg 624w\" sizes=\"auto, (max-width: 200px) 100vw, 200px\" \/><\/a><p id=\"caption-attachment-108\" class=\"wp-caption-text\">Tatqiq 6 viikkoa vanhana\/ 6 weeks old<\/p><\/div>\n<div id=\"attachment_1623\" style=\"width: 164px\" class=\"wp-caption alignnone\"><a href=\"https:\/\/bearvvis.com\/wp-content\/uploads\/2022\/09\/tatkit.jpg\"><img loading=\"lazy\" decoding=\"async\" aria-describedby=\"caption-attachment-1623\" class=\"wp-image-1623 size-medium\" src=\"https:\/\/bearvvis.com\/wp-content\/uploads\/2022\/09\/tatkit-154x300.jpg\" alt=\"\" width=\"154\" height=\"300\" srcset=\"https:\/\/bearvvis.com\/wp-content\/uploads\/2022\/09\/tatkit-154x300.jpg 154w, https:\/\/bearvvis.com\/wp-content\/uploads\/2022\/09\/tatkit-524x1024.jpg 524w, https:\/\/bearvvis.com\/wp-content\/uploads\/2022\/09\/tatkit-768x1500.jpg 768w, https:\/\/bearvvis.com\/wp-content\/uploads\/2022\/09\/tatkit-787x1536.jpg 787w, https:\/\/bearvvis.com\/wp-content\/uploads\/2022\/09\/tatkit-1049x2048.jpg 1049w, https:\/\/bearvvis.com\/wp-content\/uploads\/2022\/09\/tatkit.jpg 1138w\" sizes=\"auto, (max-width: 154px) 100vw, 154px\" \/><\/a><p id=\"caption-attachment-1623\" class=\"wp-caption-text\">Tatqiq 9 v.<\/p><\/div>\n<div id=\"attachment_548\" style=\"width: 210px\" class=\"wp-caption alignnone\"><a href=\"https:\/\/bearvvis.com\/wp-content\/uploads\/2014\/07\/tatqiqpieni2.jpg\"><img loading=\"lazy\" decoding=\"async\" aria-describedby=\"caption-attachment-548\" class=\"wp-image-548 size-medium\" src=\"https:\/\/bearvvis.com\/wp-content\/uploads\/2014\/07\/tatqiqpieni2-200x300.jpg\" width=\"200\" height=\"300\" srcset=\"https:\/\/bearvvis.com\/wp-content\/uploads\/2014\/07\/tatqiqpieni2-200x300.jpg 200w, https:\/\/bearvvis.com\/wp-content\/uploads\/2014\/07\/tatqiqpieni2-768x1152.jpg 768w, https:\/\/bearvvis.com\/wp-content\/uploads\/2014\/07\/tatqiqpieni2-683x1024.jpg 683w\" sizes=\"auto, (max-width: 200px) 100vw, 200px\" \/><\/a><p id=\"caption-attachment-548\" class=\"wp-caption-text\">Tatqiq kes\u00e4 2017<\/p><\/div>\n<div id=\"attachment_221\" style=\"width: 177px\" class=\"wp-caption alignnone\"><a href=\"https:\/\/bearvvis.com\/wp-content\/uploads\/2014\/07\/tatqiq.jpg\"><img loading=\"lazy\" decoding=\"async\" aria-describedby=\"caption-attachment-221\" class=\"wp-image-221 size-medium\" src=\"https:\/\/bearvvis.com\/wp-content\/uploads\/2014\/07\/tatqiq-167x300.jpg\" alt=\"tatqiq\" width=\"167\" height=\"300\" srcset=\"https:\/\/bearvvis.com\/wp-content\/uploads\/2014\/07\/tatqiq-167x300.jpg 167w, https:\/\/bearvvis.com\/wp-content\/uploads\/2014\/07\/tatqiq-570x1024.jpg 570w, https:\/\/bearvvis.com\/wp-content\/uploads\/2014\/07\/tatqiq-624x1121.jpg 624w\" sizes=\"auto, (max-width: 167px) 100vw, 167px\" \/><\/a><p id=\"caption-attachment-221\" class=\"wp-caption-text\">Tatqiq toukokuu 2015<\/p><\/div>\n<div id=\"attachment_549\" style=\"width: 210px\" class=\"wp-caption alignnone\"><a href=\"https:\/\/bearvvis.com\/wp-content\/uploads\/2014\/07\/tatqiq-2.jpg\"><img loading=\"lazy\" decoding=\"async\" aria-describedby=\"caption-attachment-549\" class=\"wp-image-549 size-medium\" src=\"https:\/\/bearvvis.com\/wp-content\/uploads\/2014\/07\/tatqiq-2-200x300.jpg\" alt=\"\" width=\"200\" height=\"300\" srcset=\"https:\/\/bearvvis.com\/wp-content\/uploads\/2014\/07\/tatqiq-2-200x300.jpg 200w, https:\/\/bearvvis.com\/wp-content\/uploads\/2014\/07\/tatqiq-2-768x1152.jpg 768w, https:\/\/bearvvis.com\/wp-content\/uploads\/2014\/07\/tatqiq-2-683x1024.jpg 683w\" sizes=\"auto, (max-width: 200px) 100vw, 200px\" \/><\/a><p id=\"caption-attachment-549\" class=\"wp-caption-text\">Tatqiq kes\u00e4 2017<\/p><\/div>\n<div id=\"attachment_640\" style=\"width: 310px\" class=\"wp-caption alignnone\"><a href=\"https:\/\/bearvvis.com\/wp-content\/uploads\/2014\/07\/Tatqiq-J\u00e4mi-pieni.jpg\"><img loading=\"lazy\" decoding=\"async\" aria-describedby=\"caption-attachment-640\" class=\"wp-image-640 size-medium\" src=\"https:\/\/bearvvis.com\/wp-content\/uploads\/2014\/07\/Tatqiq-J\u00e4mi-pieni-300x273.jpg\" width=\"300\" height=\"273\" srcset=\"https:\/\/bearvvis.com\/wp-content\/uploads\/2014\/07\/Tatqiq-J\u00e4mi-pieni-300x273.jpg 300w, https:\/\/bearvvis.com\/wp-content\/uploads\/2014\/07\/Tatqiq-J\u00e4mi-pieni-768x698.jpg 768w, https:\/\/bearvvis.com\/wp-content\/uploads\/2014\/07\/Tatqiq-J\u00e4mi-pieni-1024x931.jpg 1024w, https:\/\/bearvvis.com\/wp-content\/uploads\/2014\/07\/Tatqiq-J\u00e4mi-pieni.jpg 1937w\" sizes=\"auto, (max-width: 300px) 100vw, 300px\" \/><\/a><p id=\"caption-attachment-640\" class=\"wp-caption-text\">Tatqiq 2017<\/p><\/div>\n<p>Syntynyt\/born 10.9.2013<\/p>\n<p>Is\u00e4\/sire: Eyh Mr Bear Of Greystone Shadow<\/p>\n<div id=\"attachment_615\" style=\"width: 310px\" class=\"wp-caption alignnone\"><a href=\"https:\/\/bearvvis.com\/wp-content\/uploads\/2017\/11\/Eyh-Mr-Bear-Of-Greystone-Shadow.jpg\"><img loading=\"lazy\" decoding=\"async\" aria-describedby=\"caption-attachment-615\" class=\"wp-image-615 size-medium\" src=\"https:\/\/bearvvis.com\/wp-content\/uploads\/2017\/11\/Eyh-Mr-Bear-Of-Greystone-Shadow-300x217.jpg\" width=\"300\" height=\"217\" srcset=\"https:\/\/bearvvis.com\/wp-content\/uploads\/2017\/11\/Eyh-Mr-Bear-Of-Greystone-Shadow-300x217.jpg 300w, https:\/\/bearvvis.com\/wp-content\/uploads\/2017\/11\/Eyh-Mr-Bear-Of-Greystone-Shadow.jpg 599w\" sizes=\"auto, (max-width: 300px) 100vw, 300px\" \/><\/a><p id=\"caption-attachment-615\" class=\"wp-caption-text\">Eyh Mr Bear Of Greystone Shadow<\/p><\/div>\n<p>Em\u00e4\/dam: FI&amp;EE Mva\/Ch Sno Camps Adhara<\/p>\n<div id=\"attachment_7\" style=\"width: 248px\" class=\"wp-caption alignnone\"><a href=\"https:\/\/bearvvis.com\/wp-content\/uploads\/2014\/07\/adisviro.jpg\"><img loading=\"lazy\" decoding=\"async\" aria-describedby=\"caption-attachment-7\" class=\"wp-image-7 size-medium\" src=\"https:\/\/bearvvis.com\/wp-content\/uploads\/2014\/07\/adisviro-238x300.jpg\" width=\"238\" height=\"300\" srcset=\"https:\/\/bearvvis.com\/wp-content\/uploads\/2014\/07\/adisviro-238x300.jpg 238w, https:\/\/bearvvis.com\/wp-content\/uploads\/2014\/07\/adisviro.jpg 762w\" sizes=\"auto, (max-width: 238px) 100vw, 238px\" \/><\/a><p id=\"caption-attachment-7\" class=\"wp-caption-text\">FI&amp;EE Mva\/Ch Sno Camps Adhara<\/p><\/div>\n<p>Lonkat\/HD: B\/B<\/p>\n<p>ED:0\/0<\/p>\n<p>Silm\u00e4t: Terveet\/clear 4\/2021<\/p>\n<p>PN-Normal ( vanhempien kautta\/clear by parentage)<\/p>\n<p>LC: Normaali turkki, normal coat<\/p>\n<p><a href=\"http:\/\/jalostus.kennelliitto.fi\/frmKoira.aspx?RekNo=FI51642%2F13&amp;R=243\">Sukutaulu\/pedigree<\/a><\/p>\n<p>&#8221;Tatqiq&#8221;on iloinen el\u00e4kel\u00e4inen, joka nauttii leppoisista p\u00e4ivist\u00e4. Se\u00a0j\u00e4i aikanaan Adharan toisesta pentueesta kotiin j\u00e4tetty valjakon vahvistukseksi. Ajatuksena oli saada uutta vetovoimaa valjakkoon, vanhentuvien urosten rinnalle. Tatqiq opettelikin valjakon alkeita Kunikin ja Kamin opissa vuoden 2014 aikana ja osoittautui reippaaksi vetokoiraksi.<\/p>\n<p>Tatqiq kehittyi hitaasti mutta varmasti, ja saavutti Suomen muotovalion arvon 2017 ja Viron vuonna 2018. My\u00f6hemmin saavutti my\u00f6s veteraanivalion tittelin.\u00a0 Tatqiqilla on kolme pentuetta.<\/p>\n<div id=\"attachment_117\" style=\"width: 310px\" class=\"wp-caption alignnone\"><a href=\"https:\/\/bearvvis.com\/wp-content\/uploads\/2014\/07\/m\u00e4ts\u00e4ri-kuvia-2014-024.jpg\"><img loading=\"lazy\" decoding=\"async\" aria-describedby=\"caption-attachment-117\" class=\"wp-image-117 size-medium\" src=\"https:\/\/bearvvis.com\/wp-content\/uploads\/2014\/07\/m\u00e4ts\u00e4ri-kuvia-2014-024-300x200.jpg\" alt=\"m\u00e4ts\u00e4ri kuvia 2014 024\" width=\"300\" height=\"200\" srcset=\"https:\/\/bearvvis.com\/wp-content\/uploads\/2014\/07\/m\u00e4ts\u00e4ri-kuvia-2014-024-300x200.jpg 300w, https:\/\/bearvvis.com\/wp-content\/uploads\/2014\/07\/m\u00e4ts\u00e4ri-kuvia-2014-024-1024x682.jpg 1024w, https:\/\/bearvvis.com\/wp-content\/uploads\/2014\/07\/m\u00e4ts\u00e4ri-kuvia-2014-024-624x416.jpg 624w\" sizes=\"auto, (max-width: 300px) 100vw, 300px\" \/><\/a><p id=\"caption-attachment-117\" class=\"wp-caption-text\"><a href=\"https:\/\/bearvvis.com\/wp-content\/uploads\/2014\/07\/m\u00e4ts\u00e4ri-kuvia-2014-032.jpg\"><img loading=\"lazy\" decoding=\"async\" class=\"alignnone size-medium wp-image-116\" src=\"https:\/\/bearvvis.com\/wp-content\/uploads\/2014\/07\/m\u00e4ts\u00e4ri-kuvia-2014-032-200x300.jpg\" alt=\"m\u00e4ts\u00e4ri kuvia 2014 032\" width=\"200\" height=\"300\" srcset=\"https:\/\/bearvvis.com\/wp-content\/uploads\/2014\/07\/m\u00e4ts\u00e4ri-kuvia-2014-032-200x300.jpg 200w, https:\/\/bearvvis.com\/wp-content\/uploads\/2014\/07\/m\u00e4ts\u00e4ri-kuvia-2014-032-682x1024.jpg 682w, https:\/\/bearvvis.com\/wp-content\/uploads\/2014\/07\/m\u00e4ts\u00e4ri-kuvia-2014-032-624x936.jpg 624w\" sizes=\"auto, (max-width: 200px) 100vw, 200px\" \/><\/a> Tatqiq 8 kk\/months<a href=\"https:\/\/bearvvis.com\/wp-content\/uploads\/2014\/07\/Messari-2014-091.jpg\"><img loading=\"lazy\" decoding=\"async\" class=\"alignnone size-medium wp-image-185\" src=\"https:\/\/bearvvis.com\/wp-content\/uploads\/2014\/07\/Messari-2014-091-300x200.jpg\" alt=\"Messari 2014 091\" width=\"300\" height=\"200\" srcset=\"https:\/\/bearvvis.com\/wp-content\/uploads\/2014\/07\/Messari-2014-091-300x200.jpg 300w, https:\/\/bearvvis.com\/wp-content\/uploads\/2014\/07\/Messari-2014-091-1024x682.jpg 1024w, https:\/\/bearvvis.com\/wp-content\/uploads\/2014\/07\/Messari-2014-091-624x416.jpg 624w\" sizes=\"auto, (max-width: 300px) 100vw, 300px\" \/><\/a><\/p><\/div>\n","protected":false},"excerpt":{"rendered":"<p>Syntynyt\/born 10.9.2013 Is\u00e4\/sire: Eyh Mr Bear Of Greystone Shadow Em\u00e4\/dam: FI&amp;EE Mva\/Ch Sno Camps Adhara Lonkat\/HD: B\/B ED:0\/0 Silm\u00e4t: Terveet\/clear 4\/2021 PN-Normal ( vanhempien kautta\/clear by parentage) LC: Normaali turkki, normal coat Sukutaulu\/pedigree &#8221;Tatqiq&#8221;on iloinen el\u00e4kel\u00e4inen, joka nauttii leppoisista p\u00e4ivist\u00e4. Se\u00a0j\u00e4i aikanaan Adharan toisesta pentueesta kotiin j\u00e4tetty valjakon vahvistukseksi. Ajatuksena oli saada uutta vetovoimaa valjakkoon, [&hellip;]<\/p>\n","protected":false},"author":1,"featured_media":0,"parent":16,"menu_order":2,"comment_status":"closed","ping_status":"open","template":"","meta":{"footnotes":""},"class_list":["post-88","page","type-page","status-publish","hentry"],"_links":{"self":[{"href":"https:\/\/bearvvis.com\/index.php?rest_route=\/wp\/v2\/pages\/88","targetHints":{"allow":["GET"]}}],"collection":[{"href":"https:\/\/bearvvis.com\/index.php?rest_route=\/wp\/v2\/pages"}],"about":[{"href":"https:\/\/bearvvis.com\/index.php?rest_route=\/wp\/v2\/types\/page"}],"author":[{"embeddable":true,"href":"https:\/\/bearvvis.com\/index.php?rest_route=\/wp\/v2\/users\/1"}],"replies":[{"embeddable":true,"href":"https:\/\/bearvvis.com\/index.php?rest_route=%2Fwp%2Fv2%2Fcomments&post=88"}],"version-history":[{"count":30,"href":"https:\/\/bearvvis.com\/index.php?rest_route=\/wp\/v2\/pages\/88\/revisions"}],"predecessor-version":[{"id":2324,"href":"https:\/\/bearvvis.com\/index.php?rest_route=\/wp\/v2\/pages\/88\/revisions\/2324"}],"up":[{"embeddable":true,"href":"https:\/\/bearvvis.com\/index.php?rest_route=\/wp\/v2\/pages\/16"}],"wp:attachment":[{"href":"https:\/\/bearvvis.com\/index.php?rest_route=%2Fwp%2Fv2%2Fmedia&parent=88"}],"curies":[{"name":"wp","href":"https:\/\/api.w.org\/{rel}","templated":true}]}}