{"id":963,"date":"2019-08-19T05:34:31","date_gmt":"2019-08-19T05:34:31","guid":{"rendered":"http:\/\/bearvvis.com\/?page_id=963"},"modified":"2026-02-17T12:49:47","modified_gmt":"2026-02-17T12:49:47","slug":"fi-bluefairies-tuiskutiuku","status":"publish","type":"page","link":"https:\/\/bearvvis.com\/?page_id=963","title":{"rendered":"FI* Bluefairies Tuisku&#8221;Tiuku&#8221;"},"content":{"rendered":"<p><a href=\"https:\/\/bearvvis.com\/wp-content\/uploads\/2019\/01\/IMG_2284.jpg\"><img loading=\"lazy\" decoding=\"async\" class=\"alignnone size-medium wp-image-900\" src=\"https:\/\/bearvvis.com\/wp-content\/uploads\/2019\/01\/IMG_2284-300x200.jpg\" alt=\"\" width=\"300\" height=\"200\" srcset=\"https:\/\/bearvvis.com\/wp-content\/uploads\/2019\/01\/IMG_2284-300x200.jpg 300w, https:\/\/bearvvis.com\/wp-content\/uploads\/2019\/01\/IMG_2284-768x512.jpg 768w, https:\/\/bearvvis.com\/wp-content\/uploads\/2019\/01\/IMG_2284-1024x683.jpg 1024w\" sizes=\"auto, (max-width: 300px) 100vw, 300px\" \/><\/a><\/p>\n<p>Syntynyt\/born;\u00a0<span id=\"cphContent_perustiedot_cSyntymaaika\">4.3.2017<\/span><\/p>\n<p>Rek;<span id=\"cphContent_perustiedot_cRekisterinumeroTaysi\">FI SK LO 1716276<\/span><\/p>\n<p>EMS: Sib n 24<\/p>\n<p>V\u00e4ri: Ruskeat\u00e4plik\u00e4s<\/p>\n<p>Veriryhm\u00e4: A<\/p>\n<p>FeLV\/FIV Neg.<\/p>\n<p>HCM: Normal<\/p>\n<p>PKD: Normal<\/p>\n<p>Is\u00e4\/sire:\u00a0<a id=\"cphContent_perustiedot_lnkIsa\" href=\"http:\/\/kissat.kissaliitto.fi\/perusnaytto_kissa.aspx?id=8343&amp;returnUrl=perusnaytto_kissa.aspx?id=185182\">FIN SRK LO 77638 FIN*Zigwan&#8217;s Gaigil Herguil SIB n 23<\/a><\/p>\n<p>Em\u00e4\/dam:\u00a0<a id=\"cphContent_perustiedot_lnkEmo\" href=\"http:\/\/kissat.kissaliitto.fi\/perusnaytto_kissa.aspx?id=164825&amp;returnUrl=perusnaytto_kissa.aspx?id=185182\">FI SK RX 1510113 FI*M\u00e4ntyl\u00e4n Sarmi SIB a 24<\/a><\/p>\n<p>Tiuku on ensimm\u00e4inen Siperiankissamme. Luonteeltaan seurallinen, ajoittain syliss\u00e4 viihtyv\u00e4 ja hyvin voimakasvaistoinen. Tiukulla on kolme pentuetta (2019 &amp; 2020&amp;2021) , josta ensimm\u00e4isest\u00e4 kotiin j\u00e4i\u00a0 Theo poika ja toisesta tytt\u00e4ren luo sijoitukseen Olga tytt\u00f6. Tiukulle ei ole en\u00e4\u00e4 suunnitteilla pentueita. Seuraavat suunnitelmat oli tytt\u00e4relle Olgalle. Valitettavasti Olgalle kuitenkin iski kohtutulehdus, kun sit\u00e4 oltiin astuttamassa ja niin j\u00e4i pentuhaaveet.<\/p>\n","protected":false},"excerpt":{"rendered":"<p>Syntynyt\/born;\u00a04.3.2017 Rek;FI SK LO 1716276 EMS: Sib n 24 V\u00e4ri: Ruskeat\u00e4plik\u00e4s Veriryhm\u00e4: A FeLV\/FIV Neg. HCM: Normal PKD: Normal Is\u00e4\/sire:\u00a0FIN SRK LO 77638 FIN*Zigwan&#8217;s Gaigil Herguil SIB n 23 Em\u00e4\/dam:\u00a0FI SK RX 1510113 FI*M\u00e4ntyl\u00e4n Sarmi SIB a 24 Tiuku on ensimm\u00e4inen Siperiankissamme. Luonteeltaan seurallinen, ajoittain syliss\u00e4 viihtyv\u00e4 ja hyvin voimakasvaistoinen. Tiukulla on kolme pentuetta (2019 [&hellip;]<\/p>\n","protected":false},"author":1,"featured_media":0,"parent":891,"menu_order":0,"comment_status":"closed","ping_status":"closed","template":"","meta":{"footnotes":""},"class_list":["post-963","page","type-page","status-publish","hentry"],"_links":{"self":[{"href":"https:\/\/bearvvis.com\/index.php?rest_route=\/wp\/v2\/pages\/963","targetHints":{"allow":["GET"]}}],"collection":[{"href":"https:\/\/bearvvis.com\/index.php?rest_route=\/wp\/v2\/pages"}],"about":[{"href":"https:\/\/bearvvis.com\/index.php?rest_route=\/wp\/v2\/types\/page"}],"author":[{"embeddable":true,"href":"https:\/\/bearvvis.com\/index.php?rest_route=\/wp\/v2\/users\/1"}],"replies":[{"embeddable":true,"href":"https:\/\/bearvvis.com\/index.php?rest_route=%2Fwp%2Fv2%2Fcomments&post=963"}],"version-history":[{"count":5,"href":"https:\/\/bearvvis.com\/index.php?rest_route=\/wp\/v2\/pages\/963\/revisions"}],"predecessor-version":[{"id":2432,"href":"https:\/\/bearvvis.com\/index.php?rest_route=\/wp\/v2\/pages\/963\/revisions\/2432"}],"up":[{"embeddable":true,"href":"https:\/\/bearvvis.com\/index.php?rest_route=\/wp\/v2\/pages\/891"}],"wp:attachment":[{"href":"https:\/\/bearvvis.com\/index.php?rest_route=%2Fwp%2Fv2%2Fmedia&parent=963"}],"curies":[{"name":"wp","href":"https:\/\/api.w.org\/{rel}","templated":true}]}}