{"id":975,"date":"2019-08-23T05:38:31","date_gmt":"2019-08-23T05:38:31","guid":{"rendered":"http:\/\/bearvvis.com\/?page_id=975"},"modified":"2025-06-18T05:05:19","modified_gmt":"2025-06-18T05:05:19","slug":"bearvvis-nallinak-naligak-nuuk","status":"publish","type":"page","link":"https:\/\/bearvvis.com\/?page_id=975","title":{"rendered":"C.I.B,FI &amp; EE &amp; LT&amp; DK Mva\/CH, EE Jmva\/Jch Bearvvis Nallinak Naligak &#8221;Nook&#8221;"},"content":{"rendered":"<div id=\"attachment_1032\" style=\"width: 310px\" class=\"wp-caption alignnone\"><a href=\"https:\/\/bearvvis.com\/wp-content\/uploads\/2019\/12\/nook2-7kk.jpg\"><img loading=\"lazy\" decoding=\"async\" aria-describedby=\"caption-attachment-1032\" class=\"wp-image-1032 size-medium\" src=\"https:\/\/bearvvis.com\/wp-content\/uploads\/2019\/12\/nook2-7kk-300x200.jpg\" alt=\"\" width=\"300\" height=\"200\" srcset=\"https:\/\/bearvvis.com\/wp-content\/uploads\/2019\/12\/nook2-7kk-300x200.jpg 300w, https:\/\/bearvvis.com\/wp-content\/uploads\/2019\/12\/nook2-7kk-768x512.jpg 768w, https:\/\/bearvvis.com\/wp-content\/uploads\/2019\/12\/nook2-7kk-1024x683.jpg 1024w\" sizes=\"auto, (max-width: 300px) 100vw, 300px\" \/><\/a><p id=\"caption-attachment-1032\" class=\"wp-caption-text\">Nook 7 kk<\/p><\/div>\n<p><a href=\"https:\/\/bearvvis.com\/wp-content\/uploads\/2019\/08\/IMG_4157.jpg\"><img loading=\"lazy\" decoding=\"async\" class=\"alignnone size-medium wp-image-976\" src=\"https:\/\/bearvvis.com\/wp-content\/uploads\/2019\/08\/IMG_4157-300x200.jpg\" alt=\"\" width=\"300\" height=\"200\" srcset=\"https:\/\/bearvvis.com\/wp-content\/uploads\/2019\/08\/IMG_4157-300x200.jpg 300w, https:\/\/bearvvis.com\/wp-content\/uploads\/2019\/08\/IMG_4157-768x512.jpg 768w, https:\/\/bearvvis.com\/wp-content\/uploads\/2019\/08\/IMG_4157-1024x683.jpg 1024w\" sizes=\"auto, (max-width: 300px) 100vw, 300px\" \/><\/a><\/p>\n<p>Synt.\/born\u00a03.5.2019<u><\/u><\/p>\n<p>Is\u00e4: BIS FI &amp;EE Mva\/ch, EE Jmva(jch) Bearvvis Be Northern Explorer<\/p>\n<p>Em\u00e4: FI &amp; EE Mva\/ch Bearvvis Nana\u00b4s First<\/p>\n<p>Silm\u00e4t\/eyes: 4\/2025 Ok<\/p>\n<p>HD:B\/A<\/p>\n<p>ED:0\/0<\/p>\n<p>PN-Normal ( vanhempien kautta\/clear by parentage)<\/p>\n<p><a href=\"ttps:\/\/jalostus.kennelliitto.fi\/frmKoira.aspx?RekNo=FI29254%2F19&amp;R=243\">Sukutaulu:<\/a><\/p>\n<p>Nook on Nafin viimeisest\u00e4 pentueesta kotiin j\u00e4tetty valjakon vahvistus, vanhenevien urosten ty\u00f6n jatkajaksi. Nook on rauhallinen, joustava ja iloinen uros ,joka on saanut kauniita arvosteluja n\u00e4yttelyist\u00e4 ja valioitui heti 2-vuotiaana. Nookin seuraava tavoite oli kansainv\u00e4linen muotovalion arvo, joka saavutettiin heti tammmikuussa Kaunasin kansainv\u00e4lisess\u00e4 n\u00e4yttelyss\u00e4 , jossa Nook oli hienosti Rop.\u00a0 Nookille suunnitellaan joitakin n\u00e4yttelyit\u00e4 vuodelle -25<\/p>\n<p>Nook BIS 2 pikku pentu Rakvere (19.10. 2019) Ja RYP 4 Virossa Tarton n\u00e4yttelyss\u00e4 (7.11.2021).<\/p>\n<p>Nookilla on on yksi pentue omassa kenneliss\u00e4, joista kotona on hienot &#8221;Snoopy&#8221; ja &#8221;Snuuli &#8221;.<\/p>\n\n\n<figure class=\"wp-block-gallery has-nested-images columns-default is-cropped wp-block-gallery-1 is-layout-flex wp-block-gallery-is-layout-flex\">\n<figure class=\"wp-block-image size-large\"><a href=\"https:\/\/bearvvis.com\/wp-content\/uploads\/2022\/05\/nook-scaled.jpg\"><img loading=\"lazy\" decoding=\"async\" width=\"1024\" height=\"683\" data-id=\"1575\" src=\"https:\/\/bearvvis.com\/wp-content\/uploads\/2022\/05\/nook-1024x683.jpg\" alt=\"\" class=\"wp-image-1575\" srcset=\"https:\/\/bearvvis.com\/wp-content\/uploads\/2022\/05\/nook-1024x683.jpg 1024w, https:\/\/bearvvis.com\/wp-content\/uploads\/2022\/05\/nook-300x200.jpg 300w, https:\/\/bearvvis.com\/wp-content\/uploads\/2022\/05\/nook-768x512.jpg 768w, https:\/\/bearvvis.com\/wp-content\/uploads\/2022\/05\/nook-1536x1024.jpg 1536w, https:\/\/bearvvis.com\/wp-content\/uploads\/2022\/05\/nook-2048x1365.jpg 2048w\" sizes=\"auto, (max-width: 1024px) 100vw, 1024px\" \/><\/a><figcaption class=\"wp-element-caption\">Hauskaa menoa<\/figcaption><\/figure>\n\n\n\n<figure class=\"wp-block-image size-large\"><a href=\"https:\/\/bearvvis.com\/wp-content\/uploads\/2022\/05\/Nook-rakvere-scaled.jpg\"><img loading=\"lazy\" decoding=\"async\" width=\"1024\" height=\"683\" data-id=\"1576\" src=\"https:\/\/bearvvis.com\/wp-content\/uploads\/2022\/05\/Nook-rakvere-1024x683.jpg\" alt=\"\" class=\"wp-image-1576\" srcset=\"https:\/\/bearvvis.com\/wp-content\/uploads\/2022\/05\/Nook-rakvere-1024x683.jpg 1024w, https:\/\/bearvvis.com\/wp-content\/uploads\/2022\/05\/Nook-rakvere-300x200.jpg 300w, https:\/\/bearvvis.com\/wp-content\/uploads\/2022\/05\/Nook-rakvere-768x512.jpg 768w, https:\/\/bearvvis.com\/wp-content\/uploads\/2022\/05\/Nook-rakvere-1536x1024.jpg 1536w, https:\/\/bearvvis.com\/wp-content\/uploads\/2022\/05\/Nook-rakvere-2048x1365.jpg 2048w\" sizes=\"auto, (max-width: 1024px) 100vw, 1024px\" \/><\/a><figcaption class=\"wp-element-caption\">Nook Rakveressa syksyll\u00e4 2021<\/figcaption><\/figure>\n\n\n\n<figure class=\"wp-block-image size-large\"><a href=\"https:\/\/bearvvis.com\/wp-content\/uploads\/2022\/05\/Nook-ahvenanmaa.jpg\"><img loading=\"lazy\" decoding=\"async\" width=\"1024\" height=\"726\" data-id=\"1577\" src=\"https:\/\/bearvvis.com\/wp-content\/uploads\/2022\/05\/Nook-ahvenanmaa-1024x726.jpg\" alt=\"\" class=\"wp-image-1577\" srcset=\"https:\/\/bearvvis.com\/wp-content\/uploads\/2022\/05\/Nook-ahvenanmaa-1024x726.jpg 1024w, https:\/\/bearvvis.com\/wp-content\/uploads\/2022\/05\/Nook-ahvenanmaa-300x213.jpg 300w, https:\/\/bearvvis.com\/wp-content\/uploads\/2022\/05\/Nook-ahvenanmaa-768x545.jpg 768w, https:\/\/bearvvis.com\/wp-content\/uploads\/2022\/05\/Nook-ahvenanmaa-1536x1090.jpg 1536w, https:\/\/bearvvis.com\/wp-content\/uploads\/2022\/05\/Nook-ahvenanmaa-2048x1453.jpg 2048w\" sizes=\"auto, (max-width: 1024px) 100vw, 1024px\" \/><\/a><figcaption class=\"wp-element-caption\">Nook Ahvenanmaalla syyskuussa 2021<\/figcaption><\/figure>\n\n\n\n<figure class=\"wp-block-image size-large\"><a href=\"https:\/\/bearvvis.com\/wp-content\/uploads\/2022\/05\/Nook-huhtikuu-2020-scaled.jpg\"><img loading=\"lazy\" decoding=\"async\" width=\"1024\" height=\"671\" data-id=\"1578\" src=\"https:\/\/bearvvis.com\/wp-content\/uploads\/2022\/05\/Nook-huhtikuu-2020-1024x671.jpg\" alt=\"\" class=\"wp-image-1578\" srcset=\"https:\/\/bearvvis.com\/wp-content\/uploads\/2022\/05\/Nook-huhtikuu-2020-1024x671.jpg 1024w, https:\/\/bearvvis.com\/wp-content\/uploads\/2022\/05\/Nook-huhtikuu-2020-300x197.jpg 300w, https:\/\/bearvvis.com\/wp-content\/uploads\/2022\/05\/Nook-huhtikuu-2020-768x503.jpg 768w, https:\/\/bearvvis.com\/wp-content\/uploads\/2022\/05\/Nook-huhtikuu-2020-1536x1006.jpg 1536w, https:\/\/bearvvis.com\/wp-content\/uploads\/2022\/05\/Nook-huhtikuu-2020-2048x1342.jpg 2048w\" sizes=\"auto, (max-width: 1024px) 100vw, 1024px\" \/><\/a><figcaption class=\"wp-element-caption\">Huhtikuu 2020<\/figcaption><\/figure>\n<\/figure>\n\n\n\n<figure class=\"wp-block-image size-large is-resized\"><a href=\"https:\/\/bearvvis.com\/wp-content\/uploads\/2024\/10\/Nook-huuru.jpg\"><img loading=\"lazy\" decoding=\"async\" width=\"519\" height=\"1024\" src=\"https:\/\/bearvvis.com\/wp-content\/uploads\/2024\/10\/Nook-huuru-519x1024.jpg\" alt=\"\" class=\"wp-image-2141\" style=\"width:336px;height:auto\" srcset=\"https:\/\/bearvvis.com\/wp-content\/uploads\/2024\/10\/Nook-huuru-519x1024.jpg 519w, https:\/\/bearvvis.com\/wp-content\/uploads\/2024\/10\/Nook-huuru-152x300.jpg 152w, https:\/\/bearvvis.com\/wp-content\/uploads\/2024\/10\/Nook-huuru-768x1515.jpg 768w, https:\/\/bearvvis.com\/wp-content\/uploads\/2024\/10\/Nook-huuru-779x1536.jpg 779w, https:\/\/bearvvis.com\/wp-content\/uploads\/2024\/10\/Nook-huuru-600x1184.jpg 600w, https:\/\/bearvvis.com\/wp-content\/uploads\/2024\/10\/Nook-huuru.jpg 1038w\" sizes=\"auto, (max-width: 519px) 100vw, 519px\" \/><\/a><\/figure>\n\n\n\n<p><\/p>\n\n\n\n<figure class=\"wp-block-image size-large is-resized\"><a href=\"https:\/\/bearvvis.com\/wp-content\/uploads\/2024\/10\/Nook-viro-mamman-kans.jpg\"><img loading=\"lazy\" decoding=\"async\" width=\"1024\" height=\"655\" src=\"https:\/\/bearvvis.com\/wp-content\/uploads\/2024\/10\/Nook-viro-mamman-kans-1024x655.jpg\" alt=\"\" class=\"wp-image-2142\" style=\"width:571px;height:auto\" srcset=\"https:\/\/bearvvis.com\/wp-content\/uploads\/2024\/10\/Nook-viro-mamman-kans-1024x655.jpg 1024w, https:\/\/bearvvis.com\/wp-content\/uploads\/2024\/10\/Nook-viro-mamman-kans-300x192.jpg 300w, https:\/\/bearvvis.com\/wp-content\/uploads\/2024\/10\/Nook-viro-mamman-kans-768x491.jpg 768w, https:\/\/bearvvis.com\/wp-content\/uploads\/2024\/10\/Nook-viro-mamman-kans-600x384.jpg 600w, https:\/\/bearvvis.com\/wp-content\/uploads\/2024\/10\/Nook-viro-mamman-kans.jpg 1080w\" sizes=\"auto, (max-width: 1024px) 100vw, 1024px\" \/><\/a><\/figure>\n","protected":false},"excerpt":{"rendered":"<p>Synt.\/born\u00a03.5.2019 Is\u00e4: BIS FI &amp;EE Mva\/ch, EE Jmva(jch) Bearvvis Be Northern Explorer Em\u00e4: FI &amp; EE Mva\/ch Bearvvis Nana\u00b4s First Silm\u00e4t\/eyes: 4\/2025 Ok HD:B\/A ED:0\/0 PN-Normal ( vanhempien kautta\/clear by parentage) Sukutaulu: Nook on Nafin viimeisest\u00e4 pentueesta kotiin j\u00e4tetty valjakon vahvistus, vanhenevien urosten ty\u00f6n jatkajaksi. Nook on rauhallinen, joustava ja iloinen uros ,joka on saanut [&hellip;]<\/p>\n","protected":false},"author":1,"featured_media":0,"parent":16,"menu_order":5,"comment_status":"closed","ping_status":"closed","template":"","meta":{"footnotes":""},"class_list":["post-975","page","type-page","status-publish","hentry"],"_links":{"self":[{"href":"https:\/\/bearvvis.com\/index.php?rest_route=\/wp\/v2\/pages\/975","targetHints":{"allow":["GET"]}}],"collection":[{"href":"https:\/\/bearvvis.com\/index.php?rest_route=\/wp\/v2\/pages"}],"about":[{"href":"https:\/\/bearvvis.com\/index.php?rest_route=\/wp\/v2\/types\/page"}],"author":[{"embeddable":true,"href":"https:\/\/bearvvis.com\/index.php?rest_route=\/wp\/v2\/users\/1"}],"replies":[{"embeddable":true,"href":"https:\/\/bearvvis.com\/index.php?rest_route=%2Fwp%2Fv2%2Fcomments&post=975"}],"version-history":[{"count":26,"href":"https:\/\/bearvvis.com\/index.php?rest_route=\/wp\/v2\/pages\/975\/revisions"}],"predecessor-version":[{"id":2333,"href":"https:\/\/bearvvis.com\/index.php?rest_route=\/wp\/v2\/pages\/975\/revisions\/2333"}],"up":[{"embeddable":true,"href":"https:\/\/bearvvis.com\/index.php?rest_route=\/wp\/v2\/pages\/16"}],"wp:attachment":[{"href":"https:\/\/bearvvis.com\/index.php?rest_route=%2Fwp%2Fv2%2Fmedia&parent=975"}],"curies":[{"name":"wp","href":"https:\/\/api.w.org\/{rel}","templated":true}]}}